{"id":2364,"date":"2025-02-14T11:38:40","date_gmt":"2025-02-14T14:38:40","guid":{"rendered":"https:\/\/www.acquavici.com.br\/?post_type=product&#038;p=2364"},"modified":"2025-02-14T11:38:40","modified_gmt":"2025-02-14T14:38:40","slug":"helice-pas-ventilador-ventisol-steel-6-pas-50cm-preto","status":"publish","type":"product","link":"https:\/\/www.acquavici.com.br\/en\/helice-pas-ventilador-ventisol-steel-6-pas-50cm-preto\/","title":{"rendered":"H\u00e9lice P\u00e1s Ventilador Ventisol Steel 6 P\u00e1s 50cm Preto"},"content":{"rendered":"<p>H\u00e9lice P\u00e1s Ventilador Ventisol Steel 6 P\u00e1s 50cm Preto<\/p>\n<p>H\u00e9lice Com 6 P\u00e1s Para Ventilador Ventisol Steel<br \/>\nModelo: Steel 50cm<br \/>\nMaterial: Pl\u00e1stico<br \/>\nCor: Preto<br \/>\nMedida do eixo: 1cm<br \/>\nProduto novo e original Ventisol<\/p>\n<p>Itens inclusos:<br \/>\nH\u00e9lice P\u00e1s Ventilador Ventisol Steel 6 P\u00e1s 50cm Preto<\/p>\n<p>Enviado com Nota Fiscal.<\/p>\n<p>SOMOS ASSIST\u00caNCIA T\u00c9CNICA AUTORIZADA VENTISOL.<\/p>","protected":false},"excerpt":{"rendered":"<p>H\u00e9lice P\u00e1s Ventilador Ventisol Steel 6 P\u00e1s 50cm Preto H\u00e9lice Com 6 P\u00e1s Para Ventilador Ventisol Steel Modelo: Steel 50cm Material: Pl\u00e1stico Cor: Preto Medida do eixo: 1cm Produto novo e original Ventisol Itens inclusos: H\u00e9lice P\u00e1s Ventilador Ventisol Steel 6 P\u00e1s 50cm Preto Enviado com Nota Fiscal. SOMOS ASSIST\u00caNCIA T\u00c9CNICA AUTORIZADA VENTISOL.<\/p>","protected":false},"featured_media":2365,"comment_status":"closed","ping_status":"closed","template":"","meta":[],"product_brand":[],"product_cat":[32],"product_tag":[],"class_list":{"0":"post-2364","1":"product","2":"type-product","3":"status-publish","4":"has-post-thumbnail","6":"product_cat-ventilador-de-coluna","8":"first","9":"instock","10":"shipping-taxable","11":"purchasable","12":"product-type-simple"},"_links":{"self":[{"href":"https:\/\/www.acquavici.com.br\/en\/wp-json\/wp\/v2\/product\/2364","targetHints":{"allow":["GET"]}}],"collection":[{"href":"https:\/\/www.acquavici.com.br\/en\/wp-json\/wp\/v2\/product"}],"about":[{"href":"https:\/\/www.acquavici.com.br\/en\/wp-json\/wp\/v2\/types\/product"}],"replies":[{"embeddable":true,"href":"https:\/\/www.acquavici.com.br\/en\/wp-json\/wp\/v2\/comments?post=2364"}],"wp:featuredmedia":[{"embeddable":true,"href":"https:\/\/www.acquavici.com.br\/en\/wp-json\/wp\/v2\/media\/2365"}],"wp:attachment":[{"href":"https:\/\/www.acquavici.com.br\/en\/wp-json\/wp\/v2\/media?parent=2364"}],"wp:term":[{"taxonomy":"product_brand","embeddable":true,"href":"https:\/\/www.acquavici.com.br\/en\/wp-json\/wp\/v2\/product_brand?post=2364"},{"taxonomy":"product_cat","embeddable":true,"href":"https:\/\/www.acquavici.com.br\/en\/wp-json\/wp\/v2\/product_cat?post=2364"},{"taxonomy":"product_tag","embeddable":true,"href":"https:\/\/www.acquavici.com.br\/en\/wp-json\/wp\/v2\/product_tag?post=2364"}],"curies":[{"name":"wp","href":"https:\/\/api.w.org\/{rel}","templated":true}]}}