{"id":2373,"date":"2025-02-14T12:00:42","date_gmt":"2025-02-14T15:00:42","guid":{"rendered":"https:\/\/www.acquavici.com.br\/?post_type=product&#038;p=2373"},"modified":"2025-02-14T12:00:42","modified_gmt":"2025-02-14T15:00:42","slug":"helice-ventilador-ventisol-40cm-turbo-6-pas-preto","status":"publish","type":"product","link":"https:\/\/www.acquavici.com.br\/en\/helice-ventilador-ventisol-40cm-turbo-6-pas-preto\/","title":{"rendered":"Helice Ventilador Ventisol 40cm Turbo 6 P\u00e1s Preto"},"content":{"rendered":"<p>H\u00e9lice Ventilador Ventisol 40cm Turbo 6 P\u00e1s Cinza<\/p>\n<p>H\u00e9lice Com 6 P\u00e1s Para Ventilador Ventisol<br \/>\nModelo: 40cm<br \/>\nMaterial: Pl\u00e1stico<br \/>\nCor: Preto<br \/>\nMedida do eixo: 1cm<br \/>\nProduto novo e original Ventisol<\/p>\n<p>Itens inclusos:<br \/>\nH\u00e9lice Ventilador Ventisol 40cm Turbo 6 P\u00e1s Preto<\/p>\n<p>Enviado com Nota Fiscal.<\/p>\n<p>SOMOS ASSIST\u00caNCIA T\u00c9CNICA AUTORIZADA VENTISOL.<\/p>","protected":false},"excerpt":{"rendered":"<p>H\u00e9lice Ventilador Ventisol 40cm Turbo 6 P\u00e1s Cinza H\u00e9lice Com 6 P\u00e1s Para Ventilador Ventisol Modelo: 40cm Material: Pl\u00e1stico Cor: Preto Medida do eixo: 1cm Produto novo e original Ventisol Itens inclusos: H\u00e9lice Ventilador Ventisol 40cm Turbo 6 P\u00e1s Preto Enviado com Nota Fiscal. SOMOS ASSIST\u00caNCIA T\u00c9CNICA AUTORIZADA VENTISOL.<\/p>","protected":false},"featured_media":2378,"comment_status":"closed","ping_status":"closed","template":"","meta":[],"product_brand":[],"product_cat":[32],"product_tag":[],"class_list":{"0":"post-2373","1":"product","2":"type-product","3":"status-publish","4":"has-post-thumbnail","6":"product_cat-ventilador-de-coluna","8":"first","9":"instock","10":"shipping-taxable","11":"purchasable","12":"product-type-simple"},"_links":{"self":[{"href":"https:\/\/www.acquavici.com.br\/en\/wp-json\/wp\/v2\/product\/2373","targetHints":{"allow":["GET"]}}],"collection":[{"href":"https:\/\/www.acquavici.com.br\/en\/wp-json\/wp\/v2\/product"}],"about":[{"href":"https:\/\/www.acquavici.com.br\/en\/wp-json\/wp\/v2\/types\/product"}],"replies":[{"embeddable":true,"href":"https:\/\/www.acquavici.com.br\/en\/wp-json\/wp\/v2\/comments?post=2373"}],"wp:featuredmedia":[{"embeddable":true,"href":"https:\/\/www.acquavici.com.br\/en\/wp-json\/wp\/v2\/media\/2378"}],"wp:attachment":[{"href":"https:\/\/www.acquavici.com.br\/en\/wp-json\/wp\/v2\/media?parent=2373"}],"wp:term":[{"taxonomy":"product_brand","embeddable":true,"href":"https:\/\/www.acquavici.com.br\/en\/wp-json\/wp\/v2\/product_brand?post=2373"},{"taxonomy":"product_cat","embeddable":true,"href":"https:\/\/www.acquavici.com.br\/en\/wp-json\/wp\/v2\/product_cat?post=2373"},{"taxonomy":"product_tag","embeddable":true,"href":"https:\/\/www.acquavici.com.br\/en\/wp-json\/wp\/v2\/product_tag?post=2373"}],"curies":[{"name":"wp","href":"https:\/\/api.w.org\/{rel}","templated":true}]}}