{"id":2395,"date":"2025-04-29T15:58:20","date_gmt":"2025-04-29T18:58:20","guid":{"rendered":"https:\/\/www.acquavici.com.br\/?post_type=product&#038;p=2395"},"modified":"2025-04-29T15:58:20","modified_gmt":"2025-04-29T18:58:20","slug":"resistencia-chuveiro-acqua-ultra-220v-7800w-3065b-lorenzetti","status":"publish","type":"product","link":"https:\/\/www.acquavici.com.br\/en\/resistencia-chuveiro-acqua-ultra-220v-7800w-3065b-lorenzetti\/","title":{"rendered":"Resistencia Chuveiro Acqua Ultra 220v\/7800w 3065b Lorenzetti"},"content":{"rendered":"<p>Longa durabilidade e desempenho em compara\u00e7\u00e3o \u00e0s resist\u00eancias comuns.<br \/>\nMaterial: Cobre e ligas met\u00e1licas<br \/>\nCor: Cinza<br \/>\nEmbalagem: Caixa<br \/>\nCaracter\u00edsticas T\u00e9cnicas: Resist\u00eancia compat\u00edvel com os chuveiros Acqua Storm e Acqua Wave e com as duchas Acqua Jet e Acqua Star.<br \/>\nGarantia: 3 meses<br \/>\nBenef\u00edcios: Alta durabilidade<br \/>\nC\u00f3digo de Barras: 7896451864062<br \/>\nProduto: Resist\u00eancia<\/p>","protected":false},"excerpt":{"rendered":"<div id=\"header-octopus\" class=\"ui-pdp-container__row ui-pdp-container__row--header-octopus\">\n<div class=\"ui-pdp-header\">\n<div class=\"ui-pdp-header__title-container\">\n<h1 class=\"ui-pdp-title\">Resistencia Chuveiro Acqua Ultra 220v\/7800w 3065b Lorenzetti<\/h1>\n<\/div>\n<\/div>\n<\/div>\n<div id=\"price\" class=\"ui-pdp-container__row ui-pdp-container__row--price\">\n<div class=\"ui-pdp-price mt-16 ui-pdp-price--size-large\">\n<div class=\"ui-pdp-price__main-container\">\n<div class=\"ui-pdp-price__second-line\"><\/div>\n<\/div>\n<\/div>\n<\/div>","protected":false},"featured_media":2396,"comment_status":"open","ping_status":"closed","template":"","meta":[],"product_brand":[],"product_cat":[17],"product_tag":[],"class_list":{"0":"post-2395","1":"product","2":"type-product","3":"status-publish","4":"has-post-thumbnail","6":"product_cat-pecas-em-geral","8":"first","9":"instock","10":"shipping-taxable","11":"purchasable","12":"product-type-simple"},"_links":{"self":[{"href":"https:\/\/www.acquavici.com.br\/en\/wp-json\/wp\/v2\/product\/2395","targetHints":{"allow":["GET"]}}],"collection":[{"href":"https:\/\/www.acquavici.com.br\/en\/wp-json\/wp\/v2\/product"}],"about":[{"href":"https:\/\/www.acquavici.com.br\/en\/wp-json\/wp\/v2\/types\/product"}],"replies":[{"embeddable":true,"href":"https:\/\/www.acquavici.com.br\/en\/wp-json\/wp\/v2\/comments?post=2395"}],"wp:featuredmedia":[{"embeddable":true,"href":"https:\/\/www.acquavici.com.br\/en\/wp-json\/wp\/v2\/media\/2396"}],"wp:attachment":[{"href":"https:\/\/www.acquavici.com.br\/en\/wp-json\/wp\/v2\/media?parent=2395"}],"wp:term":[{"taxonomy":"product_brand","embeddable":true,"href":"https:\/\/www.acquavici.com.br\/en\/wp-json\/wp\/v2\/product_brand?post=2395"},{"taxonomy":"product_cat","embeddable":true,"href":"https:\/\/www.acquavici.com.br\/en\/wp-json\/wp\/v2\/product_cat?post=2395"},{"taxonomy":"product_tag","embeddable":true,"href":"https:\/\/www.acquavici.com.br\/en\/wp-json\/wp\/v2\/product_tag?post=2395"}],"curies":[{"name":"wp","href":"https:\/\/api.w.org\/{rel}","templated":true}]}}