{"id":2399,"date":"2025-05-02T08:29:56","date_gmt":"2025-05-02T11:29:56","guid":{"rendered":"https:\/\/www.acquavici.com.br\/?post_type=product&#038;p=2399"},"modified":"2025-05-02T08:29:56","modified_gmt":"2025-05-02T11:29:56","slug":"chuveiro-eletrico-hibrido-eletronico-com-visor-digital-127v-110v-5500w-preto-quadrado-ducali-premium-digital-zagonel","status":"publish","type":"product","link":"https:\/\/www.acquavici.com.br\/en\/chuveiro-eletrico-hibrido-eletronico-com-visor-digital-127v-110v-5500w-preto-quadrado-ducali-premium-digital-zagonel\/","title":{"rendered":"Chuveiro El\u00e9trico H\u00edbrido Eletr\u00f4nico com Visor Digital 127V (110V) 5500w Preto Quadrado Ducali Premium Digital Zagonel"},"content":{"rendered":"<ul>\n<li>\u2022 Controle preciso da temperatura, com visor digital<\/li>\n<li>\u2022 Mais economia de \u00e1gua: combina 2 tipos de aquecimento<\/li>\n<li>\u2022 Banho na temperatura ideal, com controle gradual eletr\u00f4nico<\/li>\n<li>\u2022 Instala\u00e7\u00e3o simplificada, com engate f\u00e1cil<\/li>\n<li>\u2022 Mais conveni\u00eancia, com troca f\u00e1cil da resist\u00eancia<\/li>\n<\/ul>","protected":false},"excerpt":{"rendered":"<div class=\"product-title-container\">\n<h1 class=\"product-title align-left color-text\">Chuveiro El\u00e9trico H\u00edbrido Eletr\u00f4nico com Visor Digital 127V (110V) 5500w Preto Quadrado Ducali Premium Digital Zagonel<\/h1>\n<\/div>\n<div class=\"badges-wrapper small color-default margin-bottom\">\n<div class=\"row-items\">\n<div class=\"item-stars\">\n<div data-pdp-review-popover=\"\" data-props=\"{&quot;productId&quot;:92242283}\" data-rcl-status=\"success\">\n<div class=\"flex f-items-[var(--f-items-initial)] sm:f-items-[var(--f-items-sm)] md:f-items-[var(--f-items-md)] lg:f-items-[var(--f-items-lg)] xl:f-items-[var(--f-items-xl)] 2xl:f-items-[var(--f-items-2xl)] f-direction-[var(--f-direction-initial)] sm:f-direction-[var(--f-direction-sm)] md:f-direction-[var(--f-direction-md)] lg:f-direction-[var(--f-direction-lg)] xl:f-direction-[var(--f-direction-xl)] 2xl:f-direction-[var(--f-direction-2xl)] gap-[var(--stack-spacing-initial)] sm:gap-[var(--stack-spacing-sm)] md:gap-[var(--stack-spacing-md)] lg:gap-[var(--stack-spacing-lg)] xl:gap-[var(--stack-spacing-xl)] 2xl:gap-[var(--stack-spacing-2xl)]\">\n<div class=\"flex f-direction-[var(--f-direction-initial)] sm:f-direction-[var(--f-direction-sm)] md:f-direction-[var(--f-direction-md)] lg:f-direction-[var(--f-direction-lg)] xl:f-direction-[var(--f-direction-xl)] 2xl:f-direction-[var(--f-direction-2xl)] gap-[var(--stack-spacing-initial)] sm:gap-[var(--stack-spacing-sm)] md:gap-[var(--stack-spacing-md)] lg:gap-[var(--stack-spacing-lg)] xl:gap-[var(--stack-spacing-xl)] 2xl:gap-[var(--stack-spacing-2xl)]\"><\/div>\n<div class=\"flex f-items-[var(--f-items-initial)] sm:f-items-[var(--f-items-sm)] md:f-items-[var(--f-items-md)] lg:f-items-[var(--f-items-lg)] xl:f-items-[var(--f-items-xl)] 2xl:f-items-[var(--f-items-2xl)] f-direction-[var(--f-direction-initial)] sm:f-direction-[var(--f-direction-sm)] md:f-direction-[var(--f-direction-md)] lg:f-direction-[var(--f-direction-lg)] xl:f-direction-[var(--f-direction-xl)] 2xl:f-direction-[var(--f-direction-2xl)] gap-[var(--stack-spacing-initial)] sm:gap-[var(--stack-spacing-sm)] md:gap-[var(--stack-spacing-md)] lg:gap-[var(--stack-spacing-lg)] xl:gap-[var(--stack-spacing-xl)] 2xl:gap-[var(--stack-spacing-2xl)]\">\n<p class=\"text-[var(--text-color)] font-[var(--text-weight)] text-lg block\">\n<\/div>\n<\/div>\n<\/div>\n<\/div>\n<\/div>\n<\/div>","protected":false},"featured_media":2400,"comment_status":"closed","ping_status":"closed","template":"","meta":[],"product_brand":[],"product_cat":[15],"product_tag":[],"class_list":{"0":"post-2399","1":"product","2":"type-product","3":"status-publish","4":"has-post-thumbnail","6":"product_cat-hidromassagem","8":"first","9":"instock","10":"shipping-taxable","11":"purchasable","12":"product-type-simple"},"_links":{"self":[{"href":"https:\/\/www.acquavici.com.br\/en\/wp-json\/wp\/v2\/product\/2399","targetHints":{"allow":["GET"]}}],"collection":[{"href":"https:\/\/www.acquavici.com.br\/en\/wp-json\/wp\/v2\/product"}],"about":[{"href":"https:\/\/www.acquavici.com.br\/en\/wp-json\/wp\/v2\/types\/product"}],"replies":[{"embeddable":true,"href":"https:\/\/www.acquavici.com.br\/en\/wp-json\/wp\/v2\/comments?post=2399"}],"wp:featuredmedia":[{"embeddable":true,"href":"https:\/\/www.acquavici.com.br\/en\/wp-json\/wp\/v2\/media\/2400"}],"wp:attachment":[{"href":"https:\/\/www.acquavici.com.br\/en\/wp-json\/wp\/v2\/media?parent=2399"}],"wp:term":[{"taxonomy":"product_brand","embeddable":true,"href":"https:\/\/www.acquavici.com.br\/en\/wp-json\/wp\/v2\/product_brand?post=2399"},{"taxonomy":"product_cat","embeddable":true,"href":"https:\/\/www.acquavici.com.br\/en\/wp-json\/wp\/v2\/product_cat?post=2399"},{"taxonomy":"product_tag","embeddable":true,"href":"https:\/\/www.acquavici.com.br\/en\/wp-json\/wp\/v2\/product_tag?post=2399"}],"curies":[{"name":"wp","href":"https:\/\/api.w.org\/{rel}","templated":true}]}}