{"id":2404,"date":"2025-05-02T09:26:33","date_gmt":"2025-05-02T12:26:33","guid":{"rendered":"https:\/\/www.acquavici.com.br\/?post_type=product&#038;p=2404"},"modified":"2025-05-02T09:37:00","modified_gmt":"2025-05-02T12:37:00","slug":"zagonel-ducha-eletronica-ducali-premium-digital-5500w-127v-branco","status":"publish","type":"product","link":"https:\/\/www.acquavici.com.br\/en\/zagonel-ducha-eletronica-ducali-premium-digital-5500w-127v-branco\/","title":{"rendered":"Zagonel, Ducha Eletr\u00f4nica Ducali Premium Digital, 5500W, 127V, Branco"},"content":{"rendered":"<ul class=\"a-unordered-list a-vertical a-spacing-mini\">\n<li class=\"a-spacing-mini\"><span class=\"a-list-item\">A Ducha Ducali Premium apresenta um sistema h\u00edbrido smart que permite o controle autom\u00e1tico e constante da temperatura desejada para o banho ideal. Com conectividade via wi-fi ou bluetooth, voc\u00ea tem acesso \u00e0s fun\u00e7\u00f5es da ducha na palma da sua m\u00e3o atrav\u00e9s do aplicativo Ducali Smart Banho, dispon\u00edvel para dispositivos Android e iOS.<\/span><\/li>\n<li class=\"a-spacing-mini\"><span class=\"a-list-item\">Cor do produto: Branco<\/span><\/li>\n<li class=\"a-spacing-mini\"><span class=\"a-list-item\">Nome do modelo: Ducali Premium Digital<\/span><\/li>\n<li class=\"a-spacing-mini\"><span class=\"a-list-item\">Garantia do produto: 12 meses<\/span><\/li>\n<li class=\"a-spacing-mini\"><span class=\"a-list-item\">Quantidade no pacote: 1.0<\/span><\/li>\n<\/ul>","protected":false},"excerpt":{"rendered":"<div id=\"title_feature_div\" class=\"celwidget\" data-feature-name=\"title\" data-csa-c-type=\"widget\" data-csa-c-content-id=\"title\" data-csa-c-slot-id=\"title_feature_div\" data-csa-c-asin=\"B0B2ZYM17L\" data-csa-c-is-in-initial-active-row=\"false\" data-csa-c-id=\"fmhs9a-4xpylu-svnjwc-udpkns\" data-cel-widget=\"title_feature_div\">\n<div id=\"titleSection\" class=\"a-section a-spacing-none\">\n<h1 id=\"title\" class=\"a-size-large a-spacing-none\"><span id=\"productTitle\" class=\"a-size-large product-title-word-break\">Zagonel, Ducha Eletr\u00f4nica Ducali Premium Digital, 5500W, 127V, Branco<\/span><\/h1>\n<\/div>\n<\/div>\n<div id=\"bylineInfo_feature_div\" class=\"celwidget\" data-feature-name=\"bylineInfo\" data-csa-c-type=\"widget\" data-csa-c-content-id=\"bylineInfo\" data-csa-c-slot-id=\"bylineInfo_feature_div\" data-csa-c-asin=\"B0B2ZYM17L\" data-csa-c-is-in-initial-active-row=\"false\" data-csa-c-id=\"no49y7-prg8c7-n6cu2z-jhc1v0\" data-cel-widget=\"bylineInfo_feature_div\"><\/div>","protected":false},"featured_media":2405,"comment_status":"closed","ping_status":"closed","template":"","meta":[],"product_brand":[],"product_cat":[24],"product_tag":[],"class_list":{"0":"post-2404","1":"product","2":"type-product","3":"status-publish","4":"has-post-thumbnail","6":"product_cat-duchas-chuveiros","8":"first","9":"instock","10":"shipping-taxable","11":"purchasable","12":"product-type-simple"},"_links":{"self":[{"href":"https:\/\/www.acquavici.com.br\/en\/wp-json\/wp\/v2\/product\/2404","targetHints":{"allow":["GET"]}}],"collection":[{"href":"https:\/\/www.acquavici.com.br\/en\/wp-json\/wp\/v2\/product"}],"about":[{"href":"https:\/\/www.acquavici.com.br\/en\/wp-json\/wp\/v2\/types\/product"}],"replies":[{"embeddable":true,"href":"https:\/\/www.acquavici.com.br\/en\/wp-json\/wp\/v2\/comments?post=2404"}],"wp:featuredmedia":[{"embeddable":true,"href":"https:\/\/www.acquavici.com.br\/en\/wp-json\/wp\/v2\/media\/2405"}],"wp:attachment":[{"href":"https:\/\/www.acquavici.com.br\/en\/wp-json\/wp\/v2\/media?parent=2404"}],"wp:term":[{"taxonomy":"product_brand","embeddable":true,"href":"https:\/\/www.acquavici.com.br\/en\/wp-json\/wp\/v2\/product_brand?post=2404"},{"taxonomy":"product_cat","embeddable":true,"href":"https:\/\/www.acquavici.com.br\/en\/wp-json\/wp\/v2\/product_cat?post=2404"},{"taxonomy":"product_tag","embeddable":true,"href":"https:\/\/www.acquavici.com.br\/en\/wp-json\/wp\/v2\/product_tag?post=2404"}],"curies":[{"name":"wp","href":"https:\/\/api.w.org\/{rel}","templated":true}]}}