{"id":2410,"date":"2025-05-02T09:53:55","date_gmt":"2025-05-02T12:53:55","guid":{"rendered":"https:\/\/www.acquavici.com.br\/?post_type=product&#038;p=2410"},"modified":"2025-08-19T15:37:01","modified_gmt":"2025-08-19T18:37:01","slug":"ducha-ducali-premium-eletronica-digital-black-7500w-220v","status":"publish","type":"product","link":"https:\/\/www.acquavici.com.br\/en\/ducha-ducali-premium-eletronica-digital-black-7500w-220v\/","title":{"rendered":"Ducha Ducali Premium Eletr\u00f4nica Digital Black 7500w 220v"},"content":{"rendered":"<div id=\"description\" class=\"ui-pdp-container__row ui-pdp-container__row--description\">\n<div class=\"ui-pdp-collapsable ui-pdp-description-collapse\">\n<div class=\"ui-pdp-collapsable__container\">\n<div class=\"ui-pdp-description\">\n<p class=\"ui-pdp-description__content\" data-testid=\"content\">Aliando tecnologia de ponta com design \u00fanico a ducha Ducali Premium \u00e9 o mais novo conceito de duchas do mercado. Apresentando o Sistema H\u00edbrido Smart, compat\u00edvel com todos os sistemas de aquecimento, possibilita o ajuste da temperatura ou pot\u00eancia ideal para cada banho.<\/p>\n<p>Informa\u00e7\u00f5es T\u00e9cnica:<br \/>\n&#8211; Voltagem: 220V<br \/>\n&#8211; Pot\u00eancia: 7500W<br \/>\n&#8211; Conex\u00e3o Wi-Fi e Bluetooth<br \/>\n&#8211; Aplicativo exclusivo &#8220;Smart Banho\u201d<br \/>\n&#8211; Quatro Perfis de Banho<br \/>\n&#8211; Controle Parental<br \/>\n&#8211; Banho Eco<br \/>\n&#8211; Banho Seguro<br \/>\n&#8211; Display de Cristal L\u00edquido<br \/>\n&#8211; LED RGB<br \/>\n&#8211; Sistema H\u00edbrido Smart<br \/>\n&#8211; Aquecimento Solar + Ducha<br \/>\n&#8211; Aquecimento a G\u00e1s + Ducha<br \/>\n&#8211; Aquecimento El\u00e9trico + Ducha<br \/>\n&#8211; Funcionamento Individual<br \/>\n&#8211; Grande Espalhador<br \/>\n&#8211; F\u00e1cil Limpeza: Espalhador em Silicone<br \/>\n&#8211; F\u00e1cil Instala\u00e7\u00e3o<br \/>\n&#8211; Jato Obediente<br \/>\n&#8211; F\u00e1cil Troca da Resist\u00eancia<br \/>\n&#8211; Temperatura Progressiva<br \/>\n&#8211; 12 Meses de Garantia pelo Fabricante<br \/>\n&#8211; Acionamento com Baixa Press\u00e3o d&#8217;\u00e1gua<\/p>\n<\/div>\n<\/div>\n<\/div>\n<\/div>\n<div class=\"ui-vip-core-spot-middle\">\n<section class=\"ui-recommendations-carousel-wrapper-ref ui-recommendations-over-white-background\">\n<div class=\"ui-recommendations-carousel-snapped ui-pdp-with--separator-top ui-pdp-with--separator-top--full mb-40 recos-override__card-vertical\">\n<div class=\"ui-recommendations-carousel-snapped__header\">\n<div class=\"ui-recommendations-carousel-snapped__header-titles\"><\/div>\n<\/div>\n<\/div>\n<\/section>\n<\/div>","protected":false},"excerpt":{"rendered":"<p>Aliando tecnologia de ponta com design \u00fanico a ducha Ducali Premium \u00e9 o mais novo conceito de duchas do mercado. Apresentando o Sistema H\u00edbrido Smart, compat\u00edvel com todos os sistemas de aquecimento, possibilita o ajuste da temperatura ou pot\u00eancia ideal para cada banho. Informa\u00e7\u00f5es T\u00e9cnica: &#8211; Voltagem: 220V &#8211; Pot\u00eancia: 7500W &#8211; Conex\u00e3o Wi-Fi e [&hellip;]<\/p>","protected":false},"featured_media":2400,"comment_status":"closed","ping_status":"closed","template":"","meta":[],"product_brand":[],"product_cat":[24],"product_tag":[],"class_list":{"0":"post-2410","1":"product","2":"type-product","3":"status-publish","4":"has-post-thumbnail","6":"product_cat-duchas-chuveiros","8":"first","9":"instock","10":"shipping-taxable","11":"purchasable","12":"product-type-simple"},"_links":{"self":[{"href":"https:\/\/www.acquavici.com.br\/en\/wp-json\/wp\/v2\/product\/2410","targetHints":{"allow":["GET"]}}],"collection":[{"href":"https:\/\/www.acquavici.com.br\/en\/wp-json\/wp\/v2\/product"}],"about":[{"href":"https:\/\/www.acquavici.com.br\/en\/wp-json\/wp\/v2\/types\/product"}],"replies":[{"embeddable":true,"href":"https:\/\/www.acquavici.com.br\/en\/wp-json\/wp\/v2\/comments?post=2410"}],"wp:featuredmedia":[{"embeddable":true,"href":"https:\/\/www.acquavici.com.br\/en\/wp-json\/wp\/v2\/media\/2400"}],"wp:attachment":[{"href":"https:\/\/www.acquavici.com.br\/en\/wp-json\/wp\/v2\/media?parent=2410"}],"wp:term":[{"taxonomy":"product_brand","embeddable":true,"href":"https:\/\/www.acquavici.com.br\/en\/wp-json\/wp\/v2\/product_brand?post=2410"},{"taxonomy":"product_cat","embeddable":true,"href":"https:\/\/www.acquavici.com.br\/en\/wp-json\/wp\/v2\/product_cat?post=2410"},{"taxonomy":"product_tag","embeddable":true,"href":"https:\/\/www.acquavici.com.br\/en\/wp-json\/wp\/v2\/product_tag?post=2410"}],"curies":[{"name":"wp","href":"https:\/\/api.w.org\/{rel}","templated":true}]}}