{"id":2411,"date":"2025-05-02T10:19:58","date_gmt":"2025-05-02T13:19:58","guid":{"rendered":"https:\/\/www.acquavici.com.br\/?post_type=product&#038;p=2411"},"modified":"2025-05-02T10:19:58","modified_gmt":"2025-05-02T13:19:58","slug":"zagonel-ducali-premium-digital-ducha-smart-eletronica-7500w-220v-branco","status":"publish","type":"product","link":"https:\/\/www.acquavici.com.br\/en\/zagonel-ducali-premium-digital-ducha-smart-eletronica-7500w-220v-branco\/","title":{"rendered":"Zagonel, Ducali Premium Digital, Ducha Smart Eletr\u00f4nica, 7500W, 220V, Branco"},"content":{"rendered":"<div id=\"description\" class=\"ui-pdp-container__row ui-pdp-container__row--description\">\n<div class=\"ui-pdp-collapsable ui-pdp-description-collapse\">\n<div class=\"ui-pdp-collapsable__container\">\n<div class=\"ui-pdp-description\">\n<p class=\"ui-pdp-description__content\" data-testid=\"content\">Ducha Ducali Premium Digital<\/p>\n<p>Aliando tecnologia de ponta com design \u00fanico a ducha Ducali Premium \u00e9 o mais novo conceito de duchas do mercado. Apresentando o Sistema H\u00edbrido Smart, compat\u00edvel com todos os sistemas de aquecimento, possibilita o ajuste da temperatura ou pot\u00eancia ideal para cada banho.<\/p>\n<p>Informa\u00e7\u00f5es T\u00e9cnicas:<\/p>\n<p>&#8211; Modelo: Ducali Premium Digital<br \/>\n&#8211; Press\u00e3o M\u00ednima de acionamento: 10 kPa (1 m.c.a.)<br \/>\n&#8211; Press\u00e3o M\u00ednima para vaz\u00e3o (3L\/min): 10 kPa (1 m.c.a.)<br \/>\n&#8211; Press\u00e3o Est\u00e1tica M\u00e1xima: 400 kPa (40 m.c.a.)<br \/>\n&#8211; Grau de Prote\u00e7\u00e3o: IP 24<br \/>\n&#8211; Armazenamento de \u00e1gua na c\u00e2mara de aquecimento: 350ml<br \/>\n&#8211; Quantidade de furos do espalhador\/di\u00e2metro do furo: 76 furos \/ 0,9mm<br \/>\n&#8211; Di\u00e2metro do espalhador: 210 X 130mm<br \/>\n&#8211; Resistividade m\u00ednima de \u00e1gua: 210 X 130mm<br \/>\n&#8211; Pot\u00eancia nominal: 7.500W 220V<br \/>\n&#8211; Disjuntor (A): 40A (220V)<br \/>\n&#8211; Fia\u00e7\u00e3o* (mm\u00b2): 6mm\u00b2 (220V)<br \/>\n&#8211; Corrente nominal: 34,09A (220V)<br \/>\n&#8211; Freq\u00fc\u00eancia WiFi: 2.4GHz<br \/>\n&#8211; Protocolo WiFi: 802.11 b\/g\/n (802.11n at\u00e9 150Mbps)<br \/>\n&#8211; Protocolo Bluetooth: Bluetooth v4.2 BR\/EDR e BLE<\/p>\n<p>Diferenciais:<\/p>\n<p>&#8211; Conex\u00e3o Wi-Fi e Bluetooth<br \/>\n&#8211; Aplicativo exclusivo &#8220;Smart Banho&#8221;<br \/>\n&#8211; Quatro Perfis de Banho<br \/>\n&#8211; Controle Parental<br \/>\n&#8211; Banho Eco<br \/>\n&#8211; Banho Seguro<br \/>\n&#8211; Display de Cristal L\u00edquido<br \/>\n&#8211; LED RGB<br \/>\n&#8211; Sistema H\u00edbrido Smart<br \/>\n&#8211; Aquecimento Solar + Ducha<br \/>\n&#8211; Aquecimento a G\u00e1s + Ducha<br \/>\n&#8211; Aquecimento El\u00e9trico + Ducha<br \/>\n&#8211; Funcionamento Individual<br \/>\n&#8211; Grande Espalhador<br \/>\n&#8211; F\u00e1cil Limpeza: Espalhador em Silicone<br \/>\n&#8211; Jato Obediente<br \/>\n&#8211; F\u00e1cil Troca da Resist\u00eancia<br \/>\n&#8211; Temperatura Progressiva<br \/>\n&#8211; \u00c2ngulo de Instala\u00e7\u00e3o<br \/>\n&#8211; Acionamento com Baixa Press\u00e3o d&#8217;\u00e1gua<\/p>\n<\/div>\n<\/div>\n<\/div>\n<\/div>\n<div class=\"ui-vip-core-spot-middle\">\n<section class=\"ui-recommendations-carousel-wrapper-ref ui-recommendations-over-white-background\">\n<div class=\"ui-recommendations-carousel-snapped ui-pdp-with--separator-top ui-pdp-with--separator-top--full mb-40 recos-override__card-vertical\">\n<div class=\"ui-recommendations-carousel-snapped__header\">\n<div class=\"ui-recommendations-carousel-snapped__header-titles\"><\/div>\n<\/div>\n<\/div>\n<\/section>\n<\/div>","protected":false},"excerpt":{"rendered":"<p>Ducha Ducali Premium Digital Aliando tecnologia de ponta com design \u00fanico a ducha Ducali Premium \u00e9 o mais novo conceito de duchas do mercado. Apresentando o Sistema H\u00edbrido Smart, compat\u00edvel com todos os sistemas de aquecimento, possibilita o ajuste da temperatura ou pot\u00eancia ideal para cada banho. Informa\u00e7\u00f5es T\u00e9cnicas: &#8211; Modelo: Ducali Premium Digital &#8211; [&hellip;]<\/p>","protected":false},"featured_media":2405,"comment_status":"closed","ping_status":"closed","template":"","meta":[],"product_brand":[],"product_cat":[24],"product_tag":[],"class_list":{"0":"post-2411","1":"product","2":"type-product","3":"status-publish","4":"has-post-thumbnail","6":"product_cat-duchas-chuveiros","8":"first","9":"instock","10":"shipping-taxable","11":"purchasable","12":"product-type-simple"},"_links":{"self":[{"href":"https:\/\/www.acquavici.com.br\/en\/wp-json\/wp\/v2\/product\/2411","targetHints":{"allow":["GET"]}}],"collection":[{"href":"https:\/\/www.acquavici.com.br\/en\/wp-json\/wp\/v2\/product"}],"about":[{"href":"https:\/\/www.acquavici.com.br\/en\/wp-json\/wp\/v2\/types\/product"}],"replies":[{"embeddable":true,"href":"https:\/\/www.acquavici.com.br\/en\/wp-json\/wp\/v2\/comments?post=2411"}],"wp:featuredmedia":[{"embeddable":true,"href":"https:\/\/www.acquavici.com.br\/en\/wp-json\/wp\/v2\/media\/2405"}],"wp:attachment":[{"href":"https:\/\/www.acquavici.com.br\/en\/wp-json\/wp\/v2\/media?parent=2411"}],"wp:term":[{"taxonomy":"product_brand","embeddable":true,"href":"https:\/\/www.acquavici.com.br\/en\/wp-json\/wp\/v2\/product_brand?post=2411"},{"taxonomy":"product_cat","embeddable":true,"href":"https:\/\/www.acquavici.com.br\/en\/wp-json\/wp\/v2\/product_cat?post=2411"},{"taxonomy":"product_tag","embeddable":true,"href":"https:\/\/www.acquavici.com.br\/en\/wp-json\/wp\/v2\/product_tag?post=2411"}],"curies":[{"name":"wp","href":"https:\/\/api.w.org\/{rel}","templated":true}]}}