{"id":2432,"date":"2025-05-06T14:04:10","date_gmt":"2025-05-06T17:04:10","guid":{"rendered":"https:\/\/www.acquavici.com.br\/?post_type=product&#038;p=2432"},"modified":"2025-05-06T14:04:10","modified_gmt":"2025-05-06T17:04:10","slug":"sistema-de-contato-para-aquecedor-cardal-eletronico-pr571","status":"publish","type":"product","link":"https:\/\/www.acquavici.com.br\/en\/sistema-de-contato-para-aquecedor-cardal-eletronico-pr571\/","title":{"rendered":"Sistema De Contato Para Aquecedor Cardal Eletr\u00f4nico &#8211; Pr571"},"content":{"rendered":"<div id=\"Desktop-Detailed-Evaluation-Zone\" class=\"celwidget\" data-feature-name=\"Desktop-Detailed-Evaluation-Zone\" data-csa-c-type=\"widget\" data-csa-c-content-id=\"Desktop-Detailed-Evaluation-Zone\" data-csa-c-slot-id=\"Desktop-Detailed-Evaluation-Zone\" data-csa-c-asin=\"\" data-csa-c-is-in-initial-active-row=\"false\" data-cel-widget=\"Desktop-Detailed-Evaluation-Zone\" data-csa-c-id=\"52phke-jfvui2-yzaafo-pncf60\">\n<div id=\"productDescription_feature_div\" class=\"celwidget pd_rd_w-NxW46 pd_rd_r-0X36SYXEPWAF2GCF9Z3Q pd_rd_wg-pPR17\" data-feature-name=\"productDescription-3\" data-csa-c-type=\"widget\" data-csa-c-content-id=\"productDescription-3\" data-csa-c-slot-id=\"productDescription_feature_div\" data-csa-c-asin=\"\" data-csa-c-is-in-initial-active-row=\"false\" data-cel-widget=\"productDescription_feature_div\" data-csa-c-id=\"kf3dlq-9i3ghc-tlo39r-ibwy5m\">\n<div>\n<div id=\"productDescription_feature_div\" class=\"a-row feature\" data-feature-name=\"productDescription\" data-template-name=\"productDescription\" data-cel-widget=\"productDescription_feature_div\">\n<div id=\"productDescription\" class=\"a-section a-spacing-small\">\n<p>Sistema De Contato Para Aquecedor Cardal Eletr\u00f4nico &#8211; Pr571 Ref.: Pr571 Fabricante: Cardal Especifica\u00e7\u00f5es T\u00e9cnicas: Serve em Todos os Aquecedores Modernos Eletr\u00f4nicos. Sistema de Contato para Aquecedores Duchas Individual Hidro Cardal<\/p>\n<\/div>\n<\/div>\n<\/div>\n<\/div>\n<div id=\"aplusBrandStory_feature_div\" class=\"celwidget pd_rd_w-8CoWn pd_rd_r-0X36SYXEPWAF2GCF9Z3Q pd_rd_wg-pPR17\" data-feature-name=\"aplusBrandStory\" data-csa-c-type=\"widget\" data-csa-c-content-id=\"aplusBrandStory\" data-csa-c-slot-id=\"aplusBrandStory_feature_div\" data-csa-c-asin=\"\" data-csa-c-is-in-initial-active-row=\"false\" data-cel-widget=\"aplusBrandStory_feature_div\" data-csa-c-id=\"w8p6ew-3ne8on-m3s32s-ixrw25\"><\/div>\n<div id=\"nile-inline-btf_feature_div\" class=\"celwidget pd_rd_w-1XJDC pd_rd_r-0X36SYXEPWAF2GCF9Z3Q pd_rd_wg-pPR17\" data-feature-name=\"nile-inline-btf\" data-csa-c-type=\"widget\" data-csa-c-content-id=\"nile-inline-btf\" data-csa-c-slot-id=\"nile-inline-btf_feature_div\" data-csa-c-asin=\"\" data-csa-c-is-in-initial-active-row=\"false\" data-cel-widget=\"nile-inline-btf_feature_div\" data-csa-c-id=\"ji32w6-yqplvn-x2aaoq-wc44ce\"><\/div>\n<\/div>\n<div id=\"promotions_feature_div\" class=\"celwidget\" data-feature-name=\"promotions_NA\" data-csa-c-type=\"widget\" data-csa-c-content-id=\"promotions_NA\" data-csa-c-slot-id=\"promotions_feature_div\" data-csa-c-asin=\"\" data-csa-c-is-in-initial-active-row=\"false\" data-cel-widget=\"promotions_feature_div\" data-csa-c-id=\"cqh3ku-xumgcg-zg3hk9-cwysog\"><\/div>\n<div id=\"cpsiaProductSafetyWarning_feature_div\" class=\"celwidget\" data-feature-name=\"cpsiaProductSafetyWarning_NA\" data-csa-c-type=\"widget\" data-csa-c-content-id=\"cpsiaProductSafetyWarning_NA\" data-csa-c-slot-id=\"cpsiaProductSafetyWarning_feature_div\" data-csa-c-asin=\"\" data-csa-c-is-in-initial-active-row=\"false\" data-cel-widget=\"cpsiaProductSafetyWarning_feature_div\" data-csa-c-id=\"iw5fze-x4ofr7-z8wf4o-igsn85\">\n<div class=\"celwidget c-f\" data-csa-op-log-render=\"\" data-csa-c-content-id=\"DsUnknown\" data-csa-c-slot-id=\"DsUnknown-4\" data-csa-c-type=\"widget\" data-csa-c-painter=\"dp-cpsia-product-safety-warning-cards\" data-cel-widget=\"dp-cpsia-product-safety-warning_DetailPage_3\" data-csa-c-id=\"73ubey-wk09er-4zfzlz-4gjgnq\">\n<div id=\"CardInstancerg7NuavC7N4I-uZjWg6avA\" data-card-metrics-id=\"dp-cpsia-product-safety-warning_DetailPage_3\"><\/div>\n<\/div>\n<\/div>\n<div id=\"buffetServiceCard_feature_div\" class=\"celwidget\" data-feature-name=\"buffetServiceCard\" data-csa-c-type=\"widget\" data-csa-c-content-id=\"buffetServiceCard\" data-csa-c-slot-id=\"buffetServiceCard_feature_div\" data-csa-c-asin=\"\" data-csa-c-is-in-initial-active-row=\"false\" data-cel-widget=\"buffetServiceCard_feature_div\" data-csa-c-id=\"fd4g44-asuq64-tqoy6i-kj4m4p\">\n<div class=\"celwidget c-f\" data-csa-op-log-render=\"\" data-csa-c-content-id=\"DsUnknown\" data-csa-c-slot-id=\"DsUnknown-5\" data-csa-c-type=\"widget\" data-csa-c-painter=\"buffet-disclaimers-card-cards\" data-cel-widget=\"buffet-disclaimers-card_DetailPage_4\" data-csa-c-id=\"124zb3-nhkrb2-uuxyeo-wu2bmt\">\n<div id=\"CardInstanceFXhIo0MRp2Yh1idwIqSgdg\" data-card-metrics-id=\"buffet-disclaimers-card_DetailPage_4\" data-acp-tracking=\"{}\" data-mix-claimed=\"true\"><\/div>\n<\/div>\n<\/div>\n<div id=\"legal_feature_div\" class=\"celwidget\" data-feature-name=\"legal_NA\" data-csa-c-type=\"widget\" data-csa-c-content-id=\"legal_NA\" data-csa-c-slot-id=\"legal_feature_div\" data-csa-c-asin=\"\" data-csa-c-is-in-initial-active-row=\"false\" data-cel-widget=\"legal_feature_div\" data-csa-c-id=\"8d1dyp-2upwl9-iqe0cv-trcssa\"><\/div>\n<div id=\"legal-compliance-card_feature_div\" class=\"celwidget\" data-feature-name=\"legal-compliance-card\" data-csa-c-type=\"widget\" data-csa-c-content-id=\"legal-compliance-card\" data-csa-c-slot-id=\"legal-compliance-card_feature_div\" data-csa-c-asin=\"\" data-csa-c-is-in-initial-active-row=\"false\" data-cel-widget=\"legal-compliance-card_feature_div\" data-csa-c-id=\"phfjs7-i7n95r-o51od6-opaue8\">\n<div class=\"celwidget c-f\" data-csa-op-log-render=\"\" data-csa-c-content-id=\"DsUnknown\" data-csa-c-slot-id=\"DsUnknown-1\" data-csa-c-type=\"widget\" data-csa-c-painter=\"legal-compliance-card-cards\" data-cel-widget=\"legal-compliance-card_DetailPage_0\" data-csa-c-id=\"vjb2m6-u0ivm2-t2aj2v-bql9b1\">\n<div id=\"CardInstanceeKF22ZEq83lZGNrGpDSrXA\" data-card-metrics-id=\"legal-compliance-card_DetailPage_0\" data-acp-tracking=\"{}\" data-mix-claimed=\"true\"><\/div>\n<\/div>\n<\/div>\n<div id=\"postPurchaseSideSheet_MP_feature_div\" class=\"celwidget\" data-feature-name=\"postPurchaseSideSheet_MP\" data-csa-c-type=\"widget\" data-csa-c-content-id=\"postPurchaseSideSheet_MP\" data-csa-c-slot-id=\"postPurchaseSideSheet_MP_feature_div\" data-csa-c-asin=\"\" data-csa-c-is-in-initial-active-row=\"false\" data-cel-widget=\"postPurchaseSideSheet_MP_feature_div\" data-csa-c-id=\"ywa3cz-4midmb-23jv13-3zchf6\"><\/div>\n<div id=\"postPurchaseWhatsInTheBox_MP_feature_div\" class=\"celwidget\" data-feature-name=\"postPurchaseWhatsInTheBox_MP\" data-csa-c-type=\"widget\" data-csa-c-content-id=\"postPurchaseWhatsInTheBox_MP\" data-csa-c-slot-id=\"postPurchaseWhatsInTheBox_MP_feature_div\" data-csa-c-asin=\"\" data-csa-c-is-in-initial-active-row=\"false\" data-cel-widget=\"postPurchaseWhatsInTheBox_MP_feature_div\" data-csa-c-id=\"uvzpyq-nylu9c-kdahpc-2f6qsx\"><\/div>\n<div id=\"importantInformation_feature_div\" class=\"celwidget\" data-feature-name=\"importantInformation_NA\" data-csa-c-type=\"widget\" data-csa-c-content-id=\"importantInformation_NA\" data-csa-c-slot-id=\"importantInformation_feature_div\" data-csa-c-asin=\"\" data-csa-c-is-in-initial-active-row=\"false\" data-cel-widget=\"importantInformation_feature_div\" data-csa-c-id=\"v3k2ud-rqc6k8-202ey3-6rgkjd\"><\/div>\n<div id=\"sponsoredProducts2_feature_div\" class=\"celwidget\" data-feature-name=\"sponsoredProducts2_NA\" data-csa-c-type=\"widget\" data-csa-c-content-id=\"sponsoredProducts2_NA\" data-csa-c-slot-id=\"sponsoredProducts2_feature_div\" data-csa-c-asin=\"\" data-csa-c-is-in-initial-active-row=\"false\" data-cel-widget=\"sponsoredProducts2_feature_div\" data-csa-c-id=\"ta57v7-vhdvk0-ctue7h-6k2icw\"><\/div>\n<div id=\"sims-themis-sponsored-products-2_feature_div\" class=\"celwidget\" data-feature-name=\"sims-themis-sponsored-products-2\" data-csa-c-type=\"widget\" data-csa-c-content-id=\"sims-themis-sponsored-products-2\" data-csa-c-slot-id=\"sims-themis-sponsored-products-2_feature_div\" data-csa-c-asin=\"\" data-csa-c-is-in-initial-active-row=\"false\" data-cel-widget=\"sims-themis-sponsored-products-2_feature_div\" data-csa-c-id=\"x2d55u-2u1lii-8snefb-da1oqz\"><\/div>\n<div id=\"center-28_feature_div\" class=\"celwidget\" data-feature-name=\"center-28\" data-csa-c-type=\"widget\" data-csa-c-content-id=\"center-28\" data-csa-c-slot-id=\"center-28_feature_div\" data-csa-c-asin=\"\" data-csa-c-is-in-initial-active-row=\"false\" data-cel-widget=\"center-28_feature_div\" data-csa-c-id=\"4jnrup-n2buyj-63oysf-d93qr1\"><\/div>\n<div id=\"dp-ads-center-promo-dramabot_feature_div\" class=\"celwidget\" data-feature-name=\"dp-ads-center-promo-dramabot\" data-csa-c-type=\"widget\" data-csa-c-content-id=\"dp-ads-center-promo-dramabot\" data-csa-c-slot-id=\"dp-ads-center-promo-dramabot_feature_div\" data-csa-c-asin=\"\" data-csa-c-is-in-initial-active-row=\"false\" data-cel-widget=\"dp-ads-center-promo-dramabot_feature_div\" data-csa-c-id=\"1xhu9l-8wng9e-y1x3g8-puyscw\"><\/div>\n<div id=\"px-acquisition-bot_feature_div\" class=\"celwidget\" data-feature-name=\"px-acquisition-bot\" data-csa-c-type=\"widget\" data-csa-c-content-id=\"px-acquisition-bot\" data-csa-c-slot-id=\"px-acquisition-bot_feature_div\" data-csa-c-asin=\"\" data-csa-c-is-in-initial-active-row=\"false\" data-cel-widget=\"px-acquisition-bot_feature_div\" data-csa-c-id=\"idxohg-turcph-bivhfm-7gli6n\"><\/div>\n<div id=\"staticMedsLegalLogoNew_feature_div\" class=\"celwidget\" data-feature-name=\"staticMedsLegalLogoNew\" data-csa-c-type=\"widget\" data-csa-c-content-id=\"staticMedsLegalLogoNew\" data-csa-c-slot-id=\"staticMedsLegalLogoNew_feature_div\" data-csa-c-asin=\"\" data-csa-c-is-in-initial-active-row=\"false\" data-cel-widget=\"staticMedsLegalLogoNew_feature_div\" data-csa-c-id=\"vfh5dx-y8hz4x-1g98m9-3w7iea\"><\/div>\n<div id=\"customer-reviews_feature_div\" class=\"celwidget\" data-feature-name=\"customer-reviews\" data-csa-c-type=\"widget\" data-csa-c-content-id=\"customer-reviews\" data-csa-c-slot-id=\"customer-reviews_feature_div\" data-csa-c-asin=\"\" data-csa-c-is-in-initial-active-row=\"false\" data-cel-widget=\"customer-reviews_feature_div\" data-csa-c-id=\"l5kkfl-3jyxk2-kxi23c-2yuqg7\">\n<div class=\"celwidget\" data-csa-op-log-render=\"\" data-csa-c-content-id=\"DsUnknown\" data-csa-c-slot-id=\"DsUnknown-2\" data-csa-c-type=\"widget\" data-csa-c-painter=\"raw:__hz-reviews-medley_1.0\" data-cel-widget=\"UnknownWidgetId\" data-csa-c-id=\"ggq6t0-6c3smp-xzx9d9-vw28n1\">\n<div id=\"customerReviews\" aria-label=\"Melhores avalia\u00e7\u00f5es\"><\/div>\n<\/div>\n<\/div>","protected":false},"excerpt":{"rendered":"<p>Sistema De Contato Para Aquecedor Cardal Eletr\u00f4nico &#8211; Pr571 Ref.: Pr571 Fabricante: Cardal Especifica\u00e7\u00f5es T\u00e9cnicas: Serve em Todos os Aquecedores Modernos Eletr\u00f4nicos. Sistema de Contato para Aquecedores Duchas Individual Hidro Cardal<\/p>","protected":false},"featured_media":2433,"comment_status":"closed","ping_status":"closed","template":"","meta":[],"product_brand":[],"product_cat":[15],"product_tag":[],"class_list":{"0":"post-2432","1":"product","2":"type-product","3":"status-publish","4":"has-post-thumbnail","6":"product_cat-hidromassagem","8":"first","9":"instock","10":"shipping-taxable","11":"purchasable","12":"product-type-simple"},"_links":{"self":[{"href":"https:\/\/www.acquavici.com.br\/en\/wp-json\/wp\/v2\/product\/2432","targetHints":{"allow":["GET"]}}],"collection":[{"href":"https:\/\/www.acquavici.com.br\/en\/wp-json\/wp\/v2\/product"}],"about":[{"href":"https:\/\/www.acquavici.com.br\/en\/wp-json\/wp\/v2\/types\/product"}],"replies":[{"embeddable":true,"href":"https:\/\/www.acquavici.com.br\/en\/wp-json\/wp\/v2\/comments?post=2432"}],"wp:featuredmedia":[{"embeddable":true,"href":"https:\/\/www.acquavici.com.br\/en\/wp-json\/wp\/v2\/media\/2433"}],"wp:attachment":[{"href":"https:\/\/www.acquavici.com.br\/en\/wp-json\/wp\/v2\/media?parent=2432"}],"wp:term":[{"taxonomy":"product_brand","embeddable":true,"href":"https:\/\/www.acquavici.com.br\/en\/wp-json\/wp\/v2\/product_brand?post=2432"},{"taxonomy":"product_cat","embeddable":true,"href":"https:\/\/www.acquavici.com.br\/en\/wp-json\/wp\/v2\/product_cat?post=2432"},{"taxonomy":"product_tag","embeddable":true,"href":"https:\/\/www.acquavici.com.br\/en\/wp-json\/wp\/v2\/product_tag?post=2432"}],"curies":[{"name":"wp","href":"https:\/\/api.w.org\/{rel}","templated":true}]}}