{"id":2444,"date":"2025-05-07T09:26:42","date_gmt":"2025-05-07T12:26:42","guid":{"rendered":"https:\/\/www.acquavici.com.br\/?post_type=product&#038;p=2444"},"modified":"2025-06-25T15:37:10","modified_gmt":"2025-06-25T18:37:10","slug":"resistencia-blindada-cardal-re068-sem-niple-hidro-8200w-220v","status":"publish","type":"product","link":"https:\/\/www.acquavici.com.br\/en\/resistencia-blindada-cardal-re068-sem-niple-hidro-8200w-220v\/","title":{"rendered":"Resistencia Blindada Cardal Re068 Sem Niple Hidro 8200w 220v"},"content":{"rendered":"<div id=\"description\" class=\"ui-pdp-container__row ui-pdp-container__row--description\">\n<div class=\"ui-pdp-collapsable ui-pdp-description-collapse\">\n<div class=\"ui-pdp-collapsable__container\">\n<div class=\"ui-pdp-description\">\n<p class=\"ui-pdp-description__content\" data-testid=\"content\">ESPECIFICA\u00c7\u00d5ES.:<br \/>\nRESIST\u00caNCIA BLINDADA RE 068 CARDAL 220V S\/ NIPLE 8200 W<\/p>\n<p>FIA\u00c7\u00c3O M\u00cdNIMA 10 MM2<br \/>\nDISJUNTOR DE 50A<br \/>\nACOMPANHA GUARNI\u00c7\u00c3O DA CARCA\u00c7A PR032<br \/>\nPARA AQUECEDORES CARDAL:<br \/>\n&#8211; AQUECEDOR SUPER HIDRO<br \/>\n&#8211; DUCHA ELETR\u00d4NICA BL<br \/>\n&#8211; SUPER HIDRO 2<br \/>\n&#8211; SUPER HIDRO 3<br \/>\n&#8211; SUPER HIDRO DIGITAL<\/p>\n<p>&#8211;PE\u00c7A ORIGINAL CARDAL&#8211;<\/p>\n<p>&#8212;&#8212;&#8212;&#8212;&#8212;&#8212;&#8212;&#8212;&#8212;&#8212;&#8212;&#8212;&#8212;&#8212;&#8212;&#8212;&#8212;&#8212;&#8212;&#8212;&#8212;&#8212;&#8212;&#8212;&#8212;<br \/>\nFABRICANTE: CARDAL<\/p>\n<p>&#8212;&#8212;&#8212;&#8212;&#8212;&#8212;&#8212;&#8212;&#8212;&#8212;&#8212;&#8212;&#8212;&#8212;&#8212;&#8212;&#8212;&#8212;&#8212;&#8212;&#8212;&#8212;&#8212;&#8212;&#8212;<br \/>\nC\u00d3D REF.: RE068<\/p>\n<\/div>\n<\/div>\n<\/div>\n<\/div>\n<div class=\"ui-vip-core-spot-middle\">\n<section class=\"ui-recommendations-carousel-wrapper-ref ui-recommendations-over-white-background\">\n<div class=\"ui-recommendations-carousel-snapped ui-pdp-with--separator-top ui-pdp-with--separator-top--full mb-40 recos-override__card-vertical\">\n<div class=\"ui-recommendations-carousel-snapped__header\">\n<div class=\"ui-recommendations-carousel-snapped__header-titles\"><\/div>\n<\/div>\n<\/div>\n<\/section>\n<\/div>","protected":false},"excerpt":{"rendered":"<p>ESPECIFICA\u00c7\u00d5ES.: RESIST\u00caNCIA BLINDADA RE 068 CARDAL 220V S\/ NIPLE 8200 W FIA\u00c7\u00c3O M\u00cdNIMA 10 MM2 DISJUNTOR DE 50A ACOMPANHA GUARNI\u00c7\u00c3O DA CARCA\u00c7A PR032 PARA AQUECEDORES CARDAL: &#8211; AQUECEDOR SUPER HIDRO &#8211; DUCHA ELETR\u00d4NICA BL &#8211; SUPER HIDRO 2 &#8211; SUPER HIDRO 3 &#8211; SUPER HIDRO DIGITAL &#8211;PE\u00c7A ORIGINAL CARDAL&#8211; &#8212;&#8212;&#8212;&#8212;&#8212;&#8212;&#8212;&#8212;&#8212;&#8212;&#8212;&#8212;&#8212;&#8212;&#8212;&#8212;&#8212;&#8212;&#8212;&#8212;&#8212;&#8212;&#8212;&#8212;&#8212; FABRICANTE: CARDAL &#8212;&#8212;&#8212;&#8212;&#8212;&#8212;&#8212;&#8212;&#8212;&#8212;&#8212;&#8212;&#8212;&#8212;&#8212;&#8212;&#8212;&#8212;&#8212;&#8212;&#8212;&#8212;&#8212;&#8212;&#8212; C\u00d3D REF.: [&hellip;]<\/p>","protected":false},"featured_media":2445,"comment_status":"closed","ping_status":"closed","template":"","meta":[],"product_brand":[],"product_cat":[17],"product_tag":[],"class_list":{"0":"post-2444","1":"product","2":"type-product","3":"status-publish","4":"has-post-thumbnail","6":"product_cat-pecas-em-geral","8":"first","9":"instock","10":"shipping-taxable","11":"purchasable","12":"product-type-simple"},"_links":{"self":[{"href":"https:\/\/www.acquavici.com.br\/en\/wp-json\/wp\/v2\/product\/2444","targetHints":{"allow":["GET"]}}],"collection":[{"href":"https:\/\/www.acquavici.com.br\/en\/wp-json\/wp\/v2\/product"}],"about":[{"href":"https:\/\/www.acquavici.com.br\/en\/wp-json\/wp\/v2\/types\/product"}],"replies":[{"embeddable":true,"href":"https:\/\/www.acquavici.com.br\/en\/wp-json\/wp\/v2\/comments?post=2444"}],"wp:featuredmedia":[{"embeddable":true,"href":"https:\/\/www.acquavici.com.br\/en\/wp-json\/wp\/v2\/media\/2445"}],"wp:attachment":[{"href":"https:\/\/www.acquavici.com.br\/en\/wp-json\/wp\/v2\/media?parent=2444"}],"wp:term":[{"taxonomy":"product_brand","embeddable":true,"href":"https:\/\/www.acquavici.com.br\/en\/wp-json\/wp\/v2\/product_brand?post=2444"},{"taxonomy":"product_cat","embeddable":true,"href":"https:\/\/www.acquavici.com.br\/en\/wp-json\/wp\/v2\/product_cat?post=2444"},{"taxonomy":"product_tag","embeddable":true,"href":"https:\/\/www.acquavici.com.br\/en\/wp-json\/wp\/v2\/product_tag?post=2444"}],"curies":[{"name":"wp","href":"https:\/\/api.w.org\/{rel}","templated":true}]}}