{"id":2449,"date":"2025-05-07T10:18:53","date_gmt":"2025-05-07T13:18:53","guid":{"rendered":"https:\/\/www.acquavici.com.br\/?post_type=product&#038;p=2449"},"modified":"2025-05-07T10:18:54","modified_gmt":"2025-05-07T13:18:54","slug":"cobertura-borracha-da-resistencia-para-aquecedores-centrais-cardal-modernos-ps157","status":"publish","type":"product","link":"https:\/\/www.acquavici.com.br\/en\/cobertura-borracha-da-resistencia-para-aquecedores-centrais-cardal-modernos-ps157\/","title":{"rendered":"Cobertura Borracha da Resistencia Para Aquecedores Centrais Cardal Modernos &#8211; PS157"},"content":{"rendered":"<div id=\"description\" class=\"ui-pdp-container__row ui-pdp-container__row--description\">\n<div class=\"ui-pdp-collapsable ui-pdp-description-collapse\">\n<div class=\"ui-pdp-collapsable__container\">\n<div class=\"ui-pdp-description\">\n<p class=\"ui-pdp-description__content\" data-testid=\"content\">COBERTURA BORRACHA DA RESISTENCIA P\/ AQUECEDORES CENTRAIS CARDAL MODERNOS<br \/>\nFABRICANTE: CARDAL<br \/>\nCOMPOSI\u00c7\u00c3O B\u00c1SICA: ELASTOMEROS<\/p>\n<\/div>\n<\/div>\n<\/div>\n<\/div>\n<div class=\"ui-vip-core-spot-middle\">\n<section class=\"ui-recommendations-carousel-wrapper-ref ui-recommendations-over-white-background\">\n<div class=\"ui-recommendations-carousel-snapped ui-pdp-with--separator-top ui-pdp-with--separator-top--full mb-40 recos-override__card-vertical\">\n<div class=\"ui-recommendations-carousel-snapped__header\">\n<div class=\"ui-recommendations-carousel-snapped__header-titles\"><\/div>\n<\/div>\n<\/div>\n<\/section>\n<\/div>","protected":false},"excerpt":{"rendered":"<p>COBERTURA BORRACHA DA RESISTENCIA P\/ AQUECEDORES CENTRAIS CARDAL MODERNOS FABRICANTE: CARDAL COMPOSI\u00c7\u00c3O B\u00c1SICA: ELASTOMEROS<\/p>","protected":false},"featured_media":2450,"comment_status":"closed","ping_status":"closed","template":"","meta":[],"product_brand":[],"product_cat":[15],"product_tag":[],"class_list":{"0":"post-2449","1":"product","2":"type-product","3":"status-publish","4":"has-post-thumbnail","6":"product_cat-hidromassagem","8":"first","9":"instock","10":"shipping-taxable","11":"purchasable","12":"product-type-simple"},"_links":{"self":[{"href":"https:\/\/www.acquavici.com.br\/en\/wp-json\/wp\/v2\/product\/2449","targetHints":{"allow":["GET"]}}],"collection":[{"href":"https:\/\/www.acquavici.com.br\/en\/wp-json\/wp\/v2\/product"}],"about":[{"href":"https:\/\/www.acquavici.com.br\/en\/wp-json\/wp\/v2\/types\/product"}],"replies":[{"embeddable":true,"href":"https:\/\/www.acquavici.com.br\/en\/wp-json\/wp\/v2\/comments?post=2449"}],"wp:featuredmedia":[{"embeddable":true,"href":"https:\/\/www.acquavici.com.br\/en\/wp-json\/wp\/v2\/media\/2450"}],"wp:attachment":[{"href":"https:\/\/www.acquavici.com.br\/en\/wp-json\/wp\/v2\/media?parent=2449"}],"wp:term":[{"taxonomy":"product_brand","embeddable":true,"href":"https:\/\/www.acquavici.com.br\/en\/wp-json\/wp\/v2\/product_brand?post=2449"},{"taxonomy":"product_cat","embeddable":true,"href":"https:\/\/www.acquavici.com.br\/en\/wp-json\/wp\/v2\/product_cat?post=2449"},{"taxonomy":"product_tag","embeddable":true,"href":"https:\/\/www.acquavici.com.br\/en\/wp-json\/wp\/v2\/product_tag?post=2449"}],"curies":[{"name":"wp","href":"https:\/\/api.w.org\/{rel}","templated":true}]}}