{"id":245,"date":"2024-04-17T10:48:20","date_gmt":"2024-04-17T13:48:20","guid":{"rendered":"https:\/\/www.acquavici.com.br\/?post_type=product&#038;p=245"},"modified":"2025-07-22T11:10:02","modified_gmt":"2025-07-22T14:10:02","slug":"ducha-digital-optima-music-turbo-220v-7700w-branca","status":"publish","type":"product","link":"https:\/\/www.acquavici.com.br\/en\/ducha-digital-optima-music-turbo-220v-7700w-branca\/","title":{"rendered":"Ducha Digital OPTIMA MUSIC TURBO 220v 7700w Branca"},"content":{"rendered":"<p>A primeira ducha do Brasil com m\u00fasica.<\/p>\n<p>Toca m\u00fasicas no formato MP3, r\u00e1dio FM, aceita cart\u00f5es MicroSD\/SD e vem com adaptador para USB. Al\u00e9m disso, acompanha controle remoto para mudar a temperatura do seu banho e as m\u00fasicas tocadas.<br \/>\nPossui sistema de controle de temperatura eletr\u00f4nico que permite alterar a temperatura de forma gradual e dispensa o desligamento da ducha para a troca da temperatura.<\/p>\n<p>KIT MUSIC<br \/>\nAcompanha micro cart\u00e3o SD, adaptador USB, suporte para ducha manual e controle. Vers\u00f5es com turbo e sem turbo.<\/p>\n<p>CONTROLE REMOTO<br \/>\nTodas as fun\u00e7\u00f5es da ducha em suas m\u00e3os. Atrav\u00e9s do controle remoto, voc\u00ea encontra gradualmente v\u00e1rias op\u00e7\u00f5es para a temperatura ideal da \u00e1gua, que \u00e9 informada pelo visor digital, proporcionando um banho com muito mais conforto, economia e seguran\u00e7a.<\/p>\n<p>F\u00c1CIL INSTALA\u00c7\u00c3O<br \/>\nTecnologia exclusiva \u2013 basta enroscar o \u201cengate f\u00e1cil\u201d direto na parede, encaixar a ducha, girar e pronto.<\/p>","protected":false},"excerpt":{"rendered":"<p>A primeira ducha do Brasil com m\u00fasica. Toca m\u00fasicas no formato MP3, r\u00e1dio FM, aceita cart\u00f5es MicroSD\/SD e vem com adaptador para USB. Al\u00e9m disso, acompanha controle remoto para mudar a temperatura do seu banho e as m\u00fasicas tocadas. Possui sistema de controle de temperatura eletr\u00f4nico que permite alterar a temperatura de forma gradual e [&hellip;]<\/p>","protected":false},"featured_media":312,"comment_status":"open","ping_status":"closed","template":"","meta":[],"product_brand":[],"product_cat":[24],"product_tag":[],"class_list":{"0":"post-245","1":"product","2":"type-product","3":"status-publish","4":"has-post-thumbnail","6":"product_cat-duchas-chuveiros","8":"first","9":"instock","10":"shipping-taxable","11":"purchasable","12":"product-type-simple"},"_links":{"self":[{"href":"https:\/\/www.acquavici.com.br\/en\/wp-json\/wp\/v2\/product\/245","targetHints":{"allow":["GET"]}}],"collection":[{"href":"https:\/\/www.acquavici.com.br\/en\/wp-json\/wp\/v2\/product"}],"about":[{"href":"https:\/\/www.acquavici.com.br\/en\/wp-json\/wp\/v2\/types\/product"}],"replies":[{"embeddable":true,"href":"https:\/\/www.acquavici.com.br\/en\/wp-json\/wp\/v2\/comments?post=245"}],"wp:featuredmedia":[{"embeddable":true,"href":"https:\/\/www.acquavici.com.br\/en\/wp-json\/wp\/v2\/media\/312"}],"wp:attachment":[{"href":"https:\/\/www.acquavici.com.br\/en\/wp-json\/wp\/v2\/media?parent=245"}],"wp:term":[{"taxonomy":"product_brand","embeddable":true,"href":"https:\/\/www.acquavici.com.br\/en\/wp-json\/wp\/v2\/product_brand?post=245"},{"taxonomy":"product_cat","embeddable":true,"href":"https:\/\/www.acquavici.com.br\/en\/wp-json\/wp\/v2\/product_cat?post=245"},{"taxonomy":"product_tag","embeddable":true,"href":"https:\/\/www.acquavici.com.br\/en\/wp-json\/wp\/v2\/product_tag?post=245"}],"curies":[{"name":"wp","href":"https:\/\/api.w.org\/{rel}","templated":true}]}}