{"id":2453,"date":"2025-05-07T11:17:43","date_gmt":"2025-05-07T14:17:43","guid":{"rendered":"https:\/\/www.acquavici.com.br\/?post_type=product&#038;p=2453"},"modified":"2025-05-07T11:17:44","modified_gmt":"2025-05-07T14:17:44","slug":"diafragma-membrana-para-ducha-cardal-47mm-pr694","status":"publish","type":"product","link":"https:\/\/www.acquavici.com.br\/en\/diafragma-membrana-para-ducha-cardal-47mm-pr694\/","title":{"rendered":"Diafragma Membrana Para Ducha Cardal 47mm &#8211; PR694"},"content":{"rendered":"<div id=\"product-wrapper\" class=\"product-wrapper\">\n<div class=\"product-tabs\">\n<div class=\"tabs-content\">\n<div id=\"descricao\" class=\"tab rte description-ab active\">\n<p><strong><samp>Diafragma Duchas Cardal &#8211; Pr694<\/samp><\/strong><\/p>\n<ul>\n<li><samp><strong>Ref.:<\/strong>\u00a0PR694<\/samp><\/li>\n<li><samp><strong>Fabricante:<\/strong>\u00a0Cardal<\/samp><\/li>\n<\/ul>\n<p><samp>Especifica\u00e7\u00f5es T\u00e9cnicas:<\/samp><\/p>\n<ul>\n<li><samp>Di\u00e2metro do Produto:\u00a047mm<\/samp><\/li>\n<li><samp>Di\u00e2metro Do Furo De Encaixe:47mm\u00a0<\/samp><\/li>\n<li><samp>Altura do furo De Encaixe:\u00a010 mm<\/samp><\/li>\n<li><samp>Di\u00e2metro Maior Do Retentor: 50mm<\/samp><\/li>\n<li><samp>Altura Di\u00e2metro Maior do Retentor: 09mm<\/samp><\/li>\n<\/ul>\n<p>&nbsp;<\/p>\n<p><samp>Pe\u00e7a pode ser de cor Branca ou Cinza, sem diferen\u00e7a de suas propriedades mec\u00e2nicas.<\/samp><\/p>\n<p>&nbsp;<\/p>\n<p><samp>Serve Nos Seguintes Produtos: (Todos Modernos)<\/samp><\/p>\n<ul>\n<li><samp>Ducha Cl\u00e1ssica<\/samp><\/li>\n<li><samp>Ducha Florenza<\/samp><\/li>\n<li><samp>Ducha Potenza<\/samp><\/li>\n<li><samp>Ducha Eletr\u00f4nica<\/samp><\/li>\n<li><samp>Ducha 5 Temperaturas<\/samp><\/li>\n<li><samp>Ducha Super Luxo<\/samp><\/li>\n<li><samp>Ducha 5 Temperaturas<\/samp><\/li>\n<li><samp>Aquecedor Hidro E Super Hidro Modernos<\/samp><\/li>\n<li><samp>Torneira Cl\u00e1ssica<\/samp><\/li>\n<\/ul>\n<\/div>\n<\/div>\n<\/div>\n<\/div>\n<div class=\"section-product-related\">\n<div class=\"container\">\n<div class=\"section-header\"><\/div>\n<\/div>\n<\/div>","protected":false},"excerpt":{"rendered":"<p>Diafragma Duchas Cardal &#8211; Pr694 Ref.:\u00a0PR694 Fabricante:\u00a0Cardal Especifica\u00e7\u00f5es T\u00e9cnicas: Di\u00e2metro do Produto:\u00a047mm Di\u00e2metro Do Furo De Encaixe:47mm\u00a0 Altura do furo De Encaixe:\u00a010 mm Di\u00e2metro Maior Do Retentor: 50mm Altura Di\u00e2metro Maior do Retentor: 09mm &nbsp; Pe\u00e7a pode ser de cor Branca ou Cinza, sem diferen\u00e7a de suas propriedades mec\u00e2nicas. &nbsp; Serve Nos Seguintes Produtos: (Todos [&hellip;]<\/p>","protected":false},"featured_media":2454,"comment_status":"closed","ping_status":"closed","template":"","meta":[],"product_brand":[],"product_cat":[15],"product_tag":[],"class_list":{"0":"post-2453","1":"product","2":"type-product","3":"status-publish","4":"has-post-thumbnail","6":"product_cat-hidromassagem","8":"first","9":"instock","10":"shipping-taxable","11":"purchasable","12":"product-type-simple"},"_links":{"self":[{"href":"https:\/\/www.acquavici.com.br\/en\/wp-json\/wp\/v2\/product\/2453","targetHints":{"allow":["GET"]}}],"collection":[{"href":"https:\/\/www.acquavici.com.br\/en\/wp-json\/wp\/v2\/product"}],"about":[{"href":"https:\/\/www.acquavici.com.br\/en\/wp-json\/wp\/v2\/types\/product"}],"replies":[{"embeddable":true,"href":"https:\/\/www.acquavici.com.br\/en\/wp-json\/wp\/v2\/comments?post=2453"}],"wp:featuredmedia":[{"embeddable":true,"href":"https:\/\/www.acquavici.com.br\/en\/wp-json\/wp\/v2\/media\/2454"}],"wp:attachment":[{"href":"https:\/\/www.acquavici.com.br\/en\/wp-json\/wp\/v2\/media?parent=2453"}],"wp:term":[{"taxonomy":"product_brand","embeddable":true,"href":"https:\/\/www.acquavici.com.br\/en\/wp-json\/wp\/v2\/product_brand?post=2453"},{"taxonomy":"product_cat","embeddable":true,"href":"https:\/\/www.acquavici.com.br\/en\/wp-json\/wp\/v2\/product_cat?post=2453"},{"taxonomy":"product_tag","embeddable":true,"href":"https:\/\/www.acquavici.com.br\/en\/wp-json\/wp\/v2\/product_tag?post=2453"}],"curies":[{"name":"wp","href":"https:\/\/api.w.org\/{rel}","templated":true}]}}