{"id":2470,"date":"2025-05-08T09:02:03","date_gmt":"2025-05-08T12:02:03","guid":{"rendered":"https:\/\/www.acquavici.com.br\/?post_type=product&#038;p=2470"},"modified":"2025-05-08T09:02:03","modified_gmt":"2025-05-08T12:02:03","slug":"desviador-cardal-para-ducha-potenza-branco-ps201k100","status":"publish","type":"product","link":"https:\/\/www.acquavici.com.br\/en\/desviador-cardal-para-ducha-potenza-branco-ps201k100\/","title":{"rendered":"Desviador Cardal para Ducha Potenza Branco &#8211; PS201K100"},"content":{"rendered":"<div id=\"product-wrapper\" class=\"product-wrapper\">\n<div class=\"product-tabs\">\n<div class=\"tabs-content\">\n<div id=\"descricao\" class=\"tab rte description-ab active\">\n<p><samp>Desviador cardal para ducha potenza branco ps201<\/samp><\/p>\n<p><samp>Ref.: PS201k100<\/samp><\/p>\n<p><samp>Fabricante: cardal<\/samp><\/p>\n<p><samp>Composi\u00e7\u00e3o b\u00e1sica: ligas de a\u00e7o, asterostomelas, termopl\u00e1sticos, abs para ducha cardal: potenza (du063)<\/samp><\/p>\n<p><samp>Obs: a f\u00e1brica mudou o modelo de encaixe para modelo de rosca, enviaremos uma luva para que possa utilizar a sua mangueira desviador com ducha manual cardal cromado<\/samp><\/p>\n<\/div>\n<\/div>\n<\/div>\n<\/div>\n<div class=\"section-product-related\">\n<div class=\"container\">\n<div class=\"section-header\"><\/div>\n<\/div>\n<\/div>","protected":false},"excerpt":{"rendered":"<p>Desviador cardal para ducha potenza branco ps201 Ref.: PS201k100 Fabricante: cardal Composi\u00e7\u00e3o b\u00e1sica: ligas de a\u00e7o, asterostomelas, termopl\u00e1sticos, abs para ducha cardal: potenza (du063) Obs: a f\u00e1brica mudou o modelo de encaixe para modelo de rosca, enviaremos uma luva para que possa utilizar a sua mangueira desviador com ducha manual cardal cromado<\/p>","protected":false},"featured_media":2471,"comment_status":"closed","ping_status":"closed","template":"","meta":[],"product_brand":[],"product_cat":[17],"product_tag":[],"class_list":{"0":"post-2470","1":"product","2":"type-product","3":"status-publish","4":"has-post-thumbnail","6":"product_cat-pecas-em-geral","8":"first","9":"instock","10":"shipping-taxable","11":"purchasable","12":"product-type-simple"},"_links":{"self":[{"href":"https:\/\/www.acquavici.com.br\/en\/wp-json\/wp\/v2\/product\/2470","targetHints":{"allow":["GET"]}}],"collection":[{"href":"https:\/\/www.acquavici.com.br\/en\/wp-json\/wp\/v2\/product"}],"about":[{"href":"https:\/\/www.acquavici.com.br\/en\/wp-json\/wp\/v2\/types\/product"}],"replies":[{"embeddable":true,"href":"https:\/\/www.acquavici.com.br\/en\/wp-json\/wp\/v2\/comments?post=2470"}],"wp:featuredmedia":[{"embeddable":true,"href":"https:\/\/www.acquavici.com.br\/en\/wp-json\/wp\/v2\/media\/2471"}],"wp:attachment":[{"href":"https:\/\/www.acquavici.com.br\/en\/wp-json\/wp\/v2\/media?parent=2470"}],"wp:term":[{"taxonomy":"product_brand","embeddable":true,"href":"https:\/\/www.acquavici.com.br\/en\/wp-json\/wp\/v2\/product_brand?post=2470"},{"taxonomy":"product_cat","embeddable":true,"href":"https:\/\/www.acquavici.com.br\/en\/wp-json\/wp\/v2\/product_cat?post=2470"},{"taxonomy":"product_tag","embeddable":true,"href":"https:\/\/www.acquavici.com.br\/en\/wp-json\/wp\/v2\/product_tag?post=2470"}],"curies":[{"name":"wp","href":"https:\/\/api.w.org\/{rel}","templated":true}]}}