{"id":2472,"date":"2025-05-08T09:44:21","date_gmt":"2025-05-08T12:44:21","guid":{"rendered":"https:\/\/www.acquavici.com.br\/?post_type=product&#038;p=2472"},"modified":"2025-05-08T09:44:21","modified_gmt":"2025-05-08T12:44:21","slug":"tubo-pistao-pr379-435mm-c-tiragem-582mm-cardal","status":"publish","type":"product","link":"https:\/\/www.acquavici.com.br\/en\/tubo-pistao-pr379-435mm-c-tiragem-582mm-cardal\/","title":{"rendered":"Tubo Pist\u00e3o (PR379) 43,5mm c\/Tiragem 58,2mm &#8211; Cardal"},"content":{"rendered":"<div class=\"product-description user-content\">\n<p>Tubo Pist\u00e3o 43,5mm c\/Tiragem 58,2mm &#8211; Cardal<\/p>\n<p>Cod. PR379<\/p>\n<p>Para d\u00favidas sobre assist\u00eancia entre em contato conosco, para auxiliarmos no que for necess\u00e1rio ou fa\u00e7a uma perguntar abaixo.<\/p>\n<\/div>","protected":false},"excerpt":{"rendered":"<p>Tubo Pist\u00e3o 43,5mm c\/Tiragem 58,2mm &#8211; Cardal Cod. PR379 Para d\u00favidas sobre assist\u00eancia entre em contato conosco, para auxiliarmos no que for necess\u00e1rio ou fa\u00e7a uma perguntar abaixo.<\/p>","protected":false},"featured_media":2473,"comment_status":"closed","ping_status":"closed","template":"","meta":[],"product_brand":[],"product_cat":[17],"product_tag":[],"class_list":{"0":"post-2472","1":"product","2":"type-product","3":"status-publish","4":"has-post-thumbnail","6":"product_cat-pecas-em-geral","8":"first","9":"instock","10":"shipping-taxable","11":"purchasable","12":"product-type-simple"},"_links":{"self":[{"href":"https:\/\/www.acquavici.com.br\/en\/wp-json\/wp\/v2\/product\/2472","targetHints":{"allow":["GET"]}}],"collection":[{"href":"https:\/\/www.acquavici.com.br\/en\/wp-json\/wp\/v2\/product"}],"about":[{"href":"https:\/\/www.acquavici.com.br\/en\/wp-json\/wp\/v2\/types\/product"}],"replies":[{"embeddable":true,"href":"https:\/\/www.acquavici.com.br\/en\/wp-json\/wp\/v2\/comments?post=2472"}],"wp:featuredmedia":[{"embeddable":true,"href":"https:\/\/www.acquavici.com.br\/en\/wp-json\/wp\/v2\/media\/2473"}],"wp:attachment":[{"href":"https:\/\/www.acquavici.com.br\/en\/wp-json\/wp\/v2\/media?parent=2472"}],"wp:term":[{"taxonomy":"product_brand","embeddable":true,"href":"https:\/\/www.acquavici.com.br\/en\/wp-json\/wp\/v2\/product_brand?post=2472"},{"taxonomy":"product_cat","embeddable":true,"href":"https:\/\/www.acquavici.com.br\/en\/wp-json\/wp\/v2\/product_cat?post=2472"},{"taxonomy":"product_tag","embeddable":true,"href":"https:\/\/www.acquavici.com.br\/en\/wp-json\/wp\/v2\/product_tag?post=2472"}],"curies":[{"name":"wp","href":"https:\/\/api.w.org\/{rel}","templated":true}]}}