{"id":2486,"date":"2025-06-24T15:09:07","date_gmt":"2025-06-24T18:09:07","guid":{"rendered":"https:\/\/www.acquavici.com.br\/?post_type=product&#038;p=2486"},"modified":"2025-06-24T15:09:07","modified_gmt":"2025-06-24T18:09:07","slug":"resistencia-duo-shower-3065-d-220v-7500w-lorenzetti","status":"publish","type":"product","link":"https:\/\/www.acquavici.com.br\/en\/resistencia-duo-shower-3065-d-220v-7500w-lorenzetti\/","title":{"rendered":"Resist\u00eancia Duo Shower 3065-D 220V 7500W Lorenzetti"},"content":{"rendered":"<p>A Resist\u00eancia Lorenzetti 3065-D Loren Ultra de 220 V e 7500 W \u00e9 ideal para garantir o bom funcionamento e a seguran\u00e7a no aquecimento de \u00e1gua, oferecendo mais economia e conforto no dia a dia.<\/p>\n<p>Al\u00e9m disso, a Loren Ultra \u00e9 uma resist\u00eancia de alta performance e garante uma dura\u00e7\u00e3o muito maior se comparada \u00e0s resist\u00eancias comuns.<\/p>\n<p>Por ser um modelo \u00fanico, ela \u00e9 compat\u00edvel com as duchas: Duo Shower e Duo Shower Quadra, ambas produzidas pela pr\u00f3pria Lorenzetti.<\/p>\n<p>No entanto, a sua instala\u00e7\u00e3o el\u00e9trica deve seguir as especifica\u00e7\u00f5es exigidas pelo fabricante. Neste caso, recomenda-se o uso de um disjuntor de no m\u00ednimo 40 A.<\/p>\n<p>Obs: a troca e a instala\u00e7\u00e3o devem ser feitas com o chuveiro da Lorenzetti no modo \u201cdesligado\u201d, juntamente com o disjuntor geral da resid\u00eancia. Ap\u00f3s a troca da resist\u00eancia, ligue o registro e deixe a \u00e1gua fria escorrer pelo produto por pelo menos 15 segundos com ele ainda desligado.<\/p>","protected":false},"excerpt":{"rendered":"<p>A Resist\u00eancia Lorenzetti 3065-D Loren Ultra de 220 V e 7500 W \u00e9 ideal para garantir o bom funcionamento e a seguran\u00e7a no aquecimento de \u00e1gua, oferecendo mais economia e conforto no dia a dia. Al\u00e9m disso, a Loren Ultra \u00e9 uma resist\u00eancia de alta performance e garante uma dura\u00e7\u00e3o muito maior se comparada \u00e0s [&hellip;]<\/p>","protected":false},"featured_media":2487,"comment_status":"closed","ping_status":"closed","template":"","meta":[],"product_brand":[],"product_cat":[17],"product_tag":[],"class_list":{"0":"post-2486","1":"product","2":"type-product","3":"status-publish","4":"has-post-thumbnail","6":"product_cat-pecas-em-geral","8":"first","9":"instock","10":"shipping-taxable","11":"purchasable","12":"product-type-simple"},"_links":{"self":[{"href":"https:\/\/www.acquavici.com.br\/en\/wp-json\/wp\/v2\/product\/2486","targetHints":{"allow":["GET"]}}],"collection":[{"href":"https:\/\/www.acquavici.com.br\/en\/wp-json\/wp\/v2\/product"}],"about":[{"href":"https:\/\/www.acquavici.com.br\/en\/wp-json\/wp\/v2\/types\/product"}],"replies":[{"embeddable":true,"href":"https:\/\/www.acquavici.com.br\/en\/wp-json\/wp\/v2\/comments?post=2486"}],"wp:featuredmedia":[{"embeddable":true,"href":"https:\/\/www.acquavici.com.br\/en\/wp-json\/wp\/v2\/media\/2487"}],"wp:attachment":[{"href":"https:\/\/www.acquavici.com.br\/en\/wp-json\/wp\/v2\/media?parent=2486"}],"wp:term":[{"taxonomy":"product_brand","embeddable":true,"href":"https:\/\/www.acquavici.com.br\/en\/wp-json\/wp\/v2\/product_brand?post=2486"},{"taxonomy":"product_cat","embeddable":true,"href":"https:\/\/www.acquavici.com.br\/en\/wp-json\/wp\/v2\/product_cat?post=2486"},{"taxonomy":"product_tag","embeddable":true,"href":"https:\/\/www.acquavici.com.br\/en\/wp-json\/wp\/v2\/product_tag?post=2486"}],"curies":[{"name":"wp","href":"https:\/\/api.w.org\/{rel}","templated":true}]}}