{"id":2489,"date":"2025-07-02T14:54:49","date_gmt":"2025-07-02T17:54:49","guid":{"rendered":"https:\/\/www.acquavici.com.br\/?post_type=product&#038;p=2489"},"modified":"2025-07-02T14:54:49","modified_gmt":"2025-07-02T17:54:49","slug":"aquecedor-individual-cardal-3t-bl-5kw-220v-aq259-2","status":"publish","type":"product","link":"https:\/\/www.acquavici.com.br\/en\/aquecedor-individual-cardal-3t-bl-5kw-220v-aq259-2\/","title":{"rendered":"Aquecedor Individual Cardal 3t Bl &#8211; 5kw\/220v AQ259\/2"},"content":{"rendered":"<p>Aquecedor Individual 3T Com Resist\u00eancia Blindada 5kw\/220v Cardal AQ-259\/2 Possui resist\u00eancia Blindada e por isso tem maior durabilidade 3 Op\u00e7\u00f5es de Temperatura Sem complica\u00e7\u00f5es, o Aquecedor \u00e9 instalado diretamente no ponto de uso, sem a necessidade de extensas tubula\u00e7\u00f5es de \u00e1gua quente, comum nos sistemas de aquecimento central O \u00fanico que suporta at\u00e9 100 metros de coluna d&#8217;\u00e1gua Carca\u00e7a em pl\u00e1stico de engenharia com fibra de vidro: maior resist\u00eancia e durabilidade Elemento de fixa\u00e7\u00e3o refor\u00e7ados: evita vazamentos Com a chave de fluxo \u00e9 poss\u00edvel consumir energia somente quando o registro for aberto Compat\u00edvel com aquecimento solar Compat\u00edvel dispositivo D.R. Resist\u00eancias independentes Aprovado pelo INMETRO Baixo consumo de energia Informa\u00e7\u00f5es t\u00e9cnicas: Marca: Cardal Cor: Branco Modelo: Aquecedor Individual 3T Tipo de aquecedor: Individual Temperaturas: 3 Energia de Alimenta\u00e7\u00e3o: 220 Volts Pot\u00eancia: 5000 Watts Fia\u00e7\u00e3o M\u00ednima: 4mm\u00b2 Press\u00e3o de funcionamento: M\u00ednima: 20 kPa (2 m.c.a.) M\u00e1xima: 100 kPa (100 m.c.a.) Disjuntor: 25 A Itens inclusos: 01 Aquecedor; 01 Manual de Instru\u00e7\u00f5es; 01 Termo de Garantia; 01 Rela\u00e7\u00e3o de Rede Autorizada. ATEN\u00c7\u00c3O Enviado com Nota Fiscal SOMOS REVENDA T\u00c9CNICA ESPECIALIZADA AUTORIZADA CARDAL<\/p>","protected":false},"excerpt":{"rendered":"<p>Aquecedor Individual 3T Com Resist\u00eancia Blindada 5kw\/220v Cardal AQ-259\/2 Possui resist\u00eancia Blindada e por isso tem maior durabilidade 3 Op\u00e7\u00f5es de Temperatura Sem complica\u00e7\u00f5es, o Aquecedor \u00e9 instalado diretamente no ponto de uso, sem a necessidade de extensas tubula\u00e7\u00f5es de \u00e1gua quente, comum nos sistemas de aquecimento central O \u00fanico que suporta at\u00e9 100 metros [&hellip;]<\/p>","protected":false},"featured_media":2494,"comment_status":"closed","ping_status":"closed","template":"","meta":[],"product_brand":[],"product_cat":[21],"product_tag":[],"class_list":{"0":"post-2489","1":"product","2":"type-product","3":"status-publish","4":"has-post-thumbnail","6":"product_cat-aquecedor-eletrico","8":"first","9":"instock","10":"shipping-taxable","11":"purchasable","12":"product-type-simple"},"_links":{"self":[{"href":"https:\/\/www.acquavici.com.br\/en\/wp-json\/wp\/v2\/product\/2489","targetHints":{"allow":["GET"]}}],"collection":[{"href":"https:\/\/www.acquavici.com.br\/en\/wp-json\/wp\/v2\/product"}],"about":[{"href":"https:\/\/www.acquavici.com.br\/en\/wp-json\/wp\/v2\/types\/product"}],"replies":[{"embeddable":true,"href":"https:\/\/www.acquavici.com.br\/en\/wp-json\/wp\/v2\/comments?post=2489"}],"wp:featuredmedia":[{"embeddable":true,"href":"https:\/\/www.acquavici.com.br\/en\/wp-json\/wp\/v2\/media\/2494"}],"wp:attachment":[{"href":"https:\/\/www.acquavici.com.br\/en\/wp-json\/wp\/v2\/media?parent=2489"}],"wp:term":[{"taxonomy":"product_brand","embeddable":true,"href":"https:\/\/www.acquavici.com.br\/en\/wp-json\/wp\/v2\/product_brand?post=2489"},{"taxonomy":"product_cat","embeddable":true,"href":"https:\/\/www.acquavici.com.br\/en\/wp-json\/wp\/v2\/product_cat?post=2489"},{"taxonomy":"product_tag","embeddable":true,"href":"https:\/\/www.acquavici.com.br\/en\/wp-json\/wp\/v2\/product_tag?post=2489"}],"curies":[{"name":"wp","href":"https:\/\/api.w.org\/{rel}","templated":true}]}}