{"id":2498,"date":"2025-07-22T10:15:53","date_gmt":"2025-07-22T13:15:53","guid":{"rendered":"https:\/\/www.acquavici.com.br\/?post_type=product&#038;p=2498"},"modified":"2025-07-22T10:15:53","modified_gmt":"2025-07-22T13:15:53","slug":"reparo-torneira-alavanca-pratika-cromada-ref-04606-fabrimar-cor-prateado","status":"publish","type":"product","link":"https:\/\/www.acquavici.com.br\/en\/reparo-torneira-alavanca-pratika-cromada-ref-04606-fabrimar-cor-prateado\/","title":{"rendered":"Reparo Torneira Alavanca Pratika Cromada Ref.04606 Fabrimar Cor Prateado"},"content":{"rendered":"<div id=\"description\" class=\"ui-pdp-container__row ui-pdp-container__row--description\">\n<div class=\"ui-pdp-collapsable ui-pdp-description-collapse\">\n<div class=\"ui-pdp-collapsable__container\">\n<div id=\"description\" class=\"ui-pdp-description\">\n<p class=\"ui-pdp-description__content\" data-testid=\"content\">Reparo Torneira Alavanca Pratika Cromada Ref.04606<\/p>\n<p>Este reparo \u00e9 ideal para torneiras e misturadores da marca Fabrimar, garantindo a qualidade e durabilidade que voc\u00ea espera. Com um design moderno e funcional, a alavanca completa proporciona um controle duplo comando, permitindo um ajuste preciso da temperatura e fluxo da \u00e1gua. A instala\u00e7\u00e3o \u00e9 simples, pois \u00e9 projetada para um \u00fanico furo, tornando-a perfeita para diversos ambientes, especialmente banheiros. Fabricada em metal, a linha Pratika combina resist\u00eancia e est\u00e9tica, sendo uma excelente escolha para quem busca um produto novo e de alta performance. N\u00e3o possui chuveiro de m\u00e3o, focando na efici\u00eancia e praticidade do uso di\u00e1rio. Escolha o Reparo Torneira Alavanca Pratika e transforme sua experi\u00eancia com \u00e1gua em casa!<\/p>\n<\/div>\n<\/div>\n<\/div>\n<\/div>\n<div class=\"ui-vip-core-spot-middle\">\n<section class=\"ui-recommendations-carousel-wrapper-ref ui-recommendations-over-white-background\">\n<div class=\"ui-recommendations-carousel-snapped ui-pdp-with--separator-top ui-pdp-with--separator-top--full mb-40 recos-override__card-vertical\">\n<div class=\"ui-recommendations-carousel-snapped__header\">\n<div class=\"ui-recommendations-carousel-snapped__header-titles\"><\/div>\n<\/div>\n<\/div>\n<\/section>\n<\/div>","protected":false},"excerpt":{"rendered":"<p>Reparo Torneira Alavanca Pratika Cromada Ref.04606 Este reparo \u00e9 ideal para torneiras e misturadores da marca Fabrimar, garantindo a qualidade e durabilidade que voc\u00ea espera. Com um design moderno e funcional, a alavanca completa proporciona um controle duplo comando, permitindo um ajuste preciso da temperatura e fluxo da \u00e1gua. A instala\u00e7\u00e3o \u00e9 simples, pois \u00e9 [&hellip;]<\/p>","protected":false},"featured_media":2502,"comment_status":"closed","ping_status":"closed","template":"","meta":[],"product_brand":[],"product_cat":[17],"product_tag":[],"class_list":{"0":"post-2498","1":"product","2":"type-product","3":"status-publish","4":"has-post-thumbnail","6":"product_cat-pecas-em-geral","8":"first","9":"instock","10":"shipping-taxable","11":"purchasable","12":"product-type-simple"},"_links":{"self":[{"href":"https:\/\/www.acquavici.com.br\/en\/wp-json\/wp\/v2\/product\/2498","targetHints":{"allow":["GET"]}}],"collection":[{"href":"https:\/\/www.acquavici.com.br\/en\/wp-json\/wp\/v2\/product"}],"about":[{"href":"https:\/\/www.acquavici.com.br\/en\/wp-json\/wp\/v2\/types\/product"}],"replies":[{"embeddable":true,"href":"https:\/\/www.acquavici.com.br\/en\/wp-json\/wp\/v2\/comments?post=2498"}],"wp:featuredmedia":[{"embeddable":true,"href":"https:\/\/www.acquavici.com.br\/en\/wp-json\/wp\/v2\/media\/2502"}],"wp:attachment":[{"href":"https:\/\/www.acquavici.com.br\/en\/wp-json\/wp\/v2\/media?parent=2498"}],"wp:term":[{"taxonomy":"product_brand","embeddable":true,"href":"https:\/\/www.acquavici.com.br\/en\/wp-json\/wp\/v2\/product_brand?post=2498"},{"taxonomy":"product_cat","embeddable":true,"href":"https:\/\/www.acquavici.com.br\/en\/wp-json\/wp\/v2\/product_cat?post=2498"},{"taxonomy":"product_tag","embeddable":true,"href":"https:\/\/www.acquavici.com.br\/en\/wp-json\/wp\/v2\/product_tag?post=2498"}],"curies":[{"name":"wp","href":"https:\/\/api.w.org\/{rel}","templated":true}]}}