{"id":2510,"date":"2025-08-04T10:34:21","date_gmt":"2025-08-04T13:34:21","guid":{"rendered":"https:\/\/www.acquavici.com.br\/?post_type=product&#038;p=2510"},"modified":"2025-08-04T10:34:21","modified_gmt":"2025-08-04T13:34:21","slug":"aquecedor-cardal-hidro-ofuro-5200w-aq023-2-cor-branco","status":"publish","type":"product","link":"https:\/\/www.acquavici.com.br\/en\/aquecedor-cardal-hidro-ofuro-5200w-aq023-2-cor-branco\/","title":{"rendered":"Aquecedor Cardal Hidro Ofuro 5200w &#8211; Aq023\/2 Cor Branco"},"content":{"rendered":"<div id=\"description\" class=\"ui-pdp-container__row ui-pdp-container__row--description\">\n<div class=\"ui-pdp-collapsable ui-pdp-description-collapse\">\n<div class=\"ui-pdp-collapsable__container\">\n<div id=\"description\" class=\"ui-pdp-description\">\n<p class=\"ui-pdp-description__content\" data-testid=\"content\">Aque\u00e7a a \u00e1gua da sua casa de forma simples e r\u00e1pida, para desfrutar de um banho agrad\u00e1vel ou utiliz\u00e1-la para a limpeza e higiene da sua cozinha.<\/p>\n<p>\u00c1gua sempre quente<br \/>\nOs aquecedores el\u00e9tricos permitem que voc\u00ea esquente instantaneamente a \u00e1gua no momento em que os liga. Al\u00e9m disso, s\u00e3o f\u00e1ceis de instalar e precisam de menos espa\u00e7o para serem colocados dentro de casa.<\/p>\n<\/div>\n<\/div>\n<\/div>\n<\/div>\n<div class=\"ui-vip-core-spot-middle\">\n<section class=\"ui-recommendations-carousel-wrapper-ref ui-recommendations-over-white-background\">\n<div class=\"ui-recommendations-carousel-snapped ui-pdp-with--separator-top ui-pdp-with--separator-top--full mb-40 recos-override__card-vertical\">\n<div class=\"ui-recommendations-carousel-snapped__header\">\n<div class=\"ui-recommendations-carousel-snapped__header-titles\"><\/div>\n<\/div>\n<\/div>\n<\/section>\n<\/div>","protected":false},"excerpt":{"rendered":"<p>Aque\u00e7a a \u00e1gua da sua casa de forma simples e r\u00e1pida, para desfrutar de um banho agrad\u00e1vel ou utiliz\u00e1-la para a limpeza e higiene da sua cozinha. \u00c1gua sempre quente Os aquecedores el\u00e9tricos permitem que voc\u00ea esquente instantaneamente a \u00e1gua no momento em que os liga. Al\u00e9m disso, s\u00e3o f\u00e1ceis de instalar e precisam de [&hellip;]<\/p>","protected":false},"featured_media":2511,"comment_status":"closed","ping_status":"closed","template":"","meta":[],"product_brand":[],"product_cat":[21],"product_tag":[],"class_list":{"0":"post-2510","1":"product","2":"type-product","3":"status-publish","4":"has-post-thumbnail","6":"product_cat-aquecedor-eletrico","8":"first","9":"instock","10":"shipping-taxable","11":"purchasable","12":"product-type-simple"},"_links":{"self":[{"href":"https:\/\/www.acquavici.com.br\/en\/wp-json\/wp\/v2\/product\/2510","targetHints":{"allow":["GET"]}}],"collection":[{"href":"https:\/\/www.acquavici.com.br\/en\/wp-json\/wp\/v2\/product"}],"about":[{"href":"https:\/\/www.acquavici.com.br\/en\/wp-json\/wp\/v2\/types\/product"}],"replies":[{"embeddable":true,"href":"https:\/\/www.acquavici.com.br\/en\/wp-json\/wp\/v2\/comments?post=2510"}],"wp:featuredmedia":[{"embeddable":true,"href":"https:\/\/www.acquavici.com.br\/en\/wp-json\/wp\/v2\/media\/2511"}],"wp:attachment":[{"href":"https:\/\/www.acquavici.com.br\/en\/wp-json\/wp\/v2\/media?parent=2510"}],"wp:term":[{"taxonomy":"product_brand","embeddable":true,"href":"https:\/\/www.acquavici.com.br\/en\/wp-json\/wp\/v2\/product_brand?post=2510"},{"taxonomy":"product_cat","embeddable":true,"href":"https:\/\/www.acquavici.com.br\/en\/wp-json\/wp\/v2\/product_cat?post=2510"},{"taxonomy":"product_tag","embeddable":true,"href":"https:\/\/www.acquavici.com.br\/en\/wp-json\/wp\/v2\/product_tag?post=2510"}],"curies":[{"name":"wp","href":"https:\/\/api.w.org\/{rel}","templated":true}]}}