{"id":2513,"date":"2025-08-06T10:57:52","date_gmt":"2025-08-06T13:57:52","guid":{"rendered":"https:\/\/www.acquavici.com.br\/?post_type=product&#038;p=2513"},"modified":"2025-08-06T10:57:52","modified_gmt":"2025-08-06T13:57:52","slug":"transmissor-controle-remoto-ventilador-aliseu-terral-eco","status":"publish","type":"product","link":"https:\/\/www.acquavici.com.br\/en\/transmissor-controle-remoto-ventilador-aliseu-terral-eco\/","title":{"rendered":"Transmissor Controle Remoto Ventilador Aliseu Terral Eco"},"content":{"rendered":"<p>M\u00f3dulo Transmissor do Controle Remoto Ventilador Aliseu Terral ECO Bivolts &#8211; p\/Controle AL60Motor AL50 Auto-Volts &#8211; *Apenas M\u00f3dulo Transmissor Manual(Controle remoto)<\/p>\n<p>* N\u00e3o acompanha Bateria\/Pilha*<br \/>\nServe Somente p\/Ventilador TERRAL ECO Auto-Volts 110-240Volts*<br \/>\n* N\u00c3O Acompanha Suporte para Fixar na parede *<br \/>\n* N\u00c3O Acompanha Bateria * p<\/p>\n<p>* Apenas o Transmissor Manual * * Aten\u00e7\u00e3o Serve Apenas p\/M\u00f3dulo Recepto do Terral ECO Auto-Volts*<\/p>","protected":false},"excerpt":{"rendered":"<p>M\u00f3dulo Transmissor do Controle Remoto Ventilador Aliseu Terral ECO Bivolts &#8211; p\/Controle AL60Motor AL50 Auto-Volts &#8211; *Apenas M\u00f3dulo Transmissor Manual(Controle remoto) * N\u00e3o acompanha Bateria\/Pilha* Serve Somente p\/Ventilador TERRAL ECO Auto-Volts 110-240Volts* * N\u00c3O Acompanha Suporte para Fixar na parede * * N\u00c3O Acompanha Bateria * p * Apenas o Transmissor Manual * * Aten\u00e7\u00e3o [&hellip;]<\/p>","protected":false},"featured_media":2514,"comment_status":"closed","ping_status":"closed","template":"","meta":[],"product_brand":[],"product_cat":[17,20],"product_tag":[],"class_list":{"0":"post-2513","1":"product","2":"type-product","3":"status-publish","4":"has-post-thumbnail","6":"product_cat-pecas-em-geral","7":"product_cat-ventilador-de-teto","9":"first","10":"instock","11":"shipping-taxable","12":"purchasable","13":"product-type-simple"},"_links":{"self":[{"href":"https:\/\/www.acquavici.com.br\/en\/wp-json\/wp\/v2\/product\/2513","targetHints":{"allow":["GET"]}}],"collection":[{"href":"https:\/\/www.acquavici.com.br\/en\/wp-json\/wp\/v2\/product"}],"about":[{"href":"https:\/\/www.acquavici.com.br\/en\/wp-json\/wp\/v2\/types\/product"}],"replies":[{"embeddable":true,"href":"https:\/\/www.acquavici.com.br\/en\/wp-json\/wp\/v2\/comments?post=2513"}],"wp:featuredmedia":[{"embeddable":true,"href":"https:\/\/www.acquavici.com.br\/en\/wp-json\/wp\/v2\/media\/2514"}],"wp:attachment":[{"href":"https:\/\/www.acquavici.com.br\/en\/wp-json\/wp\/v2\/media?parent=2513"}],"wp:term":[{"taxonomy":"product_brand","embeddable":true,"href":"https:\/\/www.acquavici.com.br\/en\/wp-json\/wp\/v2\/product_brand?post=2513"},{"taxonomy":"product_cat","embeddable":true,"href":"https:\/\/www.acquavici.com.br\/en\/wp-json\/wp\/v2\/product_cat?post=2513"},{"taxonomy":"product_tag","embeddable":true,"href":"https:\/\/www.acquavici.com.br\/en\/wp-json\/wp\/v2\/product_tag?post=2513"}],"curies":[{"name":"wp","href":"https:\/\/api.w.org\/{rel}","templated":true}]}}