{"id":2517,"date":"2025-08-06T13:54:05","date_gmt":"2025-08-06T16:54:05","guid":{"rendered":"https:\/\/www.acquavici.com.br\/?post_type=product&#038;p=2517"},"modified":"2025-08-06T13:55:15","modified_gmt":"2025-08-06T16:55:15","slug":"modulo-receptor-aliseu-terral-linha-eco-bivolts","status":"publish","type":"product","link":"https:\/\/www.acquavici.com.br\/en\/modulo-receptor-aliseu-terral-linha-eco-bivolts\/","title":{"rendered":"M\u00f3dulo Receptor Aliseu Terral Linha Eco Bivolts"},"content":{"rendered":"<p>M\u00f3dulo Receptor do Controle Remoto Ventilador Aliseu Terral Linha ECO Bivolts 110-240V &#8211; *Apenas o Receptor Auto-Volts p\/Controle AL60 Motor AL50 (AutoVolts)<\/p>\n<p>* ATEN\u00c7\u00c3O: SERVE APENAS P\/ALISEU TERRAL ECO Auto-Volts 110-240Volts *<br \/>\n* N\u00c3O SE APLICA A NENHUM OUTRO MODELO*<\/p>\n<p>M\u00f3dulo Receptor para Kit Controle AL60 e Motor AL50<br \/>\nM\u00f3dulo do Controle Remoto ECO Auto-Volts<br \/>\n*Apenas o RECEPTOR*<\/p>","protected":false},"excerpt":{"rendered":"<p>M\u00f3dulo Receptor do Controle Remoto Ventilador Aliseu Terral Linha ECO Bivolts 110-240V &#8211; *Apenas o Receptor Auto-Volts p\/Controle AL60 Motor AL50 (AutoVolts) * ATEN\u00c7\u00c3O: SERVE APENAS P\/ALISEU TERRAL ECO Auto-Volts 110-240Volts * * N\u00c3O SE APLICA A NENHUM OUTRO MODELO* M\u00f3dulo Receptor para Kit Controle AL60 e Motor AL50 M\u00f3dulo do Controle Remoto ECO Auto-Volts [&hellip;]<\/p>","protected":false},"featured_media":2519,"comment_status":"closed","ping_status":"closed","template":"","meta":[],"product_brand":[],"product_cat":[17,20],"product_tag":[],"class_list":{"0":"post-2517","1":"product","2":"type-product","3":"status-publish","4":"has-post-thumbnail","6":"product_cat-pecas-em-geral","7":"product_cat-ventilador-de-teto","9":"first","10":"instock","11":"shipping-taxable","12":"purchasable","13":"product-type-simple"},"_links":{"self":[{"href":"https:\/\/www.acquavici.com.br\/en\/wp-json\/wp\/v2\/product\/2517","targetHints":{"allow":["GET"]}}],"collection":[{"href":"https:\/\/www.acquavici.com.br\/en\/wp-json\/wp\/v2\/product"}],"about":[{"href":"https:\/\/www.acquavici.com.br\/en\/wp-json\/wp\/v2\/types\/product"}],"replies":[{"embeddable":true,"href":"https:\/\/www.acquavici.com.br\/en\/wp-json\/wp\/v2\/comments?post=2517"}],"wp:featuredmedia":[{"embeddable":true,"href":"https:\/\/www.acquavici.com.br\/en\/wp-json\/wp\/v2\/media\/2519"}],"wp:attachment":[{"href":"https:\/\/www.acquavici.com.br\/en\/wp-json\/wp\/v2\/media?parent=2517"}],"wp:term":[{"taxonomy":"product_brand","embeddable":true,"href":"https:\/\/www.acquavici.com.br\/en\/wp-json\/wp\/v2\/product_brand?post=2517"},{"taxonomy":"product_cat","embeddable":true,"href":"https:\/\/www.acquavici.com.br\/en\/wp-json\/wp\/v2\/product_cat?post=2517"},{"taxonomy":"product_tag","embeddable":true,"href":"https:\/\/www.acquavici.com.br\/en\/wp-json\/wp\/v2\/product_tag?post=2517"}],"curies":[{"name":"wp","href":"https:\/\/api.w.org\/{rel}","templated":true}]}}