{"id":253,"date":"2024-04-17T10:48:21","date_gmt":"2024-04-17T13:48:21","guid":{"rendered":"https:\/\/www.acquavici.com.br\/?post_type=product&#038;p=253"},"modified":"2025-08-11T15:03:11","modified_gmt":"2025-08-11T18:03:11","slug":"torneira-agile-zagonel-220v-4500w-branca","status":"publish","type":"product","link":"https:\/\/www.acquavici.com.br\/en\/torneira-agile-zagonel-220v-4500w-branca\/","title":{"rendered":"TORNEIRA AGILE 3 TEMPERATURA 220V 4.500W BRANCA ZAGONEL"},"content":{"rendered":"<p>Desenvolvida para proporcionar seguran\u00e7a, facilidade e economia no dia a dia, a torneira Agile conta com 3 op\u00e7\u00f5es de temperatura!<\/p>\n<p>A torneira Perfeita para seu dia-a-dia, pois possui a temperatura certa para seu problema e como o pr\u00f3prio nome da torneira j\u00e1 diz, ela \u00e9 a mais \u00e1gil para voc\u00ea<br \/>\nDesenvolvida para proporcionar seguran\u00e7a, facilidade e economia no dia a dia, a torneira Agile conta com 3 op\u00e7\u00f5es de temperatura!<\/p>\n<p>Itens inclusos:<br \/>\n1 TORNEIRA AGILE 3 TEMPERATURA 220V 4.500W BRANCA ZAGONEL;<br \/>\n1 Manual de Instru\u00e7\u00f5es;<\/p>\n<p>ATEN\u00c7\u00c3O<br \/>\nEnviado com Nota Fiscal<\/p>\n<p>SOMOS ASSIST\u00caNCIA T\u00c9CNICA AUTORIZADA ZAGONEL.<\/p>","protected":false},"excerpt":{"rendered":"<p>Desenvolvida para proporcionar seguran\u00e7a, facilidade e economia no dia a dia, a torneira Agile conta com 3 op\u00e7\u00f5es de temperatura! A torneira Perfeita para seu dia-a-dia, pois possui a temperatura certa para seu problema e como o pr\u00f3prio nome da torneira j\u00e1 diz, ela \u00e9 a mais \u00e1gil para voc\u00ea Desenvolvida para proporcionar seguran\u00e7a, facilidade [&hellip;]<\/p>","protected":false},"featured_media":354,"comment_status":"open","ping_status":"closed","template":"","meta":[],"product_brand":[],"product_cat":[19],"product_tag":[],"class_list":{"0":"post-253","1":"product","2":"type-product","3":"status-publish","4":"has-post-thumbnail","6":"product_cat-torneiras","8":"first","9":"instock","10":"shipping-taxable","11":"purchasable","12":"product-type-simple"},"_links":{"self":[{"href":"https:\/\/www.acquavici.com.br\/en\/wp-json\/wp\/v2\/product\/253","targetHints":{"allow":["GET"]}}],"collection":[{"href":"https:\/\/www.acquavici.com.br\/en\/wp-json\/wp\/v2\/product"}],"about":[{"href":"https:\/\/www.acquavici.com.br\/en\/wp-json\/wp\/v2\/types\/product"}],"replies":[{"embeddable":true,"href":"https:\/\/www.acquavici.com.br\/en\/wp-json\/wp\/v2\/comments?post=253"}],"wp:featuredmedia":[{"embeddable":true,"href":"https:\/\/www.acquavici.com.br\/en\/wp-json\/wp\/v2\/media\/354"}],"wp:attachment":[{"href":"https:\/\/www.acquavici.com.br\/en\/wp-json\/wp\/v2\/media?parent=253"}],"wp:term":[{"taxonomy":"product_brand","embeddable":true,"href":"https:\/\/www.acquavici.com.br\/en\/wp-json\/wp\/v2\/product_brand?post=253"},{"taxonomy":"product_cat","embeddable":true,"href":"https:\/\/www.acquavici.com.br\/en\/wp-json\/wp\/v2\/product_cat?post=253"},{"taxonomy":"product_tag","embeddable":true,"href":"https:\/\/www.acquavici.com.br\/en\/wp-json\/wp\/v2\/product_tag?post=253"}],"curies":[{"name":"wp","href":"https:\/\/api.w.org\/{rel}","templated":true}]}}