{"id":2533,"date":"2025-08-08T11:52:24","date_gmt":"2025-08-08T14:52:24","guid":{"rendered":"https:\/\/www.acquavici.com.br\/?post_type=product&#038;p=2533"},"modified":"2025-08-08T11:54:38","modified_gmt":"2025-08-08T14:54:38","slug":"lustre-globo-para-ventilador-teto-ventisol-fenix-e-petit","status":"publish","type":"product","link":"https:\/\/www.acquavici.com.br\/en\/lustre-globo-para-ventilador-teto-ventisol-fenix-e-petit\/","title":{"rendered":"Lustre \/ Globo Para Ventilador Teto Ventisol F\u00eanix E Petit"},"content":{"rendered":"<p>Somente a c\u00fapula, n\u00e3o acompanha o plafon<br \/>\nUsado no modelo Fenix e Petit da Ventisol<br \/>\nDi\u00e2metro 21 cm<\/p>\n<p>Garantia de f\u00e1brica: 3 meses<\/p>","protected":false},"excerpt":{"rendered":"<p>Somente a c\u00fapula, n\u00e3o acompanha o plafon Usado no modelo Fenix e Petit da Ventisol Di\u00e2metro 21 cm Garantia de f\u00e1brica: 3 meses<\/p>","protected":false},"featured_media":2534,"comment_status":"closed","ping_status":"closed","template":"","meta":[],"product_brand":[],"product_cat":[17,20],"product_tag":[],"class_list":{"0":"post-2533","1":"product","2":"type-product","3":"status-publish","4":"has-post-thumbnail","6":"product_cat-pecas-em-geral","7":"product_cat-ventilador-de-teto","9":"first","10":"instock","11":"shipping-taxable","12":"purchasable","13":"product-type-simple"},"_links":{"self":[{"href":"https:\/\/www.acquavici.com.br\/en\/wp-json\/wp\/v2\/product\/2533","targetHints":{"allow":["GET"]}}],"collection":[{"href":"https:\/\/www.acquavici.com.br\/en\/wp-json\/wp\/v2\/product"}],"about":[{"href":"https:\/\/www.acquavici.com.br\/en\/wp-json\/wp\/v2\/types\/product"}],"replies":[{"embeddable":true,"href":"https:\/\/www.acquavici.com.br\/en\/wp-json\/wp\/v2\/comments?post=2533"}],"wp:featuredmedia":[{"embeddable":true,"href":"https:\/\/www.acquavici.com.br\/en\/wp-json\/wp\/v2\/media\/2534"}],"wp:attachment":[{"href":"https:\/\/www.acquavici.com.br\/en\/wp-json\/wp\/v2\/media?parent=2533"}],"wp:term":[{"taxonomy":"product_brand","embeddable":true,"href":"https:\/\/www.acquavici.com.br\/en\/wp-json\/wp\/v2\/product_brand?post=2533"},{"taxonomy":"product_cat","embeddable":true,"href":"https:\/\/www.acquavici.com.br\/en\/wp-json\/wp\/v2\/product_cat?post=2533"},{"taxonomy":"product_tag","embeddable":true,"href":"https:\/\/www.acquavici.com.br\/en\/wp-json\/wp\/v2\/product_tag?post=2533"}],"curies":[{"name":"wp","href":"https:\/\/api.w.org\/{rel}","templated":true}]}}