{"id":2543,"date":"2025-08-09T10:56:39","date_gmt":"2025-08-09T13:56:39","guid":{"rendered":"https:\/\/www.acquavici.com.br\/?post_type=product&#038;p=2543"},"modified":"2025-08-09T10:56:39","modified_gmt":"2025-08-09T13:56:39","slug":"torneira-multitemperatura-slim-4t-220v-5500w-preta-parede","status":"publish","type":"product","link":"https:\/\/www.acquavici.com.br\/en\/torneira-multitemperatura-slim-4t-220v-5500w-preta-parede\/","title":{"rendered":"Torneira Multitemperatura SLIM 4T 220v 5500w Preta Parede"},"content":{"rendered":"<div class=\"sc-hLBbgP fWYvOg sc-jGoKbf bXXJgD\" data-testid=\"product-detail\">\n<div class=\"sc-hLBbgP eodrha sc-kCuNey jeHWJR\" data-testid=\"product-detail-description\">\n<div class=\"sc-hLBbgP gcxrmT sc-dXqfbs lnWgwj\" data-testid=\"rich-content-container\">\n<div class=\"sc-hLBbgP fWYvOg sc-jGoKbf bXXJgD\" data-testid=\"product-detail\">\n<div class=\"sc-hLBbgP eodrha sc-kCuNey jeHWJR\" data-testid=\"product-detail-description\">\n<div class=\"sc-hLBbgP gcxrmT sc-dXqfbs lnWgwj\" data-testid=\"rich-content-container\">A Torneira Slim 4T possui um design inovador!<\/div>\n<div class=\"sc-hLBbgP gcxrmT sc-dXqfbs lnWgwj\" data-testid=\"rich-content-container\">Com detalhes cromados, que a deixam ainda mais bonita, al\u00e9m de ser compacta e muito pr\u00e1tica, com bica m\u00f3vel, arejador articul\u00e1vel. Permite que voc\u00ea tenha v\u00e1rias op\u00e7\u00f5es para encontrar a temperatura certa da \u00e1gua e fazer suas atividades dom\u00e9sticas com muito mais conforto, economia e seguran\u00e7a. Com seu inovador registro cer\u00e2mico, oferecendo ao usu\u00e1rio maior durabilidade e conforto, sem risco de pinga-pinga.<\/div>\n<\/div>\n<div data-testid=\"rich-content-container\">\n<p>1 Torneira Multitemperatura SLIM 4T 220v 5500w Preta Parede;<br \/>\n1 Manual de Instala\u00e7\u00e3o;<\/p>\n<p>ATEN\u00c7\u00c3O<br \/>\nEnviado com nota fiscal<\/p>\n<p>SOMOS ASSIST\u00caNCIA T\u00c9CNICA AUTORIZADA HYDRA.<\/p>\n<\/div>\n<\/div>\n<\/div>\n<\/div>\n<\/div>","protected":false},"excerpt":{"rendered":"<p>A Torneira Slim 4T possui um design inovador! Com detalhes cromados, que a deixam ainda mais bonita, al\u00e9m de ser compacta e muito pr\u00e1tica, com bica m\u00f3vel, arejador articul\u00e1vel. Permite que voc\u00ea tenha v\u00e1rias op\u00e7\u00f5es para encontrar a temperatura certa da \u00e1gua e fazer suas atividades dom\u00e9sticas com muito mais conforto, economia e seguran\u00e7a. Com [&hellip;]<\/p>","protected":false},"featured_media":2544,"comment_status":"closed","ping_status":"closed","template":"","meta":[],"product_brand":[],"product_cat":[19],"product_tag":[],"class_list":{"0":"post-2543","1":"product","2":"type-product","3":"status-publish","4":"has-post-thumbnail","6":"product_cat-torneiras","8":"first","9":"instock","10":"shipping-taxable","11":"purchasable","12":"product-type-simple"},"_links":{"self":[{"href":"https:\/\/www.acquavici.com.br\/en\/wp-json\/wp\/v2\/product\/2543","targetHints":{"allow":["GET"]}}],"collection":[{"href":"https:\/\/www.acquavici.com.br\/en\/wp-json\/wp\/v2\/product"}],"about":[{"href":"https:\/\/www.acquavici.com.br\/en\/wp-json\/wp\/v2\/types\/product"}],"replies":[{"embeddable":true,"href":"https:\/\/www.acquavici.com.br\/en\/wp-json\/wp\/v2\/comments?post=2543"}],"wp:featuredmedia":[{"embeddable":true,"href":"https:\/\/www.acquavici.com.br\/en\/wp-json\/wp\/v2\/media\/2544"}],"wp:attachment":[{"href":"https:\/\/www.acquavici.com.br\/en\/wp-json\/wp\/v2\/media?parent=2543"}],"wp:term":[{"taxonomy":"product_brand","embeddable":true,"href":"https:\/\/www.acquavici.com.br\/en\/wp-json\/wp\/v2\/product_brand?post=2543"},{"taxonomy":"product_cat","embeddable":true,"href":"https:\/\/www.acquavici.com.br\/en\/wp-json\/wp\/v2\/product_cat?post=2543"},{"taxonomy":"product_tag","embeddable":true,"href":"https:\/\/www.acquavici.com.br\/en\/wp-json\/wp\/v2\/product_tag?post=2543"}],"curies":[{"name":"wp","href":"https:\/\/api.w.org\/{rel}","templated":true}]}}