{"id":2548,"date":"2025-08-09T12:03:34","date_gmt":"2025-08-09T15:03:34","guid":{"rendered":"https:\/\/www.acquavici.com.br\/?post_type=product&#038;p=2548"},"modified":"2025-08-11T10:46:02","modified_gmt":"2025-08-11T13:46:02","slug":"torneira-eletronica-lumen-220v-5500w-branca-parede","status":"publish","type":"product","link":"https:\/\/www.acquavici.com.br\/en\/torneira-eletronica-lumen-220v-5500w-branca-parede\/","title":{"rendered":"Torneira Eletr\u00f4nica LUMEN 220v 5500w  Branca  Parede"},"content":{"rendered":"<p>A Torneira Lumen possui bica m\u00f3vel, arejador articul\u00e1vel e um sistema eletr\u00f4nico de temperatura que permite alterar a temperatura de forma gradual.<br \/>\nDispensa o desligamento da torneira para a troca da temperatura, al\u00e9m de LEDs que possibilitam visualizar a temperatura da \u00e1gua pela cor, deixando as atividades dom\u00e9sticas mais confort\u00e1veis.<\/p>\n<p>1 Torneira Lumen<br \/>\n1 Manual de Instala\u00e7\u00e3o<\/p>\n<p>ATEN\u00c7\u00c3O<br \/>\nEnviado com Nota Fiscal<\/p>\n<p>SOMOS ASSIST\u00caNCIA T\u00c9CNICA AUTORIZADA HYDRA.<\/p>","protected":false},"excerpt":{"rendered":"<p>A Torneira Lumen possui bica m\u00f3vel, arejador articul\u00e1vel e um sistema eletr\u00f4nico de temperatura que permite alterar a temperatura de forma gradual. Dispensa o desligamento da torneira para a troca da temperatura, al\u00e9m de LEDs que possibilitam visualizar a temperatura da \u00e1gua pela cor, deixando as atividades dom\u00e9sticas mais confort\u00e1veis. 1 Torneira Lumen 1 Manual [&hellip;]<\/p>","protected":false},"featured_media":2551,"comment_status":"closed","ping_status":"closed","template":"","meta":[],"product_brand":[],"product_cat":[21],"product_tag":[],"class_list":{"0":"post-2548","1":"product","2":"type-product","3":"status-publish","4":"has-post-thumbnail","6":"product_cat-aquecedor-eletrico","8":"first","9":"outofstock","10":"shipping-taxable","11":"purchasable","12":"product-type-simple"},"_links":{"self":[{"href":"https:\/\/www.acquavici.com.br\/en\/wp-json\/wp\/v2\/product\/2548","targetHints":{"allow":["GET"]}}],"collection":[{"href":"https:\/\/www.acquavici.com.br\/en\/wp-json\/wp\/v2\/product"}],"about":[{"href":"https:\/\/www.acquavici.com.br\/en\/wp-json\/wp\/v2\/types\/product"}],"replies":[{"embeddable":true,"href":"https:\/\/www.acquavici.com.br\/en\/wp-json\/wp\/v2\/comments?post=2548"}],"wp:featuredmedia":[{"embeddable":true,"href":"https:\/\/www.acquavici.com.br\/en\/wp-json\/wp\/v2\/media\/2551"}],"wp:attachment":[{"href":"https:\/\/www.acquavici.com.br\/en\/wp-json\/wp\/v2\/media?parent=2548"}],"wp:term":[{"taxonomy":"product_brand","embeddable":true,"href":"https:\/\/www.acquavici.com.br\/en\/wp-json\/wp\/v2\/product_brand?post=2548"},{"taxonomy":"product_cat","embeddable":true,"href":"https:\/\/www.acquavici.com.br\/en\/wp-json\/wp\/v2\/product_cat?post=2548"},{"taxonomy":"product_tag","embeddable":true,"href":"https:\/\/www.acquavici.com.br\/en\/wp-json\/wp\/v2\/product_tag?post=2548"}],"curies":[{"name":"wp","href":"https:\/\/api.w.org\/{rel}","templated":true}]}}