{"id":2553,"date":"2025-08-11T08:34:00","date_gmt":"2025-08-11T11:34:00","guid":{"rendered":"https:\/\/www.acquavici.com.br\/?post_type=product&#038;p=2553"},"modified":"2025-08-11T08:35:39","modified_gmt":"2025-08-11T11:35:39","slug":"chuveiro-eletronico-fit-220v-6800w-branca","status":"publish","type":"product","link":"https:\/\/www.acquavici.com.br\/en\/chuveiro-eletronico-fit-220v-6800w-branca\/","title":{"rendered":"Chuveiro Eletr\u00f4nico FIT 220v 6800w Branca"},"content":{"rendered":"<p>Tenha uma ducha agrad\u00e1vel e desfrute de um excelente banho com a Ducha Fit Hydra. Com jato intenso a ducha Fit possui um espalhador m\u00e9dio especialmente projetado para que voc\u00ea tenha um banho com intensidade e a quantidade certa de \u00e1gua, evitando desperd\u00edcios.<br \/>\nCom sistema eletr\u00f4nico de temperatura com at\u00e9 91% de economia de energia e f\u00e1cil limpeza do espalhador, possibilita v\u00e1rias op\u00e7\u00f5es de temperatura para voc\u00ea encontrar gradualmente a temperatura certa da \u00e1gua e tomar um banho com muito mais conforto, economia e seguran\u00e7a.<\/p>\n<p>1 Chuveiro Eletr\u00f4nico FIT 220v 6800w<br \/>\n1 Manual de Instala\u00e7\u00e3o<\/p>\n<p>ATEN\u00c7\u00c3O<br \/>\nEnviado com nota fiscal<\/p>\n<p>SOMOS ASSIST\u00caNCIA T\u00c9CNICA AUTORIZADA HYDRA.<\/p>","protected":false},"excerpt":{"rendered":"<p>Tenha uma ducha agrad\u00e1vel e desfrute de um excelente banho com a Ducha Fit Hydra. Com jato intenso a ducha Fit possui um espalhador m\u00e9dio especialmente projetado para que voc\u00ea tenha um banho com intensidade e a quantidade certa de \u00e1gua, evitando desperd\u00edcios. Com sistema eletr\u00f4nico de temperatura com at\u00e9 91% de economia de energia [&hellip;]<\/p>","protected":false},"featured_media":2554,"comment_status":"closed","ping_status":"closed","template":"","meta":[],"product_brand":[],"product_cat":[15],"product_tag":[],"class_list":{"0":"post-2553","1":"product","2":"type-product","3":"status-publish","4":"has-post-thumbnail","6":"product_cat-hidromassagem","8":"first","9":"onbackorder","10":"shipping-taxable","11":"purchasable","12":"product-type-simple"},"_links":{"self":[{"href":"https:\/\/www.acquavici.com.br\/en\/wp-json\/wp\/v2\/product\/2553","targetHints":{"allow":["GET"]}}],"collection":[{"href":"https:\/\/www.acquavici.com.br\/en\/wp-json\/wp\/v2\/product"}],"about":[{"href":"https:\/\/www.acquavici.com.br\/en\/wp-json\/wp\/v2\/types\/product"}],"replies":[{"embeddable":true,"href":"https:\/\/www.acquavici.com.br\/en\/wp-json\/wp\/v2\/comments?post=2553"}],"wp:featuredmedia":[{"embeddable":true,"href":"https:\/\/www.acquavici.com.br\/en\/wp-json\/wp\/v2\/media\/2554"}],"wp:attachment":[{"href":"https:\/\/www.acquavici.com.br\/en\/wp-json\/wp\/v2\/media?parent=2553"}],"wp:term":[{"taxonomy":"product_brand","embeddable":true,"href":"https:\/\/www.acquavici.com.br\/en\/wp-json\/wp\/v2\/product_brand?post=2553"},{"taxonomy":"product_cat","embeddable":true,"href":"https:\/\/www.acquavici.com.br\/en\/wp-json\/wp\/v2\/product_cat?post=2553"},{"taxonomy":"product_tag","embeddable":true,"href":"https:\/\/www.acquavici.com.br\/en\/wp-json\/wp\/v2\/product_tag?post=2553"}],"curies":[{"name":"wp","href":"https:\/\/api.w.org\/{rel}","templated":true}]}}