{"id":2574,"date":"2025-08-13T14:12:22","date_gmt":"2025-08-13T17:12:22","guid":{"rendered":"https:\/\/www.acquavici.com.br\/?post_type=product&#038;p=2574"},"modified":"2025-08-13T14:18:05","modified_gmt":"2025-08-13T17:18:05","slug":"torneira-multitemperatura-slim-4t-220v-5500w-metalizado-parede","status":"publish","type":"product","link":"https:\/\/www.acquavici.com.br\/en\/torneira-multitemperatura-slim-4t-220v-5500w-metalizado-parede\/","title":{"rendered":"Torneira Multitemperatura SLIM 4T 220v 5500w Metalizado Parede"},"content":{"rendered":"<p>A Torneira Multitemperatura Slim 4T possui um design inovador! Toda Metalizado, que a deixam ainda mais bonita, al\u00e9m de ser compacta e muito pr\u00e1tica, com bica m\u00f3vel, arejador articul\u00e1vel.<br \/>\nPermite que voc\u00ea tenha v\u00e1rias op\u00e7\u00f5es para encontrar a temperatura certa da \u00e1gua e fazer suas atividades dom\u00e9sticas com muito mais conforto, economia e seguran\u00e7a.<br \/>\nCom seu inovador registro cer\u00e2mico, oferecendo ao usu\u00e1rio maior durabilidade e conforto, sem risco de pinga-pinga. Pode ser instalada direto na parede.<\/p>\n<p>1 Torneira Multitemperatura SLIM 4T 220v 5500w Metalizado Parede;<br \/>\n1 Manual de Instala\u00e7\u00e3o;<\/p>\n<p>ATEN\u00c7\u00c3O<br \/>\nEnviado com nota fiscal<\/p>\n<p>SOMOS ASSIST\u00caNCIA T\u00c9CNICA AUTORIZADA HYDRA.<\/p>","protected":false},"excerpt":{"rendered":"<p>A Torneira Multitemperatura Slim 4T possui um design inovador! Toda Metalizado, que a deixam ainda mais bonita, al\u00e9m de ser compacta e muito pr\u00e1tica, com bica m\u00f3vel, arejador articul\u00e1vel. Permite que voc\u00ea tenha v\u00e1rias op\u00e7\u00f5es para encontrar a temperatura certa da \u00e1gua e fazer suas atividades dom\u00e9sticas com muito mais conforto, economia e seguran\u00e7a. Com [&hellip;]<\/p>","protected":false},"featured_media":2575,"comment_status":"closed","ping_status":"closed","template":"","meta":[],"product_brand":[],"product_cat":[19],"product_tag":[],"class_list":{"0":"post-2574","1":"product","2":"type-product","3":"status-publish","4":"has-post-thumbnail","6":"product_cat-torneiras","8":"first","9":"instock","10":"shipping-taxable","11":"purchasable","12":"product-type-simple"},"_links":{"self":[{"href":"https:\/\/www.acquavici.com.br\/en\/wp-json\/wp\/v2\/product\/2574","targetHints":{"allow":["GET"]}}],"collection":[{"href":"https:\/\/www.acquavici.com.br\/en\/wp-json\/wp\/v2\/product"}],"about":[{"href":"https:\/\/www.acquavici.com.br\/en\/wp-json\/wp\/v2\/types\/product"}],"replies":[{"embeddable":true,"href":"https:\/\/www.acquavici.com.br\/en\/wp-json\/wp\/v2\/comments?post=2574"}],"wp:featuredmedia":[{"embeddable":true,"href":"https:\/\/www.acquavici.com.br\/en\/wp-json\/wp\/v2\/media\/2575"}],"wp:attachment":[{"href":"https:\/\/www.acquavici.com.br\/en\/wp-json\/wp\/v2\/media?parent=2574"}],"wp:term":[{"taxonomy":"product_brand","embeddable":true,"href":"https:\/\/www.acquavici.com.br\/en\/wp-json\/wp\/v2\/product_brand?post=2574"},{"taxonomy":"product_cat","embeddable":true,"href":"https:\/\/www.acquavici.com.br\/en\/wp-json\/wp\/v2\/product_cat?post=2574"},{"taxonomy":"product_tag","embeddable":true,"href":"https:\/\/www.acquavici.com.br\/en\/wp-json\/wp\/v2\/product_tag?post=2574"}],"curies":[{"name":"wp","href":"https:\/\/api.w.org\/{rel}","templated":true}]}}