{"id":2576,"date":"2025-08-14T14:19:56","date_gmt":"2025-08-14T17:19:56","guid":{"rendered":"https:\/\/www.acquavici.com.br\/?post_type=product&#038;p=2576"},"modified":"2026-03-03T14:31:41","modified_gmt":"2026-03-03T17:31:41","slug":"chuveiro-eletronico-fit-blindado-br-220v-6500w-hydra-branco","status":"publish","type":"product","link":"https:\/\/www.acquavici.com.br\/en\/chuveiro-eletronico-fit-blindado-br-220v-6500w-hydra-branco\/","title":{"rendered":"Chuveiro Eletr\u00f4nico Fit Blindado Br 220v 6500w Hydra Branco"},"content":{"rendered":"<p>A Ducha Fit Blindada possui um espalhador m\u00e9dio especialmente projetado para que voc\u00ea tenha um banho com a intensidade e a quantidade certas de \u00e1gua, evitando desperd\u00edcios.<\/p>\n<p>Por ter a resist\u00eancia isolada da \u00e1gua, evita choques el\u00e9tricos e a queima da resist\u00eancia, oferecendo maior seguran\u00e7a e durabilidade. Al\u00e9m disso possui sistema de controle de temperatura eletr\u00f4nico que permite alterar a temperatura de forma gradual e dispensa o desligamento da ducha para a troca da temperatura.<\/p>\n<p>RESIST\u00caNCIA BLINDADA<br \/>\nPor ser isolada da \u00e1gua, a resist\u00eancia n\u00e3o queima, oferecendo maior seguran\u00e7a e durabilidade.<\/p>\n<p>PROTE\u00c7\u00c3O ELETR\u00d4NICA<br \/>\nExclusivo sistema eletr\u00f4nico que, atrav\u00e9s do sensor interno, monitora a temperatura da \u00e1gua, desligando a ducha quando houver sobreaquecimento.<\/p>\n<p>F\u00c1CIL INSTALA\u00c7\u00c3O<br \/>\nTecnologia exclusiva basta enroscar o engate f\u00e1cil direto na parede, encaixar a ducha, girar e pronto.<\/p>\n<p>Caracter\u00edsticas:<br \/>\nDimens\u00f5es AxLxP (cm): 10 x 17 x 34<br \/>\nProduzido em: Termopl\u00e1sticos, Elast\u00f4meros, Cer\u00e2mica, Lat\u00e3o, N\u00edquel, Alum\u00ednio e Resina Poliacr\u00edlica<br \/>\nVoltagem: 220V<br \/>\nCor: Branco<br \/>\nPot\u00eancia: 6500W (220V)<br \/>\nAplica\u00e7\u00e3o: Parede<br \/>\nCompat\u00edvel com DR: Sim<br \/>\nCompat\u00edvel Sistemas de Aquecimento: Sim<br \/>\nDisjuntor (A): 40A (220V)<br \/>\nFios (mm2): 6mm (220V)<br \/>\nPress\u00e3o de Funcionamento: 10 a 400kPa (01 a 40mca)<br \/>\nSistema de Aterramento: Sim<br \/>\nComando Eletr\u00f4nico de Temperaturas: Sim<\/p>\n<p>Itens Inclusos:<br \/>\n01 Ducha Completa;<br \/>\n01 Haste de Comando;<br \/>\n01 Mangueira com Ducha Manual;<br \/>\n01 Manual de Instala\u00e7\u00e3o;<\/p>\n<p>ATEN\u00c7\u00c3O<br \/>\nEnviado com Nota Fiscal.<\/p>\n<p>SOMOS ASSIST\u00caNCIA T\u00c9CNICA AUTORIZADA HYDRA.<\/p>","protected":false},"excerpt":{"rendered":"<p>A Ducha Fit Blindada possui um espalhador m\u00e9dio especialmente projetado para que voc\u00ea tenha um banho com a intensidade e a quantidade certas de \u00e1gua, evitando desperd\u00edcios. Por ter a resist\u00eancia isolada da \u00e1gua, evita choques el\u00e9tricos e a queima da resist\u00eancia, oferecendo maior seguran\u00e7a e durabilidade. Al\u00e9m disso possui sistema de controle de temperatura [&hellip;]<\/p>","protected":false},"featured_media":2578,"comment_status":"closed","ping_status":"closed","template":"","meta":[],"product_brand":[],"product_cat":[24],"product_tag":[],"class_list":{"0":"post-2576","1":"product","2":"type-product","3":"status-publish","4":"has-post-thumbnail","6":"product_cat-duchas-chuveiros","8":"first","9":"instock","10":"shipping-taxable","11":"purchasable","12":"product-type-simple"},"_links":{"self":[{"href":"https:\/\/www.acquavici.com.br\/en\/wp-json\/wp\/v2\/product\/2576","targetHints":{"allow":["GET"]}}],"collection":[{"href":"https:\/\/www.acquavici.com.br\/en\/wp-json\/wp\/v2\/product"}],"about":[{"href":"https:\/\/www.acquavici.com.br\/en\/wp-json\/wp\/v2\/types\/product"}],"replies":[{"embeddable":true,"href":"https:\/\/www.acquavici.com.br\/en\/wp-json\/wp\/v2\/comments?post=2576"}],"wp:featuredmedia":[{"embeddable":true,"href":"https:\/\/www.acquavici.com.br\/en\/wp-json\/wp\/v2\/media\/2578"}],"wp:attachment":[{"href":"https:\/\/www.acquavici.com.br\/en\/wp-json\/wp\/v2\/media?parent=2576"}],"wp:term":[{"taxonomy":"product_brand","embeddable":true,"href":"https:\/\/www.acquavici.com.br\/en\/wp-json\/wp\/v2\/product_brand?post=2576"},{"taxonomy":"product_cat","embeddable":true,"href":"https:\/\/www.acquavici.com.br\/en\/wp-json\/wp\/v2\/product_cat?post=2576"},{"taxonomy":"product_tag","embeddable":true,"href":"https:\/\/www.acquavici.com.br\/en\/wp-json\/wp\/v2\/product_tag?post=2576"}],"curies":[{"name":"wp","href":"https:\/\/api.w.org\/{rel}","templated":true}]}}