{"id":2581,"date":"2025-08-20T10:30:26","date_gmt":"2025-08-20T13:30:26","guid":{"rendered":"https:\/\/www.acquavici.com.br\/?post_type=product&#038;p=2581"},"modified":"2025-08-20T10:30:26","modified_gmt":"2025-08-20T13:30:26","slug":"jogo-helice-3-pas-para-ventilador-teto-terral-aliseu-black","status":"publish","type":"product","link":"https:\/\/www.acquavici.com.br\/en\/jogo-helice-3-pas-para-ventilador-teto-terral-aliseu-black\/","title":{"rendered":"Jogo H\u00e9lice 3 P\u00e1s Para Ventilador Teto Terral Aliseu Black"},"content":{"rendered":"<p>Jogo de H\u00e9lices 3 P\u00e1s Ventilador de Teto Aliseu Terral Black;<\/p>\n<p>Caracter\u00edsticas:<br \/>\nDescri\u00e7\u00e3o: Conjunto de p\u00e1s;<br \/>\nModelo: Terral;<br \/>\nCompatibilidade: Ventilador de Teto;<br \/>\nFabricante: Aliseu Tecnologia;<br \/>\nCor: Preto<br \/>\nDimens\u00f5es: 61,0 x 22,0 cm (Comprimento x Largura);<br \/>\nLargura extremidade: 15,0 cm;<\/p>\n<p>Obs: Imagem meramente ilustrativa.<\/p>\n<p>Itens inclusos:<br \/>\n1 Jogo de H\u00e9lices 3 P\u00e1s Ventilador de Teto Aliseu Terral Black;<\/p>\n<p>ATEN\u00c7\u00c3O<br \/>\nEnviado com Nota Fiscal.<\/p>\n<p>SOMOS ASSIST\u00caNCIA T\u00c9CNICA AUTORIZADA ALISEU.<\/p>","protected":false},"excerpt":{"rendered":"<p>Jogo de H\u00e9lices 3 P\u00e1s Ventilador de Teto Aliseu Terral Black; Caracter\u00edsticas: Descri\u00e7\u00e3o: Conjunto de p\u00e1s; Modelo: Terral; Compatibilidade: Ventilador de Teto; Fabricante: Aliseu Tecnologia; Cor: Preto Dimens\u00f5es: 61,0 x 22,0 cm (Comprimento x Largura); Largura extremidade: 15,0 cm; Obs: Imagem meramente ilustrativa. Itens inclusos: 1 Jogo de H\u00e9lices 3 P\u00e1s Ventilador de Teto Aliseu [&hellip;]<\/p>","protected":false},"featured_media":2582,"comment_status":"closed","ping_status":"closed","template":"","meta":[],"product_brand":[],"product_cat":[17,20],"product_tag":[],"class_list":{"0":"post-2581","1":"product","2":"type-product","3":"status-publish","4":"has-post-thumbnail","6":"product_cat-pecas-em-geral","7":"product_cat-ventilador-de-teto","9":"first","10":"instock","11":"shipping-taxable","12":"purchasable","13":"product-type-simple"},"_links":{"self":[{"href":"https:\/\/www.acquavici.com.br\/en\/wp-json\/wp\/v2\/product\/2581","targetHints":{"allow":["GET"]}}],"collection":[{"href":"https:\/\/www.acquavici.com.br\/en\/wp-json\/wp\/v2\/product"}],"about":[{"href":"https:\/\/www.acquavici.com.br\/en\/wp-json\/wp\/v2\/types\/product"}],"replies":[{"embeddable":true,"href":"https:\/\/www.acquavici.com.br\/en\/wp-json\/wp\/v2\/comments?post=2581"}],"wp:featuredmedia":[{"embeddable":true,"href":"https:\/\/www.acquavici.com.br\/en\/wp-json\/wp\/v2\/media\/2582"}],"wp:attachment":[{"href":"https:\/\/www.acquavici.com.br\/en\/wp-json\/wp\/v2\/media?parent=2581"}],"wp:term":[{"taxonomy":"product_brand","embeddable":true,"href":"https:\/\/www.acquavici.com.br\/en\/wp-json\/wp\/v2\/product_brand?post=2581"},{"taxonomy":"product_cat","embeddable":true,"href":"https:\/\/www.acquavici.com.br\/en\/wp-json\/wp\/v2\/product_cat?post=2581"},{"taxonomy":"product_tag","embeddable":true,"href":"https:\/\/www.acquavici.com.br\/en\/wp-json\/wp\/v2\/product_tag?post=2581"}],"curies":[{"name":"wp","href":"https:\/\/api.w.org\/{rel}","templated":true}]}}