{"id":278,"date":"2024-04-17T10:48:42","date_gmt":"2024-04-17T13:48:42","guid":{"rendered":"https:\/\/www.acquavici.com.br\/?post_type=product&#038;p=278"},"modified":"2025-08-07T15:41:18","modified_gmt":"2025-08-07T18:41:18","slug":"aquecedor-central-eletronico-kdt-branco-10-560w-220v","status":"publish","type":"product","link":"https:\/\/www.acquavici.com.br\/en\/aquecedor-central-eletronico-kdt-branco-10-560w-220v\/","title":{"rendered":"AQUECEDOR EL\u00c9TRICO CENTRAL ELETRONICO BRANCO 220V 10.560W KDT \u2013 2136"},"content":{"rendered":"<p>Especifica\u00e7\u00f5es T\u00e9cnicas:<br \/>\nAquecedor central eletr\u00f4nico de \u00e1gua + ducha super jato KDT.<br \/>\nTens\u00e3o: 220V.<br \/>\nPot\u00eancia m\u00e1xima: 10.560W.<br \/>\nCorrente m\u00e1xima: 48A.<br \/>\nFia\u00e7\u00e3o &#8211; Bitola m\u00ednima (mm\u00b2): 10mm.<br \/>\nDisjuntor: 50A (compat\u00edvel com disjuntor DR).<br \/>\nPress\u00e3o m\u00ednima\/m\u00e1xima de funcionamento KPA: 1 m.c.a\/40 m.c.a.<br \/>\nVaz\u00e3o: 20\u00baC na vaz\u00e3o de 7.5L\/min \/ 50\u00baC na vaz\u00e3o 3L\/min.<br \/>\nControle remoto eletr\u00f4nico conectado ao aparelho.<br \/>\nAjuste da temperatura de grau em grau eletronicamente at\u00e9 o m\u00e1ximo de 50\u00baC.<br \/>\nControle autom\u00e1tico inteligente de temperatura garantindo economia m\u00e1xima de energia.<br \/>\n\u00c9 poss\u00edvel mudar a temperatura durante o banho com total seguran\u00e7a.<br \/>\nPoucos segundos de ajuste em caso de mudan\u00e7a da temperatura ou mudan\u00e7a na vaz\u00e3o da \u00e1gua.<br \/>\nMant\u00e9m constante a temperatura escolhida.<br \/>\nControle da pot\u00eancia m\u00e1xima utilizada no aparelho.<br \/>\nFornece \u00e1gua quente para todos os pontos do banheiro: ducha, lavat\u00f3rio, banheira, ducha higi\u00eanica, etc.<br \/>\nTecnologia que permite sua instala\u00e7\u00e3o em uma \u00fanica tubula\u00e7\u00e3o de \u00e1gua quente.<br \/>\nIdeal com outros sistemas de aquecimento como solar, g\u00e1s ou boiler el\u00e9trico.<br \/>\nAparelho extremamente silencioso.<br \/>\nDesign exclusivo com alta padr\u00e3o de acabamento.<br \/>\nAlto padr\u00e3o de seguran\u00e7a e durabilidade.<br \/>\nProduto em conformidade com a Norma NSR 12090 (corrente de fuga) para utiliza\u00e7\u00e3o de resistividade superior \u00e0 3000 Ohm x cm.<br \/>\nProduto com desempenho aprovado pelo INMETRO.<br \/>\nProduto com assist\u00eancia t\u00e9cnica especializada e garantia se necess\u00e1rio.<br \/>\nMedidas aproximadas: 27 x 18 x 11cm.<\/p>\n<p>CONSUMO INTELIGENTE DE ENERGIA E ECONOMIA DE \u00c1GUA<br \/>\nO Aquecedor Central KDT \u00e9 a op\u00e7\u00e3o mais segura e econ\u00f4mica para o seu banho. Nossa tecnologia reconhece a temperatura de entrada e utiliza apenas a energia necess\u00e1ria para deixar a \u00e1gua na temperatura programada.<\/p>\n<p>Ex: Se a \u00e1gua da caixa est\u00e1 a 30\u00b0C e voc\u00ea programou seu banho para uma temperatura de 37\u00b0C, o consumo ser\u00e1 somente para aquecer essa diferen\u00e7a de 7\u00b0C.<\/p>\n<p>PARCEIRA IDEAL DE QUALQUER TIPO DE AQUECIMENTO<br \/>\nO Aquecedor ligar\u00e1 automaticamente quando o sistema aquecimento n\u00e3o for capaz de aquecer a \u00e1gua na temperatura desejada. Essa caracter\u00edstica proporciona grande economia de energia, pois a utiliza somente quando for necess\u00e1rio.<\/p>\n<p>CONTROLE AUTOM\u00c1TICO DE TEMPERATURA<br \/>\n\u00danico no mercado com a op\u00e7\u00e3o de escolher e manter a temperatura da \u00e1gua, para que seu banho seja agrad\u00e1vel e econ\u00f4mico.<\/p>\n<p>Atrav\u00e9s do Controle Digital ou Eletr\u00f4nico, voc\u00ea programa a temperatura de grau em grau (Digital at\u00e9 60\u00b0C\/Eletr\u00f4nico at\u00e9 50\u00b0C) e pode alter\u00e1-la durante o banho com total seguran\u00e7a. Se resolver alterar a temperatura programada ou a vaz\u00e3o (volume de \u00e1gua) durante a utiliza\u00e7\u00e3o, em segundos o Aquecedor se adaptar\u00e1 \u00e0 nova condi\u00e7\u00e3o, mantendo a temperatura escolhida durante todo o funcionamento do equipamento.<\/p>\n<p>Obs.: No Controle Remoto Digital voc\u00ea visualiza a temperatura da \u00e1gua na entrada do aparelho, o consumo de \u00e1gua e o tempo de banho, al\u00e9m de poder controlar a pot\u00eancia m\u00e1xima utilizada em seu aparelho.<\/p>\n<p>UM SHOW DE BANHO<br \/>\nCom design exclusivo e resist\u00eancia extremamente silenciosa, o Aquecedor Central KDT proporciona uma sensa\u00e7\u00e3o de relaxamento e prazer. Um verdadeiro show de banho!<\/p>\n<p>AQUECE O BANHEIRO TODO<br \/>\nFornece \u00e1gua quente para todos os pontos do banheiro (ducha, lavat\u00f3rio, banheira, ducha higi\u00eanica, etc), com economia na obra. Sua tecnologia de regulagem de temperatura permite que seja instalado com uma \u00fanica tubula\u00e7\u00e3o de \u00e1gua quente, diminuindo gastos com misturadores e registros.<\/p>\n<p>ALTO PADR\u00c3O DE ACABAMENTO, COM RESPONSABILIDADE<br \/>\nA qualidade de acabamento e materiais utilizados, aliados \u00e0 alta tecnologia e preocupa\u00e7\u00e3o com o meio ambiente se tornam um compromisso da KDT com seus clientes e com nosso planeta. Estamos constantemente \u00e0 procura de novos materiais e solu\u00e7\u00f5es sustent\u00e1veis para um futuro melhor.<\/p>\n<p>Itens Inclusos:<br \/>\n1 Aquecedor central eletr\u00f4nico;<br \/>\n1 Ducha super jato KDT;<br \/>\n1 Manual de Instru\u00e7\u00f5es e Termo de Garantia;<\/p>\n<p>ATEN\u00c7\u00c3O<br \/>\nEnviado com Nota Fiscal.<\/p>\n<p>SOMOS ASSIST\u00caNCIA T\u00c9CNICA AUTORIZADA KDT.<\/p>","protected":false},"excerpt":{"rendered":"<p>Especifica\u00e7\u00f5es T\u00e9cnicas: Aquecedor central eletr\u00f4nico de \u00e1gua + ducha super jato KDT. Tens\u00e3o: 220V. Pot\u00eancia m\u00e1xima: 10.560W. Corrente m\u00e1xima: 48A. Fia\u00e7\u00e3o &#8211; Bitola m\u00ednima (mm\u00b2): 10mm. Disjuntor: 50A (compat\u00edvel com disjuntor DR). Press\u00e3o m\u00ednima\/m\u00e1xima de funcionamento KPA: 1 m.c.a\/40 m.c.a. Vaz\u00e3o: 20\u00baC na vaz\u00e3o de 7.5L\/min \/ 50\u00baC na vaz\u00e3o 3L\/min. Controle remoto eletr\u00f4nico conectado [&hellip;]<\/p>","protected":false},"featured_media":371,"comment_status":"open","ping_status":"closed","template":"","meta":[],"product_brand":[],"product_cat":[21],"product_tag":[],"class_list":{"0":"post-278","1":"product","2":"type-product","3":"status-publish","4":"has-post-thumbnail","6":"product_cat-aquecedor-eletrico","8":"first","9":"instock","10":"shipping-taxable","11":"purchasable","12":"product-type-simple"},"_links":{"self":[{"href":"https:\/\/www.acquavici.com.br\/en\/wp-json\/wp\/v2\/product\/278","targetHints":{"allow":["GET"]}}],"collection":[{"href":"https:\/\/www.acquavici.com.br\/en\/wp-json\/wp\/v2\/product"}],"about":[{"href":"https:\/\/www.acquavici.com.br\/en\/wp-json\/wp\/v2\/types\/product"}],"replies":[{"embeddable":true,"href":"https:\/\/www.acquavici.com.br\/en\/wp-json\/wp\/v2\/comments?post=278"}],"wp:featuredmedia":[{"embeddable":true,"href":"https:\/\/www.acquavici.com.br\/en\/wp-json\/wp\/v2\/media\/371"}],"wp:attachment":[{"href":"https:\/\/www.acquavici.com.br\/en\/wp-json\/wp\/v2\/media?parent=278"}],"wp:term":[{"taxonomy":"product_brand","embeddable":true,"href":"https:\/\/www.acquavici.com.br\/en\/wp-json\/wp\/v2\/product_brand?post=278"},{"taxonomy":"product_cat","embeddable":true,"href":"https:\/\/www.acquavici.com.br\/en\/wp-json\/wp\/v2\/product_cat?post=278"},{"taxonomy":"product_tag","embeddable":true,"href":"https:\/\/www.acquavici.com.br\/en\/wp-json\/wp\/v2\/product_tag?post=278"}],"curies":[{"name":"wp","href":"https:\/\/api.w.org\/{rel}","templated":true}]}}