{"id":283,"date":"2024-04-17T10:48:42","date_gmt":"2024-04-17T13:48:42","guid":{"rendered":"https:\/\/www.acquavici.com.br\/?post_type=product&#038;p=283"},"modified":"2025-08-14T15:32:19","modified_gmt":"2025-08-14T18:32:19","slug":"aquecedor-hidromassagem-digital-kdt-black-8-800w-220v","status":"publish","type":"product","link":"https:\/\/www.acquavici.com.br\/en\/aquecedor-hidromassagem-digital-kdt-black-8-800w-220v\/","title":{"rendered":"AQUECEDOR HIDROMASSAGEM DIGITAL BLACK 220V 8.800W KDT &#8211; 2770"},"content":{"rendered":"<p>Especifica\u00e7\u00f5es T\u00e9cnicas:<br \/>\nModelo: Aquecedor Hidromassagem Digital.<br \/>\nMarca: KDT.<br \/>\nTens\u00e3o: 220V.<br \/>\nPot\u00eancia m\u00e1xima: 8.800W.<br \/>\nCorrente m\u00e1xima: 40A.<br \/>\nFia\u00e7\u00e3o &#8211; Bitola m\u00ednima (mm\u00b2): 10mm.<br \/>\nDisjuntor: 40A (compat\u00edvel com disjuntor DR).<br \/>\nAcr\u00e9scimo de temperatura (100 lts a cada 10min): 12.6\u00baC.<br \/>\nPot\u00eancia m\u00e1xima da moto-bomba: 1 1\/2 HP.<br \/>\nCapacidade da banheira: at\u00e9 500 litros.<br \/>\nAquece de grau em grau (at\u00e9 40\u00baC) e mant\u00e9m a temperatura escolhida durante todo o banho.<br \/>\nSem necessidade de ficar ligando e desligando para regular a temperatura.<br \/>\nTecnologia que n\u00e3o permite a hidromassagem e o aquecer de ligarem com a banheira vazia.<br \/>\nAquecimento r\u00e1pido e eficiente.<br \/>\nN\u00e3o reduz a press\u00e3o dos jatos d&#8217;\u00e1gua.<br \/>\nComando liga\/desliga a hidromassagem com controle remoto pr\u00f3prio.<br \/>\nResist\u00eancia blindada.<br \/>\nAlto padr\u00e3o de seguran\u00e7a, durabilidade e comodidade.<br \/>\nProduto com assist\u00eancia t\u00e9cnica especializada e garantia.<\/p>\n<p>AQUECE A \u00c1GUA E MANT\u00c9M A TEMPERATURA<br \/>\n\u00danico aquecedor Hidromassagem com esta sofistica\u00e7\u00e3o e tecnologia, que al\u00e9m de aquecer a \u00e1gua, mant\u00e9m automaticamente a temperatura escolhida durante todo o banho. N\u00e3o \u00e9 preciso ficar ligando\/desligando o Aquecedor para regular a temperatura da \u00e1gua, assim voc\u00ea pode aproveitar ao m\u00e1ximo, garantindo um banho de hidro confort\u00e1vel e relaxante.<\/p>\n<p>PROTE\u00c7\u00c3O E RAPIDEZ<br \/>\nA Tecnologia KDT protege a hidromassagem e o Aquecedor para que jamais sejam ligados com a banheira vazia, o que danificaria ambos. \u00c9 o mais r\u00e1pido para aquecer toda a \u00e1gua da banheira, e n\u00e3o reduz a press\u00e3o dos jatos d\u2019\u00e1gua. Possui Resist\u00eancia Blindada.<\/p>\n<p>COMANDO LIGA\/DESLIGA DA HIDROMASSAGEM<br \/>\nComando liga\/desliga a Hidromassagem no pr\u00f3prio Controle Remoto instalado em 1 caixa de luz (2\u201dx4\u201d) evitando furar a banheira para instala\u00e7\u00e3o de dispositivo pneum\u00e1tico para esse fim, proporcionando um acabamento incompar\u00e1vel, com mais seguran\u00e7a e comodidade.<\/p>\n<p>ALTO PADR\u00c3O DE ACABAMENTO, COM RESPONSABILIDADE<br \/>\nA qualidade de acabamento e materiais utilizados, aliados \u00e0 alta tecnologia e preocupa\u00e7\u00e3o com o meio ambiente \u00e9 um compromisso da KDT com seus clientes e com nosso planeta. Estamos constantemente \u00e0 procura de novos materiais e solu\u00e7\u00f5es sustent\u00e1veis para um futuro melhor.<\/p>\n<p>Itens Inclusos:<br \/>\n1 Aquecedor Hidromassagem Digital;<br \/>\n1 Manual de Instru\u00e7\u00f5es e Termo de Garantia;<\/p>\n<p>ATEN\u00c7\u00c3O<br \/>\nEnviado com Nota Fiscal.<\/p>\n<p>SOMOS ASSIST\u00caNCIA T\u00c9CNICA AUTORIZADA KDT.<\/p>","protected":false},"excerpt":{"rendered":"<p>Especifica\u00e7\u00f5es T\u00e9cnicas: Modelo: Aquecedor Hidromassagem Digital. Marca: KDT. Tens\u00e3o: 220V. Pot\u00eancia m\u00e1xima: 8.800W. Corrente m\u00e1xima: 40A. Fia\u00e7\u00e3o &#8211; Bitola m\u00ednima (mm\u00b2): 10mm. Disjuntor: 40A (compat\u00edvel com disjuntor DR). Acr\u00e9scimo de temperatura (100 lts a cada 10min): 12.6\u00baC. Pot\u00eancia m\u00e1xima da moto-bomba: 1 1\/2 HP. Capacidade da banheira: at\u00e9 500 litros. Aquece de grau em grau [&hellip;]<\/p>","protected":false},"featured_media":378,"comment_status":"open","ping_status":"closed","template":"","meta":[],"product_brand":[],"product_cat":[21],"product_tag":[],"class_list":{"0":"post-283","1":"product","2":"type-product","3":"status-publish","4":"has-post-thumbnail","6":"product_cat-aquecedor-eletrico","8":"first","9":"instock","10":"shipping-taxable","11":"purchasable","12":"product-type-simple"},"_links":{"self":[{"href":"https:\/\/www.acquavici.com.br\/en\/wp-json\/wp\/v2\/product\/283","targetHints":{"allow":["GET"]}}],"collection":[{"href":"https:\/\/www.acquavici.com.br\/en\/wp-json\/wp\/v2\/product"}],"about":[{"href":"https:\/\/www.acquavici.com.br\/en\/wp-json\/wp\/v2\/types\/product"}],"replies":[{"embeddable":true,"href":"https:\/\/www.acquavici.com.br\/en\/wp-json\/wp\/v2\/comments?post=283"}],"wp:featuredmedia":[{"embeddable":true,"href":"https:\/\/www.acquavici.com.br\/en\/wp-json\/wp\/v2\/media\/378"}],"wp:attachment":[{"href":"https:\/\/www.acquavici.com.br\/en\/wp-json\/wp\/v2\/media?parent=283"}],"wp:term":[{"taxonomy":"product_brand","embeddable":true,"href":"https:\/\/www.acquavici.com.br\/en\/wp-json\/wp\/v2\/product_brand?post=283"},{"taxonomy":"product_cat","embeddable":true,"href":"https:\/\/www.acquavici.com.br\/en\/wp-json\/wp\/v2\/product_cat?post=283"},{"taxonomy":"product_tag","embeddable":true,"href":"https:\/\/www.acquavici.com.br\/en\/wp-json\/wp\/v2\/product_tag?post=283"}],"curies":[{"name":"wp","href":"https:\/\/api.w.org\/{rel}","templated":true}]}}