{"id":344,"date":"2024-04-17T10:49:04","date_gmt":"2024-04-17T13:49:04","guid":{"rendered":"https:\/\/www.acquavici.com.br\/?post_type=product&#038;p=344"},"modified":"2025-08-15T13:53:00","modified_gmt":"2025-08-15T16:53:00","slug":"ducha-eletronica-com-desviador-kdt-branco-8-800w-220v","status":"publish","type":"product","link":"https:\/\/www.acquavici.com.br\/en\/ducha-eletronica-com-desviador-kdt-branco-8-800w-220v\/","title":{"rendered":"DUCHA ELETRONICA COM DESVIADOR BRANCO 220V 8800W KDT 2131"},"content":{"rendered":"<p>Especifica\u00e7\u00f5es t\u00e9cnicas:<br \/>\nModelo: Ducha Eletr\u00f4nica Com Desviador.<br \/>\nMarca: KDT.<br \/>\nTens\u00e3o: 220V.<br \/>\nPot\u00eancia m\u00e1xima: 8.800W.<br \/>\nCorrente m\u00e1xima: 40A.<br \/>\nFia\u00e7\u00e3o &#8211; Bitola m\u00ednima (mm\u00b2): 6mm.<br \/>\nDisjuntor: 50A.<br \/>\nPress\u00e3o m\u00ednima\/m\u00e1xima de funcionamento KPA: 1 m.c.a\/40 m.c.a.<br \/>\nAjuste da temperatura de grau em grau digitalmente at\u00e9 o m\u00e1ximo de 52\u00baC.<br \/>\nControle digital conectado ao aparelho.<br \/>\nControle autom\u00e1tico inteligente de temperatura garantindo economia m\u00e1xima de energia.<br \/>\n\u00c9 poss\u00edvel mudar a temperatura durante o banho com total seguran\u00e7a.<br \/>\nPoucos segundos de ajuste em caso de mudan\u00e7a da temperatura ou mudan\u00e7a na vaz\u00e3o da \u00e1gua.<br \/>\nMant\u00e9m constante a temperatura escolhida.<br \/>\nVisualiza\u00e7\u00e3o da temperatura da \u00e1gua na entrada do aparelho, consumo de \u00e1gua e tempo de banho.<br \/>\nExtremamente silenciosa.<br \/>\nDesign exclusivo com alta padr\u00e3o de acabamento.<br \/>\nAlto padr\u00e3o de seguran\u00e7a, durabilidade e comodidade.<br \/>\nProduto com assist\u00eancia t\u00e9cnica especializada e garantia.<\/p>\n<p>CONSUMO INTELIGENTE DE ENERGIA E ECONOMIA DE \u00c1GUA<br \/>\nGra\u00e7as \u00e0 nossa tecnologia, as Duchas Inteligentes utilizar\u00e3o sempre o m\u00ednimo de energia para aquecer a \u00e1gua na temperatura que voc\u00ea escolheu para tomar seu banho.<br \/>\nEx: Se a \u00e1gua da caixa est\u00e1 a 30\u00b0C e voc\u00ea programou seu banho para umatemperatura de 37\u00b0C o consumo ser\u00e1 somente para aquecer essa diferen\u00e7a de 7\u00b0C.<\/p>\n<p>PARCEIRA IDEAL DE QUALQUER TIPO DE AQUECIMENTO<br \/>\nA Ducha ligar\u00e1 automaticamente quando o sistema aquecimento n\u00e3o for capaz de aquecer a \u00e1gua na temperatura desejada. Essa caracter\u00edstica proporciona grande economia de energia, pois a utiliza somente quando for necess\u00e1rio.<\/p>\n<p>CONTROLE AUTOM\u00c1TICO DE TEMPERATURA<br \/>\n\u00danica no mercado com a op\u00e7\u00e3o de escolher e manter a temperatura da \u00e1gua, para que seu banho seja agrad\u00e1vel e econ\u00f4mico.<\/p>\n<p>Atrav\u00e9s do Controle Digital, voc\u00ea programa a temperatura de grau em grau, at\u00e9 52\u00b0C, podendo alter\u00e1-la durante o banho com total seguran\u00e7a. Se resolver alterar a temperatura programada ou a vaz\u00e3o (volume de \u00e1gua) durante o banho, em segundos nosso equipamento se adaptar\u00e1 \u00e0 nova condi\u00e7\u00e3o, mantendo a temperatura escolhida.<\/p>\n<p>Obs.: No Controle Remoto Digital voc\u00ea visualiza a temperatura da \u00e1gua na entrada do aparelho, o consumo de \u00e1gua e o tempo de banho, al\u00e9m de poder controlar a pot\u00eancia m\u00e1xima utilizada em seu aparelho.<\/p>\n<p>UM SHOW DE BANHO<br \/>\nCom design exclusivo e resist\u00eancia extremamente silenciosa, a Ducha Inteligente KDT proporciona uma sensa\u00e7\u00e3o de relaxamento e prazer. Um verdadeiro show de banho!<\/p>\n<p>DESVIADOR (OPCIONAL)<br \/>\nCom o Desviador KDT voc\u00ea tem o controle do banho em suas m\u00e3os. Desvia totalmente a \u00e1gua para o chuveirinho ou a para a ducha, sem vazamentos desconfort\u00e1veis.<\/p>\n<p>ALTO PADR\u00c3O DE ACABAMENTO COM RESPONSABILIDADE<br \/>\nA qualidade de acabamento e materiais utilizados, aliados \u00e0 alta tecnologia e preocupa\u00e7\u00e3o com o meio ambiente \u00e9 um compromisso da KDT com seus clientes e com nosso planeta. Estamos constantemente \u00e0 procura de novos materiais e solu\u00e7\u00f5es sustent\u00e1veis para um futuro melhor.<\/p>\n<p>Itens Inclusos:<br \/>\n1 Ducha Eletr\u00f4nica Com Desviador;<br \/>\n1 Desviador c\/ mangueira e ducha manual;<br \/>\n1 Suporte para desviador;<br \/>\n1 Manual de Instru\u00e7\u00f5es e Termo de Garantia;<\/p>\n<p>ATEN\u00c7\u00c3O<br \/>\nEnviado com Nota Fiscal.<\/p>\n<p>SOMOS ASSIST\u00caNCIA T\u00c9CNICA AUTORIZADA KDT.<\/p>","protected":false},"excerpt":{"rendered":"<p>Especifica\u00e7\u00f5es t\u00e9cnicas: Modelo: Ducha Eletr\u00f4nica Com Desviador. Marca: KDT. Tens\u00e3o: 220V. Pot\u00eancia m\u00e1xima: 8.800W. Corrente m\u00e1xima: 40A. Fia\u00e7\u00e3o &#8211; Bitola m\u00ednima (mm\u00b2): 6mm. Disjuntor: 50A. Press\u00e3o m\u00ednima\/m\u00e1xima de funcionamento KPA: 1 m.c.a\/40 m.c.a. Ajuste da temperatura de grau em grau digitalmente at\u00e9 o m\u00e1ximo de 52\u00baC. Controle digital conectado ao aparelho. Controle autom\u00e1tico inteligente de [&hellip;]<\/p>","protected":false},"featured_media":423,"comment_status":"open","ping_status":"closed","template":"","meta":[],"product_brand":[],"product_cat":[24],"product_tag":[],"class_list":{"0":"post-344","1":"product","2":"type-product","3":"status-publish","4":"has-post-thumbnail","6":"product_cat-duchas-chuveiros","8":"first","9":"instock","10":"shipping-taxable","11":"purchasable","12":"product-type-simple"},"_links":{"self":[{"href":"https:\/\/www.acquavici.com.br\/en\/wp-json\/wp\/v2\/product\/344","targetHints":{"allow":["GET"]}}],"collection":[{"href":"https:\/\/www.acquavici.com.br\/en\/wp-json\/wp\/v2\/product"}],"about":[{"href":"https:\/\/www.acquavici.com.br\/en\/wp-json\/wp\/v2\/types\/product"}],"replies":[{"embeddable":true,"href":"https:\/\/www.acquavici.com.br\/en\/wp-json\/wp\/v2\/comments?post=344"}],"wp:featuredmedia":[{"embeddable":true,"href":"https:\/\/www.acquavici.com.br\/en\/wp-json\/wp\/v2\/media\/423"}],"wp:attachment":[{"href":"https:\/\/www.acquavici.com.br\/en\/wp-json\/wp\/v2\/media?parent=344"}],"wp:term":[{"taxonomy":"product_brand","embeddable":true,"href":"https:\/\/www.acquavici.com.br\/en\/wp-json\/wp\/v2\/product_brand?post=344"},{"taxonomy":"product_cat","embeddable":true,"href":"https:\/\/www.acquavici.com.br\/en\/wp-json\/wp\/v2\/product_cat?post=344"},{"taxonomy":"product_tag","embeddable":true,"href":"https:\/\/www.acquavici.com.br\/en\/wp-json\/wp\/v2\/product_tag?post=344"}],"curies":[{"name":"wp","href":"https:\/\/api.w.org\/{rel}","templated":true}]}}