{"id":348,"date":"2024-04-17T10:49:04","date_gmt":"2024-04-17T13:49:04","guid":{"rendered":"https:\/\/www.acquavici.com.br\/?post_type=product&#038;p=348"},"modified":"2024-07-19T15:44:12","modified_gmt":"2024-07-19T18:44:12","slug":"ducha-6t-kdt-prata-8-800w-220v","status":"publish","type":"product","link":"https:\/\/www.acquavici.com.br\/en\/ducha-6t-kdt-prata-8-800w-220v\/","title":{"rendered":"DUCHA 6T PRATA 220V 8800W KDT &#8211; 2276"},"content":{"rendered":"<p>Especifica\u00e7\u00f5es T\u00e9cnicas:<br \/>\nModelo: Ducha\u00a0eletr\u00f4nica 6T.<br \/>\nMarca: KDT.<br \/>\nTens\u00e3o: 220V.<br \/>\nPot\u00eancia m\u00e1xima: 8.800W.<br \/>\nCorrente m\u00e1xima: 40A.<br \/>\nFia\u00e7\u00e3o &#8211; Bitola m\u00ednima (mm\u00b2): 6mm.<br \/>\nDisjuntor: 40A.<br \/>\nPress\u00e3o m\u00ednima\/m\u00e1xima de funcionamento KPA: 1 m.c.a\/40 m.c.a.<br \/>\n6 op\u00e7\u00f5es de ajuste de temperatura.<br \/>\nBot\u00e3o de temperatura com regulagem.<br \/>\nSeguran\u00e7a antichoque: altere a temperatura durante o banho sem risco de choques el\u00e9tricos.<br \/>\nDucha silenciosa.<br \/>\nDesign exclusivo com alta padr\u00e3o de acabamento.<br \/>\nAlto padr\u00e3o de seguran\u00e7a, durabilidade e comodidade.<br \/>\nProduto com assist\u00eancia t\u00e9cnica especializada e garantia.<\/p>\n<p>6 OP\u00c7\u00d5ES DE TEMPERATURA<br \/>\nSeis op\u00e7\u00f5es de temperatura para proporcionar um banho ideal para todas as esta\u00e7\u00f5es do ano, com economia de energia.<\/p>\n<p>SEGURAN\u00c7A ANTICHOQUE<br \/>\nO Bot\u00e3o de Regulagem \u00e9 totalmente seguro, possibilitando alterar a temperatura escolhida durante o banho, n\u00e3o havendo risco de choque el\u00e9trico.<\/p>\n<p>ALTO PADR\u00c3O DE ACABAMENTO COM RESPONSABILIDADE<br \/>\nA qualidade de acabamento e materiais utilizados, aliados \u00e0 alta tecnologia e preocupa\u00e7\u00e3o com o meio ambiente \u00e9 um compromisso da KDT com seus clientes e com nosso planeta. Estamos constantemente \u00e0 procura de novos materiais e solu\u00e7\u00f5es sustent\u00e1veis para um futuro melhor.<\/p>\n<p>Itens Inclusos:<br \/>\n1 Ducha eletr\u00f4nica 6T;<br \/>\n1 Manual de Instru\u00e7\u00f5es e Termo de Garantia;<\/p>\n<p>ATEN\u00c7\u00c3O<br \/>\nEnviado com Nota Fiscal.<\/p>\n<p>SOMOS ASSIST\u00caNCIA T\u00c9CNICA AUTORIZADA KDT.<\/p>","protected":false},"excerpt":{"rendered":"<p>Especifica\u00e7\u00f5es T\u00e9cnicas: Modelo: Ducha\u00a0eletr\u00f4nica 6T. Marca: KDT. Tens\u00e3o: 220V. Pot\u00eancia m\u00e1xima: 8.800W. Corrente m\u00e1xima: 40A. Fia\u00e7\u00e3o &#8211; Bitola m\u00ednima (mm\u00b2): 6mm. Disjuntor: 40A. Press\u00e3o m\u00ednima\/m\u00e1xima de funcionamento KPA: 1 m.c.a\/40 m.c.a. 6 op\u00e7\u00f5es de ajuste de temperatura. Bot\u00e3o de temperatura com regulagem. Seguran\u00e7a antichoque: altere a temperatura durante o banho sem risco de choques el\u00e9tricos. [&hellip;]<\/p>","protected":false},"featured_media":430,"comment_status":"open","ping_status":"closed","template":"","meta":[],"product_brand":[],"product_cat":[24],"product_tag":[],"class_list":{"0":"post-348","1":"product","2":"type-product","3":"status-publish","4":"has-post-thumbnail","6":"product_cat-duchas-chuveiros","8":"first","9":"instock","10":"shipping-taxable","11":"purchasable","12":"product-type-simple"},"_links":{"self":[{"href":"https:\/\/www.acquavici.com.br\/en\/wp-json\/wp\/v2\/product\/348","targetHints":{"allow":["GET"]}}],"collection":[{"href":"https:\/\/www.acquavici.com.br\/en\/wp-json\/wp\/v2\/product"}],"about":[{"href":"https:\/\/www.acquavici.com.br\/en\/wp-json\/wp\/v2\/types\/product"}],"replies":[{"embeddable":true,"href":"https:\/\/www.acquavici.com.br\/en\/wp-json\/wp\/v2\/comments?post=348"}],"wp:featuredmedia":[{"embeddable":true,"href":"https:\/\/www.acquavici.com.br\/en\/wp-json\/wp\/v2\/media\/430"}],"wp:attachment":[{"href":"https:\/\/www.acquavici.com.br\/en\/wp-json\/wp\/v2\/media?parent=348"}],"wp:term":[{"taxonomy":"product_brand","embeddable":true,"href":"https:\/\/www.acquavici.com.br\/en\/wp-json\/wp\/v2\/product_brand?post=348"},{"taxonomy":"product_cat","embeddable":true,"href":"https:\/\/www.acquavici.com.br\/en\/wp-json\/wp\/v2\/product_cat?post=348"},{"taxonomy":"product_tag","embeddable":true,"href":"https:\/\/www.acquavici.com.br\/en\/wp-json\/wp\/v2\/product_tag?post=348"}],"curies":[{"name":"wp","href":"https:\/\/api.w.org\/{rel}","templated":true}]}}