{"id":387,"date":"2024-04-17T10:49:26","date_gmt":"2024-04-17T13:49:26","guid":{"rendered":"https:\/\/www.acquavici.com.br\/?post_type=product&#038;p=387"},"modified":"2025-08-07T15:00:39","modified_gmt":"2025-08-07T18:00:39","slug":"ducha-eco-kdt-branco-7-500w-220v","status":"publish","type":"product","link":"https:\/\/www.acquavici.com.br\/en\/ducha-eco-kdt-branco-7-500w-220v\/","title":{"rendered":"DUCHA ECOPLUS BRANCO 220V 7500W KDT 2835"},"content":{"rendered":"<p>Especifica\u00e7\u00f5es T\u00e9cnicas:<br \/>\nModelo: Ducha ECO.<br \/>\nTens\u00e3o: 220V.<br \/>\nPot\u00eancia m\u00e1xima: 7.500W.<br \/>\nCorrente m\u00e1xima: 40A.<br \/>\nFia\u00e7\u00e3o &#8211; Bitola m\u00ednima (mm\u00b2): 6mm.<br \/>\nDisjuntor: 40A.<br \/>\nPress\u00e3o m\u00ednima\/m\u00e1xima de funcionamento KPA: 1 m.c.a\/40 m.c.a.<br \/>\nCom controle de multitemperatura.<br \/>\nSeguran\u00e7a antichoque: altere a temperatura durante o banho sem risco de choques el\u00e9tricos.<br \/>\nSuper jato KDT: muita \u00e1gua com direcionamento de fluxo.<br \/>\nDucha silenciosa.<br \/>\nDesign exclusivo com alto padr\u00e3o de acabamento.<br \/>\nAlto padr\u00e3o de seguran\u00e7a, durabilidade e comodidade.<br \/>\nProduto com assist\u00eancia t\u00e9cnica especializada e garantia.<\/p>\n<p>A KDT mant\u00e9m a tradi\u00e7\u00e3o de alta qualidade, sempre em busca do melhor banho com maior conforto, economia e seguran\u00e7a e oferece a voc\u00ea a Ducha ECO, econ\u00f4mica e ecol\u00f3gica.<\/p>\n<p>Com design moderno, compacto e sofisticado, garante um visual elegante e \u201cclean\u201d a seu banheiro.<\/p>\n<p>A Ducha ECO tamb\u00e9m conta com a tecnologia da Super Jato KDT, com a vaz\u00e3o que s\u00f3 nossos produtos possuem, al\u00e9m de possibilitar direcionar o fluxo de \u00e1gua para onde desejar<\/p>\n<p>Produto econ\u00f4mico e ecol\u00f3gico;<br \/>\nDesign exclusivo: aliado \u00e0 praticidade, as formas e curvas deixam seu banheiro com visual clean e moderno;<br \/>\nIdeal para todas as esta\u00e7\u00f5es: com controle multitemperatura. No ver\u00e3o ou no inverno, com a pot\u00eancia que desejar;<br \/>\nAntichoque: totalmente segura para alterar a temperatura durante o banho;<br \/>\nTecnologia Super Jato KDT: muita \u00e1gua com direcionamento de fluxo;<br \/>\nAcabamento branco com detalhes cromados;<\/p>\n<p>Itens Inclusos:<br \/>\n1 Ducha ECO;<br \/>\n1 Manual de Instru\u00e7\u00f5es e Termo de Garantia;<\/p>\n<p>ATEN\u00c7\u00c3O<br \/>\nEnviado com Nota Fiscal.<\/p>\n<p>SOMOS ASSIST\u00caNCIA T\u00c9CNICA AUTORIZADA KDT.<\/p>","protected":false},"excerpt":{"rendered":"<p>Especifica\u00e7\u00f5es T\u00e9cnicas: Modelo: Ducha ECO. Tens\u00e3o: 220V. Pot\u00eancia m\u00e1xima: 7.500W. Corrente m\u00e1xima: 40A. Fia\u00e7\u00e3o &#8211; Bitola m\u00ednima (mm\u00b2): 6mm. Disjuntor: 40A. Press\u00e3o m\u00ednima\/m\u00e1xima de funcionamento KPA: 1 m.c.a\/40 m.c.a. Com controle de multitemperatura. Seguran\u00e7a antichoque: altere a temperatura durante o banho sem risco de choques el\u00e9tricos. Super jato KDT: muita \u00e1gua com direcionamento de fluxo. [&hellip;]<\/p>","protected":false},"featured_media":451,"comment_status":"open","ping_status":"closed","template":"","meta":[],"product_brand":[],"product_cat":[24],"product_tag":[],"class_list":{"0":"post-387","1":"product","2":"type-product","3":"status-publish","4":"has-post-thumbnail","6":"product_cat-duchas-chuveiros","8":"first","9":"instock","10":"shipping-taxable","11":"purchasable","12":"product-type-simple"},"_links":{"self":[{"href":"https:\/\/www.acquavici.com.br\/en\/wp-json\/wp\/v2\/product\/387","targetHints":{"allow":["GET"]}}],"collection":[{"href":"https:\/\/www.acquavici.com.br\/en\/wp-json\/wp\/v2\/product"}],"about":[{"href":"https:\/\/www.acquavici.com.br\/en\/wp-json\/wp\/v2\/types\/product"}],"replies":[{"embeddable":true,"href":"https:\/\/www.acquavici.com.br\/en\/wp-json\/wp\/v2\/comments?post=387"}],"wp:featuredmedia":[{"embeddable":true,"href":"https:\/\/www.acquavici.com.br\/en\/wp-json\/wp\/v2\/media\/451"}],"wp:attachment":[{"href":"https:\/\/www.acquavici.com.br\/en\/wp-json\/wp\/v2\/media?parent=387"}],"wp:term":[{"taxonomy":"product_brand","embeddable":true,"href":"https:\/\/www.acquavici.com.br\/en\/wp-json\/wp\/v2\/product_brand?post=387"},{"taxonomy":"product_cat","embeddable":true,"href":"https:\/\/www.acquavici.com.br\/en\/wp-json\/wp\/v2\/product_cat?post=387"},{"taxonomy":"product_tag","embeddable":true,"href":"https:\/\/www.acquavici.com.br\/en\/wp-json\/wp\/v2\/product_tag?post=387"}],"curies":[{"name":"wp","href":"https:\/\/api.w.org\/{rel}","templated":true}]}}