{"id":389,"date":"2024-04-17T10:49:27","date_gmt":"2024-04-17T13:49:27","guid":{"rendered":"https:\/\/www.acquavici.com.br\/?post_type=product&#038;p=389"},"modified":"2025-08-07T13:49:48","modified_gmt":"2025-08-07T16:49:48","slug":"ducha-eco-kdt-black-7-500w-220v","status":"publish","type":"product","link":"https:\/\/www.acquavici.com.br\/en\/ducha-eco-kdt-black-7-500w-220v\/","title":{"rendered":"DUCHA ECOPLUS BLACK 220V 7500W KDT 2839"},"content":{"rendered":"<div class=\"ui-pdp-container__col col-3 ui-pdp-container--column-center pb-40\">\n<div class=\"ui-pdp--sticky-wrapper ui-pdp--sticky-wrapper-center\">\n<div class=\"ui-pdp-container__row\">\n<div class=\"ui-pdp-container__col col-1 pl-24 pr-24\">\n<div class=\"ui-pdp-collapsable mt-24 ui-pdp-description-collapse\">\n<div class=\"ui-pdp-collapsable__container\">\n<div id=\"description\" class=\"ui-pdp-description\">\n<p class=\"ui-pdp-description__content\" data-testid=\"content\">Leia com aten\u00e7\u00e3o as especifica\u00e7\u00f5es b\u00e1sicas de instala\u00e7\u00e3o do produto abaixo. Acesse tamb\u00e9m o manual completo do produto no site do fabricante se necess\u00e1rio. Recomendamos o uso de m\u00e3o de obra especializada para instala\u00e7\u00e3o do produto e garantir seu perfeito funcionamento.<\/p>\n<p>Este produto n\u00e3o possui pressurizador interno. N\u00e3o acompanha desviador, duchador (chuveirinho) ou mangueira.<\/p>\n<p>A ducha n\u00e3o deve ser ligada com \u00e1gua direto de rua (cavalete), pois ar na tubula\u00e7\u00e3o, danificar\u00e1 a resist\u00eancia do produto.<\/p>\n<p>Especifica\u00e7\u00f5es T\u00e9cnicas:<\/p>\n<p>&#8211; Tens\u00e3o de opera\u00e7\u00e3o: somente 220V (n\u00e3o \u00e9 bivolt).<br \/>\n&#8211; Pot\u00eancia m\u00e1xima: 7.500W.<br \/>\n&#8211; Corrente m\u00e1xima: 40A.<br \/>\n&#8211; Fia\u00e7\u00e3o &#8211; Bitola m\u00ednima (mm\u00b2): 6mm\u00b2.<br \/>\n&#8211; Disjuntor DR: 40A.<br \/>\n&#8211; Press\u00e3o m\u00ednima\/m\u00e1xima de funcionamento KPA: 1 m.c.a (10Kpa) \/40 m.c.a (400Kpa) (metros de coluna d&#8217;\u00e1gua).<br \/>\n&#8211; Instala\u00e7\u00e3o rente a parede em uma luva de 1\/2&#8243; BSP.<br \/>\n&#8211; Dist\u00e2ncia m\u00e1xima do disjuntor ao aparelho: 30 metros.<br \/>\n&#8211; Seletor de temperatura: m\u00ednimo 0W \/ m\u00e1ximo 7.500W.<br \/>\n&#8211; Seletor de temperatura (haste prolongada) de f\u00e1cil acesso e utiliza\u00e7\u00e3o (maior acessibilidade).<br \/>\n&#8211; Resist\u00eancia superprotegida totalmente antichoque, n\u00e3o faz ru\u00eddo ao aquecer a \u00e1gua (silenciosa).<br \/>\n&#8211; Resist\u00eancia encapsulada: garante que toda \u00e1gua passe pela resist\u00eancia da ducha e seja aquecida de maneira homog\u00eanea.<br \/>\n&#8211; Seguran\u00e7a antichoque: altere a temperatura durante o banho sem risco de choques el\u00e9tricos.<br \/>\n&#8211; Super Jato KDT: cabe\u00e7a m\u00f3vel para direcionar melhor o seu jato d&#8217;\u00e1gua.<br \/>\n&#8211; Design inovador com alta padr\u00e3o de acabamento.<br \/>\n&#8211; Alto padr\u00e3o de seguran\u00e7a e durabilidade.<br \/>\n&#8211; Material da carca\u00e7a: pl\u00e1stico ABS antichama (mais seguran\u00e7a).<br \/>\n&#8211; Econ\u00f4mica e ecol\u00f3gica.<br \/>\n&#8211; N\u00e3o possui pressurizador interno.<br \/>\n&#8211; N\u00e3o acompanha desviador, duchador (chuveirinho) ou mangueira.<br \/>\n&#8211; Produto com assist\u00eancia t\u00e9cnica especializada se necess\u00e1rio.<br \/>\n&#8211; Cor: preto (pintado).<br \/>\n&#8211; Modelo: ducha Eco Plus.<br \/>\n&#8211; Marca: KDT.<\/p>\n<p>Conte\u00fado da embalagem:<\/p>\n<p>&#8211; 1 Ducha el\u00e9trica KDT Eco Plus.<br \/>\n&#8211; 1 Kit de acess\u00f3rios para instala\u00e7\u00e3o.<br \/>\n&#8211; 1 Manual de instru\u00e7\u00f5es.<\/p>\n<p>Descri\u00e7\u00e3o Detalhada:<\/p>\n<p>A ducha el\u00e9trica KDT Eco Plus \u00e9 uma excelente op\u00e7\u00e3o mais segura e econ\u00f4mica para quem deseja tomar um excelente banho. F\u00e1cil ajuste de temperatura. Com tecnologia antichoque, permite a mudan\u00e7a de temperatura durante o banho sem riscos de choques el\u00e9tricos com total seguran\u00e7a. Sua resist\u00eancia encapsulada garante que toda \u00e1gua que passe pela ducha seja aquecida de maneira homog\u00eanea garantindo um banho extremamente confort\u00e1vel termicamente.<\/p>\n<p>Alto padr\u00e3o de acabamento com responsabilidade ecol\u00f3gica: excelente qualidade nos acabamentos aliado a tecnologia garante um uso eficiente do produto sem desperd\u00edcio desnecess\u00e1rio de energia.<\/p>\n<p>IMPORTANTE: deixe que \u00e1gua corrente passe por dentro da ducha antes de realizar sua instala\u00e7\u00e3o na rede el\u00e9trica evitando assim que a resist\u00eancia possivelmente queime.<\/p>\n<\/div>\n<\/div>\n<\/div>\n<\/div>\n<\/div>\n<div class=\"ui-pdp-container__row\">\n<div class=\"ui-pdp-container__col col-1\"><\/div>\n<\/div>\n<div class=\"ui-pdp-container__row ui-pdp-recommendations-row\">\n<div class=\"ui-pdp-container__col col-1\">\n<div class=\"ui-pdp-spot-middle\"><\/div>\n<\/div>\n<\/div>\n<\/div>\n<\/div>\n<div class=\"ui-pdp-container__col col-1 ui-pdp-container--column-right mt-24 mr-8 pr-16\">\n<div class=\"ui-pdp--sticky-wrapper ui-pdp--sticky-wrapper-right\">\n<div class=\"ui-pdp-container__row\">\n<div id=\"special_event_shipping_summary\" class=\"ui-pdp-container__row ui-pdp-container__row--special-event-shipping-summary\"><\/div>\n<\/div>\n<\/div>\n<\/div>\n<p>SOMOS ASSIST\u00caNCIA T\u00c9CNICA AUTORIZADA KDT.<\/p>","protected":false},"excerpt":{"rendered":"<p>Leia com aten\u00e7\u00e3o as especifica\u00e7\u00f5es b\u00e1sicas de instala\u00e7\u00e3o do produto abaixo. Acesse tamb\u00e9m o manual completo do produto no site do fabricante se necess\u00e1rio. Recomendamos o uso de m\u00e3o de obra especializada para instala\u00e7\u00e3o do produto e garantir seu perfeito funcionamento. Este produto n\u00e3o possui pressurizador interno. N\u00e3o acompanha desviador, duchador (chuveirinho) ou mangueira. A [&hellip;]<\/p>","protected":false},"featured_media":2527,"comment_status":"open","ping_status":"closed","template":"","meta":[],"product_brand":[],"product_cat":[24],"product_tag":[],"class_list":{"0":"post-389","1":"product","2":"type-product","3":"status-publish","4":"has-post-thumbnail","6":"product_cat-duchas-chuveiros","8":"first","9":"instock","10":"shipping-taxable","11":"purchasable","12":"product-type-simple"},"_links":{"self":[{"href":"https:\/\/www.acquavici.com.br\/en\/wp-json\/wp\/v2\/product\/389","targetHints":{"allow":["GET"]}}],"collection":[{"href":"https:\/\/www.acquavici.com.br\/en\/wp-json\/wp\/v2\/product"}],"about":[{"href":"https:\/\/www.acquavici.com.br\/en\/wp-json\/wp\/v2\/types\/product"}],"replies":[{"embeddable":true,"href":"https:\/\/www.acquavici.com.br\/en\/wp-json\/wp\/v2\/comments?post=389"}],"wp:featuredmedia":[{"embeddable":true,"href":"https:\/\/www.acquavici.com.br\/en\/wp-json\/wp\/v2\/media\/2527"}],"wp:attachment":[{"href":"https:\/\/www.acquavici.com.br\/en\/wp-json\/wp\/v2\/media?parent=389"}],"wp:term":[{"taxonomy":"product_brand","embeddable":true,"href":"https:\/\/www.acquavici.com.br\/en\/wp-json\/wp\/v2\/product_brand?post=389"},{"taxonomy":"product_cat","embeddable":true,"href":"https:\/\/www.acquavici.com.br\/en\/wp-json\/wp\/v2\/product_cat?post=389"},{"taxonomy":"product_tag","embeddable":true,"href":"https:\/\/www.acquavici.com.br\/en\/wp-json\/wp\/v2\/product_tag?post=389"}],"curies":[{"name":"wp","href":"https:\/\/api.w.org\/{rel}","templated":true}]}}