{"id":393,"date":"2024-04-17T10:49:27","date_gmt":"2024-04-17T13:49:27","guid":{"rendered":"https:\/\/www.acquavici.com.br\/?post_type=product&#038;p=393"},"modified":"2025-08-16T09:47:59","modified_gmt":"2025-08-16T12:47:59","slug":"pressurizador-eletronico-kdt-220v-2602","status":"publish","type":"product","link":"https:\/\/www.acquavici.com.br\/en\/pressurizador-eletronico-kdt-220v-2602\/","title":{"rendered":"PRESSURIZADOR ELETR\u00d4NICO 220V KDT 2602"},"content":{"rendered":"<p>Exclusivo comando autom\u00e1tico eletr\u00f4nico de liga\/desliga. O equipamento identifica a abertura de qualquer registro (torneira) e aciona a bomba. Com vaz\u00e3o reduzida no registro ou torneira, o Pressurizador KDT n\u00e3o fica ligando\/desligando (jato d\u2019\u00e1gua oscilando) como ocorre nos equipamentoscom tanque de press\u00e3o.<\/p>\n<p>PROTEGE A REDE HIDR\u00c1ULICA<br \/>\nN\u00e3o mant\u00e9m a rede hidr\u00e1ulica pressurizada com os registros fechados.<\/p>\n<p>PONTOS SIMULT\u00c2NEOS<br \/>\nPossibilita a utiliza\u00e7\u00e3o de diversos pontos simultaneamente, sem perder press\u00e3o e vaz\u00e3o de \u00e1gua.<\/p>\n<p>COMPACTO<br \/>\nOcupa um volume de 25 cm x 29 cm x 17 cm (comp. x alt. x larg.), pesando 16Kg.<\/p>\n<p>F\u00c1CIL INSTALA\u00c7\u00c3O<br \/>\nInstalado no forro, com a entrada do Pressurizador ligada \u00e0 tubula\u00e7\u00e3o de sa\u00edda da caixa d\u2019\u00e1gua.<\/p>\n<p>ALTO PADR\u00c3O DE ACABAMENTO COM RESPONSABILIDADE<br \/>\nA qualidade de acabamento e materiais utilizados, aliados \u00e0 alta tecnologia e preocupa\u00e7\u00e3o com o meio ambiente \u00e9 um compromisso da KDT com seus clientes e com nosso planeta. Estamos constantemente \u00e0 procura de novos materiais e solu\u00e7\u00f5es sustent\u00e1veis para um futuro melhor.<\/p>\n<p>Itens Inclusos:<br \/>\n1 Pressurizador KDT ;<br \/>\n1 Manual de Instru\u00e7\u00f5es e Termo de Garantia;<\/p>\n<p>ATEN\u00c7\u00c3O<br \/>\nEnviado com Nota Fiscal.<\/p>\n<p>SOMOS ASSIST\u00caNCIA T\u00c9CNICA AUTORIZADA KDT.<\/p>","protected":false},"excerpt":{"rendered":"<p>Exclusivo comando autom\u00e1tico eletr\u00f4nico de liga\/desliga. O equipamento identifica a abertura de qualquer registro (torneira) e aciona a bomba. Com vaz\u00e3o reduzida no registro ou torneira, o Pressurizador KDT n\u00e3o fica ligando\/desligando (jato d\u2019\u00e1gua oscilando) como ocorre nos equipamentoscom tanque de press\u00e3o. PROTEGE A REDE HIDR\u00c1ULICA N\u00e3o mant\u00e9m a rede hidr\u00e1ulica pressurizada com os registros [&hellip;]<\/p>","protected":false},"featured_media":460,"comment_status":"open","ping_status":"closed","template":"","meta":[],"product_brand":[],"product_cat":[23],"product_tag":[],"class_list":{"0":"post-393","1":"product","2":"type-product","3":"status-publish","4":"has-post-thumbnail","6":"product_cat-bombas","8":"first","9":"instock","10":"shipping-taxable","11":"purchasable","12":"product-type-simple"},"_links":{"self":[{"href":"https:\/\/www.acquavici.com.br\/en\/wp-json\/wp\/v2\/product\/393","targetHints":{"allow":["GET"]}}],"collection":[{"href":"https:\/\/www.acquavici.com.br\/en\/wp-json\/wp\/v2\/product"}],"about":[{"href":"https:\/\/www.acquavici.com.br\/en\/wp-json\/wp\/v2\/types\/product"}],"replies":[{"embeddable":true,"href":"https:\/\/www.acquavici.com.br\/en\/wp-json\/wp\/v2\/comments?post=393"}],"wp:featuredmedia":[{"embeddable":true,"href":"https:\/\/www.acquavici.com.br\/en\/wp-json\/wp\/v2\/media\/460"}],"wp:attachment":[{"href":"https:\/\/www.acquavici.com.br\/en\/wp-json\/wp\/v2\/media?parent=393"}],"wp:term":[{"taxonomy":"product_brand","embeddable":true,"href":"https:\/\/www.acquavici.com.br\/en\/wp-json\/wp\/v2\/product_brand?post=393"},{"taxonomy":"product_cat","embeddable":true,"href":"https:\/\/www.acquavici.com.br\/en\/wp-json\/wp\/v2\/product_cat?post=393"},{"taxonomy":"product_tag","embeddable":true,"href":"https:\/\/www.acquavici.com.br\/en\/wp-json\/wp\/v2\/product_tag?post=393"}],"curies":[{"name":"wp","href":"https:\/\/api.w.org\/{rel}","templated":true}]}}