{"id":394,"date":"2024-04-17T10:49:27","date_gmt":"2024-04-17T13:49:27","guid":{"rendered":"https:\/\/www.acquavici.com.br\/?post_type=product&#038;p=394"},"modified":"2024-04-17T10:50:00","modified_gmt":"2024-04-17T13:50:00","slug":"fluxostato-lorenzetti","status":"publish","type":"product","link":"https:\/\/www.acquavici.com.br\/en\/fluxostato-lorenzetti\/","title":{"rendered":"Fluxostato LORENZETTI"},"content":{"rendered":"<p>O Fluxostato LORENZETTI permite aumentar a press\u00e3o da \u00e1gua de uma rede hidr\u00e1ulica. Possui uma entrada ou tubo que suga a \u00e1gua e, posteriormente, o l\u00edquido \u00e9 conduzido por um motor em dire\u00e7\u00e3o ao tubo de sa\u00edda. Isso faz com que a \u00e1gua saia com muito mais press\u00e3o e rapidez. N\u00e3o hesite em ver os recursos que este produto oferece, pois essa pode ser uma excelente op\u00e7\u00e3o para voc\u00ea.<\/p>\n<p>Maior pot\u00eancia<br \/>\nGra\u00e7as \u00e0 sua pot\u00eancia de 350W, este pressurizador permitir\u00e1 que voc\u00ea aumente a press\u00e3o da \u00e1gua, quente ou fria, a um fluxo constante. Sem d\u00favida, voc\u00ea ter\u00e1 o conforto necess\u00e1rio para realizar suas tarefas di\u00e1rias.<\/p>","protected":false},"excerpt":{"rendered":"<p>O Fluxostato LORENZETTI permite aumentar a press\u00e3o da \u00e1gua de uma rede hidr\u00e1ulica. Possui uma entrada ou tubo que suga a \u00e1gua e, posteriormente, o l\u00edquido \u00e9 conduzido por um motor em dire\u00e7\u00e3o ao tubo de sa\u00edda. Isso faz com que a \u00e1gua saia com muito mais press\u00e3o e rapidez. N\u00e3o hesite em ver os [&hellip;]<\/p>","protected":false},"featured_media":464,"comment_status":"open","ping_status":"closed","template":"","meta":[],"product_brand":[],"product_cat":[23],"product_tag":[],"class_list":{"0":"post-394","1":"product","2":"type-product","3":"status-publish","4":"has-post-thumbnail","6":"product_cat-bombas","8":"first","9":"instock","10":"shipping-taxable","11":"purchasable","12":"product-type-simple"},"_links":{"self":[{"href":"https:\/\/www.acquavici.com.br\/en\/wp-json\/wp\/v2\/product\/394","targetHints":{"allow":["GET"]}}],"collection":[{"href":"https:\/\/www.acquavici.com.br\/en\/wp-json\/wp\/v2\/product"}],"about":[{"href":"https:\/\/www.acquavici.com.br\/en\/wp-json\/wp\/v2\/types\/product"}],"replies":[{"embeddable":true,"href":"https:\/\/www.acquavici.com.br\/en\/wp-json\/wp\/v2\/comments?post=394"}],"wp:featuredmedia":[{"embeddable":true,"href":"https:\/\/www.acquavici.com.br\/en\/wp-json\/wp\/v2\/media\/464"}],"wp:attachment":[{"href":"https:\/\/www.acquavici.com.br\/en\/wp-json\/wp\/v2\/media?parent=394"}],"wp:term":[{"taxonomy":"product_brand","embeddable":true,"href":"https:\/\/www.acquavici.com.br\/en\/wp-json\/wp\/v2\/product_brand?post=394"},{"taxonomy":"product_cat","embeddable":true,"href":"https:\/\/www.acquavici.com.br\/en\/wp-json\/wp\/v2\/product_cat?post=394"},{"taxonomy":"product_tag","embeddable":true,"href":"https:\/\/www.acquavici.com.br\/en\/wp-json\/wp\/v2\/product_tag?post=394"}],"curies":[{"name":"wp","href":"https:\/\/api.w.org\/{rel}","templated":true}]}}