{"id":435,"date":"2024-04-17T10:49:48","date_gmt":"2024-04-17T13:49:48","guid":{"rendered":"https:\/\/www.acquavici.com.br\/?post_type=product&#038;p=435"},"modified":"2025-08-12T08:49:07","modified_gmt":"2025-08-12T11:49:07","slug":"chuveiro-zagonel-ideale-plus-220v-6800w","status":"publish","type":"product","link":"https:\/\/www.acquavici.com.br\/en\/chuveiro-zagonel-ideale-plus-220v-6800w\/","title":{"rendered":"DUCHA IDEALE PLUS 4T 220v 6.800W BRANCO ZAGONEL"},"content":{"rendered":"<p>A Ducha 4 Temperaturas Ideale Plus, proporciona o banho ideal e agrad\u00e1vel em qualquer \u00e9poca do ano, pois, conta com 4 temperaturas e uma chave seletora para facilitar o seu manuseio.<br \/>\nConta com um espalhador que oferece muito mais \u00e1gua, tornando o seu banho ainda melhor.<\/p>\n<p>Caracter\u00edsticas:<br \/>\nDucha 4 Temperaturas<br \/>\nPot\u00eancias: 6.800W em 220V<br \/>\nDucha com acionamento em baixa press\u00e3o de \u00e1gua 1 M.C.A.<br \/>\nGarantia de 12 Meses!<br \/>\nF\u00e1cil limpeza do espalhador!<\/p>\n<p>Itens inclusos:<br \/>\n1 DUCHA IDEALE PLUS 4T 220v 6.800W BRANCO ZAGONEL;<br \/>\n1 Manual de Instru\u00e7\u00f5es;<\/p>\n<p>ATEN\u00c7\u00c3O<br \/>\nEnviado com Nota Fiscal<\/p>\n<p>SOMOS ASSIST\u00caNCIA T\u00c9CNICA AUTORIZADA ZAGONEL.<\/p>","protected":false},"excerpt":{"rendered":"<p>A Ducha 4 Temperaturas Ideale Plus, proporciona o banho ideal e agrad\u00e1vel em qualquer \u00e9poca do ano, pois, conta com 4 temperaturas e uma chave seletora para facilitar o seu manuseio. Conta com um espalhador que oferece muito mais \u00e1gua, tornando o seu banho ainda melhor. Caracter\u00edsticas: Ducha 4 Temperaturas Pot\u00eancias: 6.800W em 220V Ducha [&hellip;]<\/p>","protected":false},"featured_media":478,"comment_status":"open","ping_status":"closed","template":"","meta":[],"product_brand":[],"product_cat":[24],"product_tag":[],"class_list":{"0":"post-435","1":"product","2":"type-product","3":"status-publish","4":"has-post-thumbnail","6":"product_cat-duchas-chuveiros","8":"first","9":"instock","10":"shipping-taxable","11":"purchasable","12":"product-type-simple"},"_links":{"self":[{"href":"https:\/\/www.acquavici.com.br\/en\/wp-json\/wp\/v2\/product\/435","targetHints":{"allow":["GET"]}}],"collection":[{"href":"https:\/\/www.acquavici.com.br\/en\/wp-json\/wp\/v2\/product"}],"about":[{"href":"https:\/\/www.acquavici.com.br\/en\/wp-json\/wp\/v2\/types\/product"}],"replies":[{"embeddable":true,"href":"https:\/\/www.acquavici.com.br\/en\/wp-json\/wp\/v2\/comments?post=435"}],"wp:featuredmedia":[{"embeddable":true,"href":"https:\/\/www.acquavici.com.br\/en\/wp-json\/wp\/v2\/media\/478"}],"wp:attachment":[{"href":"https:\/\/www.acquavici.com.br\/en\/wp-json\/wp\/v2\/media?parent=435"}],"wp:term":[{"taxonomy":"product_brand","embeddable":true,"href":"https:\/\/www.acquavici.com.br\/en\/wp-json\/wp\/v2\/product_brand?post=435"},{"taxonomy":"product_cat","embeddable":true,"href":"https:\/\/www.acquavici.com.br\/en\/wp-json\/wp\/v2\/product_cat?post=435"},{"taxonomy":"product_tag","embeddable":true,"href":"https:\/\/www.acquavici.com.br\/en\/wp-json\/wp\/v2\/product_tag?post=435"}],"curies":[{"name":"wp","href":"https:\/\/api.w.org\/{rel}","templated":true}]}}