{"id":438,"date":"2024-04-17T10:49:48","date_gmt":"2024-04-17T13:49:48","guid":{"rendered":"https:\/\/www.acquavici.com.br\/?post_type=product&#038;p=438"},"modified":"2024-04-17T10:50:21","modified_gmt":"2024-04-17T13:50:21","slug":"ducha-higienica-abs-cromada-1-4-volta-c-70","status":"publish","type":"product","link":"https:\/\/www.acquavici.com.br\/en\/ducha-higienica-abs-cromada-1-4-volta-c-70\/","title":{"rendered":"Ducha Higi\u00eanica ABS CROMADA 1\/4 VOLTA C 70"},"content":{"rendered":"<p>Ducha Higi\u00eanica Cromada Acionamento Com 1\/4&#8243; De Volta, unindo com sua mangueira flex\u00edvel em metal com 120 cent\u00edmetros de comprimento, sendo uma das caracter\u00edsticas que garante qualidade e durabilidade para o produto, seu gatilho cromado possui grande resist\u00eancia com um acionamento manual ou autom\u00e1tico de f\u00e1cil controle, assim com toda sua beleza e qualidade seu formato arredondado tr\u00e1s inova\u00e7\u00e3o e requinte para sua casa!<\/p>\n<p>Seu acionamento em alavanca combinado ao mecanismo 1\/4 de volta \u00e9 muito eficaz e de simples manejo al\u00e9m de proporcionar grande economia de \u00e1gua se tornando uma bela op\u00e7\u00e3o de compra. O mecanismo 1\/4 de volta \u00e9 o que h\u00e1 de mais moderno em mecanismo para torneiras, sendo o que mais tem vida \u00fatil e o que menos apresenta defeitos ao decorrer do uso, economiza \u00e1gua tr\u00e1s conforto e praticidade.<\/p>","protected":false},"excerpt":{"rendered":"<p>Ducha Higi\u00eanica Cromada Acionamento Com 1\/4&#8243; De Volta, unindo com sua mangueira flex\u00edvel em metal com 120 cent\u00edmetros de comprimento, sendo uma das caracter\u00edsticas que garante qualidade e durabilidade para o produto, seu gatilho cromado possui grande resist\u00eancia com um acionamento manual ou autom\u00e1tico de f\u00e1cil controle, assim com toda sua beleza e qualidade seu [&hellip;]<\/p>","protected":false},"featured_media":500,"comment_status":"open","ping_status":"closed","template":"","meta":[],"product_brand":[],"product_cat":[19],"product_tag":[],"class_list":{"0":"post-438","1":"product","2":"type-product","3":"status-publish","4":"has-post-thumbnail","6":"product_cat-torneiras","8":"first","9":"instock","10":"shipping-taxable","11":"purchasable","12":"product-type-simple"},"_links":{"self":[{"href":"https:\/\/www.acquavici.com.br\/en\/wp-json\/wp\/v2\/product\/438","targetHints":{"allow":["GET"]}}],"collection":[{"href":"https:\/\/www.acquavici.com.br\/en\/wp-json\/wp\/v2\/product"}],"about":[{"href":"https:\/\/www.acquavici.com.br\/en\/wp-json\/wp\/v2\/types\/product"}],"replies":[{"embeddable":true,"href":"https:\/\/www.acquavici.com.br\/en\/wp-json\/wp\/v2\/comments?post=438"}],"wp:featuredmedia":[{"embeddable":true,"href":"https:\/\/www.acquavici.com.br\/en\/wp-json\/wp\/v2\/media\/500"}],"wp:attachment":[{"href":"https:\/\/www.acquavici.com.br\/en\/wp-json\/wp\/v2\/media?parent=438"}],"wp:term":[{"taxonomy":"product_brand","embeddable":true,"href":"https:\/\/www.acquavici.com.br\/en\/wp-json\/wp\/v2\/product_brand?post=438"},{"taxonomy":"product_cat","embeddable":true,"href":"https:\/\/www.acquavici.com.br\/en\/wp-json\/wp\/v2\/product_cat?post=438"},{"taxonomy":"product_tag","embeddable":true,"href":"https:\/\/www.acquavici.com.br\/en\/wp-json\/wp\/v2\/product_tag?post=438"}],"curies":[{"name":"wp","href":"https:\/\/api.w.org\/{rel}","templated":true}]}}