{"id":439,"date":"2024-04-17T10:49:49","date_gmt":"2024-04-17T13:49:49","guid":{"rendered":"https:\/\/www.acquavici.com.br\/?post_type=product&#038;p=439"},"modified":"2024-04-17T10:50:23","modified_gmt":"2024-04-17T13:50:23","slug":"ducha-fria-medio","status":"publish","type":"product","link":"https:\/\/www.acquavici.com.br\/en\/ducha-fria-medio\/","title":{"rendered":"Ducha Fria M\u00e9dio"},"content":{"rendered":"<p>Ducha Chuveiro Fria.<br \/>\nDesenvolvido com materiais de primeira linha, a Ducha para Piscina \u00e9 uma \u00f3tima op\u00e7\u00e3o para quem procura um produto de extrema qualidade. Possui uma \u00f3tima vaz\u00e3o de \u00e1gua, garantindo um banho agrad\u00e1vel e relaxante.<\/p>","protected":false},"excerpt":{"rendered":"<p>Ducha Chuveiro Fria. Desenvolvido com materiais de primeira linha, a Ducha para Piscina \u00e9 uma \u00f3tima op\u00e7\u00e3o para quem procura um produto de extrema qualidade. Possui uma \u00f3tima vaz\u00e3o de \u00e1gua, garantindo um banho agrad\u00e1vel e relaxante.<\/p>","protected":false},"featured_media":503,"comment_status":"open","ping_status":"closed","template":"","meta":[],"product_brand":[],"product_cat":[24],"product_tag":[],"class_list":{"0":"post-439","1":"product","2":"type-product","3":"status-publish","4":"has-post-thumbnail","6":"product_cat-duchas-chuveiros","8":"first","9":"instock","10":"shipping-taxable","11":"purchasable","12":"product-type-simple"},"_links":{"self":[{"href":"https:\/\/www.acquavici.com.br\/en\/wp-json\/wp\/v2\/product\/439","targetHints":{"allow":["GET"]}}],"collection":[{"href":"https:\/\/www.acquavici.com.br\/en\/wp-json\/wp\/v2\/product"}],"about":[{"href":"https:\/\/www.acquavici.com.br\/en\/wp-json\/wp\/v2\/types\/product"}],"replies":[{"embeddable":true,"href":"https:\/\/www.acquavici.com.br\/en\/wp-json\/wp\/v2\/comments?post=439"}],"wp:featuredmedia":[{"embeddable":true,"href":"https:\/\/www.acquavici.com.br\/en\/wp-json\/wp\/v2\/media\/503"}],"wp:attachment":[{"href":"https:\/\/www.acquavici.com.br\/en\/wp-json\/wp\/v2\/media?parent=439"}],"wp:term":[{"taxonomy":"product_brand","embeddable":true,"href":"https:\/\/www.acquavici.com.br\/en\/wp-json\/wp\/v2\/product_brand?post=439"},{"taxonomy":"product_cat","embeddable":true,"href":"https:\/\/www.acquavici.com.br\/en\/wp-json\/wp\/v2\/product_cat?post=439"},{"taxonomy":"product_tag","embeddable":true,"href":"https:\/\/www.acquavici.com.br\/en\/wp-json\/wp\/v2\/product_tag?post=439"}],"curies":[{"name":"wp","href":"https:\/\/api.w.org\/{rel}","templated":true}]}}