{"id":441,"date":"2024-04-17T10:49:49","date_gmt":"2024-04-17T13:49:49","guid":{"rendered":"https:\/\/www.acquavici.com.br\/?post_type=product&#038;p=441"},"modified":"2024-04-17T10:50:25","modified_gmt":"2024-04-17T13:50:25","slug":"haste-para-chuveiro-cano-para-chuveiro-zagonel-40cm","status":"publish","type":"product","link":"https:\/\/www.acquavici.com.br\/en\/haste-para-chuveiro-cano-para-chuveiro-zagonel-40cm\/","title":{"rendered":"Haste Para Chuveiro (Cano para Chuveiro) ZAGONEL 40cm"},"content":{"rendered":"<p>Haste para chuveiro 40cm branca Zagonel<\/p>\n<p>Cano para chuveiro com material de alta resist\u00eancia, design moderno, para facilitar a instala\u00e7\u00e3o e acabamento o produto com trilhos para alojamento dos cabos, permitindo um toque refinado e diferenciado na instala\u00e7\u00e3o do seu chuveiro.<\/p>","protected":false},"excerpt":{"rendered":"<p>Haste para chuveiro 40cm branca Zagonel Cano para chuveiro com material de alta resist\u00eancia, design moderno, para facilitar a instala\u00e7\u00e3o e acabamento o produto com trilhos para alojamento dos cabos, permitindo um toque refinado e diferenciado na instala\u00e7\u00e3o do seu chuveiro.<\/p>","protected":false},"featured_media":507,"comment_status":"open","ping_status":"closed","template":"","meta":[],"product_brand":[],"product_cat":[21],"product_tag":[],"class_list":{"0":"post-441","1":"product","2":"type-product","3":"status-publish","4":"has-post-thumbnail","6":"product_cat-aquecedor-eletrico","8":"first","9":"instock","10":"shipping-taxable","11":"purchasable","12":"product-type-simple"},"_links":{"self":[{"href":"https:\/\/www.acquavici.com.br\/en\/wp-json\/wp\/v2\/product\/441","targetHints":{"allow":["GET"]}}],"collection":[{"href":"https:\/\/www.acquavici.com.br\/en\/wp-json\/wp\/v2\/product"}],"about":[{"href":"https:\/\/www.acquavici.com.br\/en\/wp-json\/wp\/v2\/types\/product"}],"replies":[{"embeddable":true,"href":"https:\/\/www.acquavici.com.br\/en\/wp-json\/wp\/v2\/comments?post=441"}],"wp:featuredmedia":[{"embeddable":true,"href":"https:\/\/www.acquavici.com.br\/en\/wp-json\/wp\/v2\/media\/507"}],"wp:attachment":[{"href":"https:\/\/www.acquavici.com.br\/en\/wp-json\/wp\/v2\/media?parent=441"}],"wp:term":[{"taxonomy":"product_brand","embeddable":true,"href":"https:\/\/www.acquavici.com.br\/en\/wp-json\/wp\/v2\/product_brand?post=441"},{"taxonomy":"product_cat","embeddable":true,"href":"https:\/\/www.acquavici.com.br\/en\/wp-json\/wp\/v2\/product_cat?post=441"},{"taxonomy":"product_tag","embeddable":true,"href":"https:\/\/www.acquavici.com.br\/en\/wp-json\/wp\/v2\/product_tag?post=441"}],"curies":[{"name":"wp","href":"https:\/\/api.w.org\/{rel}","templated":true}]}}