{"id":442,"date":"2024-04-17T10:49:49","date_gmt":"2024-04-17T13:49:49","guid":{"rendered":"https:\/\/www.acquavici.com.br\/?post_type=product&#038;p=442"},"modified":"2024-07-24T11:50:41","modified_gmt":"2024-07-24T14:50:41","slug":"ducha-potenza-flex-digital-pressurizada-c-desviador-220v-7800w-branca-aq105-2","status":"publish","type":"product","link":"https:\/\/www.acquavici.com.br\/en\/ducha-potenza-flex-digital-pressurizada-c-desviador-220v-7800w-branca-aq105-2\/","title":{"rendered":"DUCHA POTENZA FLEX DIGITAL PRESSURIZADA C\/DESVIADOR BR 220V 7800W CARDAL AQ105\/2"},"content":{"rendered":"<p>DUCHA POTENZA FLEX DIGITAL PRESSURIZADA C\/DESVIADOR BR 220V 7800W CARDAL AQ105\/2<\/p>\n<p>A evolu\u00e7\u00e3o incorporada a ducha potenza digital traz como resultado a mais avan\u00e7ada tecnologia de software, combinando sua utiliza\u00e7\u00e3o no ponto de uso com aquecedores centrais de aquecimento de \u00e1gua (solar, g\u00e1s, etc.), tornando o banho mais econ\u00f4mico e confort\u00e1vel.<\/p>\n<p>O conceito flex ou h\u00edbrido trata-se da utiliza\u00e7\u00e3o de duas fontes distintas para aquecer a \u00e1gua do banho, a energia solar ou a g\u00e1s e a energia el\u00e9trica, com isso, evitando-se desperd\u00edcio de \u00e1gua e diminuindo o consumo de energia el\u00e9trica.<\/p>\n<p>E mais! Com o controle de temperatura ao alcance das m\u00e3os, \u00e9 poss\u00edvel o ajuste da temperatura da \u00e1gua de acordo com a necessidade e tamb\u00e9m, o seu monitoramento em tempo real e a sua estabiliza\u00e7\u00e3o durante todo o per\u00edodo de banho.<\/p>\n<p>Caracter\u00edsticas e Benef\u00edcios<\/p>\n<p>Controle remoto de temperaturas com visor digital. Controle de temperatura da \u00e1gua ao alcance das m\u00e3os. Sem esfor\u00e7os \u00e9 poss\u00edvel ajustar a temperatura ideal da \u00e1gua.<\/p>\n<p>Ajuste digital de temperaturas. Voc\u00ea ajusta a temperatura de 25 \u00b0C a 40 \u00b0C de 1 em 1 grau conforme a sua necessidade.<\/p>\n<p>Elimina o desperd\u00edcio de \u00e1gua. No in\u00edcio de cada banho, toda a \u00e1gua fria contida na tubula\u00e7\u00e3o do aquecedor central \u00e9 aquecida instantaneamente, na temperatura certa, evitando o desperd\u00edcio que ocorre enquanto se espera que a \u00e1gua quente do aquecedor chegue ao ponto de uso.<\/p>\n<p>Diminui o consumo de energia el\u00e9trica. Elimina definitivamente a necessidade de termostato e da resist\u00eancia no reservat\u00f3rio do aquecedor solar, que, independente da utiliza\u00e7\u00e3o ou n\u00e3o da \u00e1gua quente, consome energia el\u00e9trica durante horas nos dias nublados.<\/p>\n<p>A Ducha Potenza Digital Flex consome apenas a energia necess\u00e1ria para complementar o aquecimento da \u00e1gua at\u00e9 a temperatura de banho e somente durante o tempo de uso. Al\u00e9m disso, quando a \u00e1gua quente do aquecedor atingir uma temperatura igual ou superior a temperatura de banho, a Ducha Potenza Digital Flex interrompe automaticamente o consumo de energia el\u00e9trica.<\/p>\n<p>Alerta sonoro de seguran\u00e7a e tempo de banho. Caso a temperatura da \u00e1gua ultrapasse 45 \u00b0C, um aviso sonoro \u00e9 acionado, alertando o usu\u00e1rio que a temperatura da \u00e1gua n\u00e3o \u00e9 adequada ao banho. Este alerta sonoro se mant\u00e9m ativo at\u00e9 que \u00e1gua fria seja misturada \u00e0 \u00e1gua muito quente do aquecedor, e seja atingida uma temperatura adequada ao banho. Opcionalmente, poder\u00e1 ser ativado um aviso sonoro (um bip a cada 30 segundos) que ser\u00e1 acionado ap\u00f3s 8 minutos de banho.<\/p>\n<p>Descri\u00e7\u00e3o:<br \/>\nMarca: Cardal<br \/>\nModelo: Ducha Potenza Digital (AQ105\/2)<br \/>\nPot\u00eancia: 7.800W<br \/>\nTens\u00e3o: 220V<br \/>\nCor: Branca<br \/>\nTipo de Ducha: Digital \/ Multidirecional<br \/>\nPressurizada: Sim<br \/>\nTemperaturas dispon\u00edveis: De 25\u00baC at\u00e9 40\u00baC<\/p>\n<p>Informa\u00e7\u00f5es t\u00e9cnicas:<br \/>\nFia\u00e7\u00e3o M\u00ednima: 6mm\u00b2<br \/>\nDisjuntor: 40 A<br \/>\nPress\u00e3o m\u00ednima de funcionamento: 15 kPa (1,5 m.c.a)<br \/>\nPress\u00e3o m\u00e1xima de funcionamento: 400 kPa (40 m.c.a)<\/p>\n<p>Itens inclusos:<br \/>\n1 Ducha com controle remoto;<br \/>\n1 Mangueira;<br \/>\n1 Ducha Manual;<br \/>\n1 Dispositivo redutor;<br \/>\n2 Conectores el\u00e9tricos;<br \/>\n1 Suporte para Ducha Manual;<br \/>\n2 Parafusos com buchas pl\u00e1sticas;<br \/>\n1 Manual de Instru\u00e7\u00f5es<\/p>\n<p>ATEN\u00c7\u00c3O<br \/>\nEnviado com Nota Fiscal.<\/p>\n<p>SOMOS ASSIST\u00caNCIA T\u00c9CNICA AUTORIZADA CARDAL.<\/p>","protected":false},"excerpt":{"rendered":"<p>DUCHA POTENZA FLEX DIGITAL PRESSURIZADA C\/DESVIADOR BR 220V 7800W CARDAL AQ105\/2 A evolu\u00e7\u00e3o incorporada a ducha potenza digital traz como resultado a mais avan\u00e7ada tecnologia de software, combinando sua utiliza\u00e7\u00e3o no ponto de uso com aquecedores centrais de aquecimento de \u00e1gua (solar, g\u00e1s, etc.), tornando o banho mais econ\u00f4mico e confort\u00e1vel. O conceito flex ou [&hellip;]<\/p>","protected":false},"featured_media":510,"comment_status":"open","ping_status":"closed","template":"","meta":[],"product_brand":[],"product_cat":[24],"product_tag":[],"class_list":{"0":"post-442","1":"product","2":"type-product","3":"status-publish","4":"has-post-thumbnail","6":"product_cat-duchas-chuveiros","8":"first","9":"instock","10":"shipping-taxable","11":"purchasable","12":"product-type-simple"},"_links":{"self":[{"href":"https:\/\/www.acquavici.com.br\/en\/wp-json\/wp\/v2\/product\/442","targetHints":{"allow":["GET"]}}],"collection":[{"href":"https:\/\/www.acquavici.com.br\/en\/wp-json\/wp\/v2\/product"}],"about":[{"href":"https:\/\/www.acquavici.com.br\/en\/wp-json\/wp\/v2\/types\/product"}],"replies":[{"embeddable":true,"href":"https:\/\/www.acquavici.com.br\/en\/wp-json\/wp\/v2\/comments?post=442"}],"wp:featuredmedia":[{"embeddable":true,"href":"https:\/\/www.acquavici.com.br\/en\/wp-json\/wp\/v2\/media\/510"}],"wp:attachment":[{"href":"https:\/\/www.acquavici.com.br\/en\/wp-json\/wp\/v2\/media?parent=442"}],"wp:term":[{"taxonomy":"product_brand","embeddable":true,"href":"https:\/\/www.acquavici.com.br\/en\/wp-json\/wp\/v2\/product_brand?post=442"},{"taxonomy":"product_cat","embeddable":true,"href":"https:\/\/www.acquavici.com.br\/en\/wp-json\/wp\/v2\/product_cat?post=442"},{"taxonomy":"product_tag","embeddable":true,"href":"https:\/\/www.acquavici.com.br\/en\/wp-json\/wp\/v2\/product_tag?post=442"}],"curies":[{"name":"wp","href":"https:\/\/api.w.org\/{rel}","templated":true}]}}