{"id":445,"date":"2024-04-17T10:49:49","date_gmt":"2024-04-17T13:49:49","guid":{"rendered":"https:\/\/www.acquavici.com.br\/?post_type=product&#038;p=445"},"modified":"2025-08-08T16:04:51","modified_gmt":"2025-08-08T19:04:51","slug":"jogo-de-helices-3-pas-ventilador-de-teto-aliseu-terral","status":"publish","type":"product","link":"https:\/\/www.acquavici.com.br\/en\/jogo-de-helices-3-pas-ventilador-de-teto-aliseu-terral\/","title":{"rendered":"Jogo De H\u00e9lices 3 P\u00e1s Ventilador De Teto Aliseu Terral"},"content":{"rendered":"<p>Jogo De H\u00e9lices 3 P\u00e1s Ventilador De Teto Aliseu Terral<\/p>\n<p>Descri\u00e7\u00e3o: Conjunto de p\u00e1s<br \/>\nModelo: Terral<br \/>\nCompatibilidade: Ventilador de Teto<br \/>\nFabricante: Aliseu Tecnologia<br \/>\nCor: Branco<\/p>\n<p>Itens inclusos:<br \/>\n1 Jogo De H\u00e9lices 3 P\u00e1s Ventilador De Teto Aliseu Terral;<\/p>\n<p>ATEN\u00c7\u00c3O<br \/>\nEnviado com Nota Fiscal.<\/p>\n<p>SOMOS ASSIST\u00caNCIA T\u00c9CNICA AUTORIZADA CARDAL.<\/p>","protected":false},"excerpt":{"rendered":"<p>Jogo De H\u00e9lices 3 P\u00e1s Ventilador De Teto Aliseu Terral Descri\u00e7\u00e3o: Conjunto de p\u00e1s Modelo: Terral Compatibilidade: Ventilador de Teto Fabricante: Aliseu Tecnologia Cor: Branco Itens inclusos: 1 Jogo De H\u00e9lices 3 P\u00e1s Ventilador De Teto Aliseu Terral; ATEN\u00c7\u00c3O Enviado com Nota Fiscal. SOMOS ASSIST\u00caNCIA T\u00c9CNICA AUTORIZADA CARDAL.<\/p>","protected":false},"featured_media":515,"comment_status":"open","ping_status":"closed","template":"","meta":[],"product_brand":[],"product_cat":[20],"product_tag":[],"class_list":{"0":"post-445","1":"product","2":"type-product","3":"status-publish","4":"has-post-thumbnail","6":"product_cat-ventilador-de-teto","8":"first","9":"instock","10":"shipping-taxable","11":"purchasable","12":"product-type-simple"},"_links":{"self":[{"href":"https:\/\/www.acquavici.com.br\/en\/wp-json\/wp\/v2\/product\/445","targetHints":{"allow":["GET"]}}],"collection":[{"href":"https:\/\/www.acquavici.com.br\/en\/wp-json\/wp\/v2\/product"}],"about":[{"href":"https:\/\/www.acquavici.com.br\/en\/wp-json\/wp\/v2\/types\/product"}],"replies":[{"embeddable":true,"href":"https:\/\/www.acquavici.com.br\/en\/wp-json\/wp\/v2\/comments?post=445"}],"wp:featuredmedia":[{"embeddable":true,"href":"https:\/\/www.acquavici.com.br\/en\/wp-json\/wp\/v2\/media\/515"}],"wp:attachment":[{"href":"https:\/\/www.acquavici.com.br\/en\/wp-json\/wp\/v2\/media?parent=445"}],"wp:term":[{"taxonomy":"product_brand","embeddable":true,"href":"https:\/\/www.acquavici.com.br\/en\/wp-json\/wp\/v2\/product_brand?post=445"},{"taxonomy":"product_cat","embeddable":true,"href":"https:\/\/www.acquavici.com.br\/en\/wp-json\/wp\/v2\/product_cat?post=445"},{"taxonomy":"product_tag","embeddable":true,"href":"https:\/\/www.acquavici.com.br\/en\/wp-json\/wp\/v2\/product_tag?post=445"}],"curies":[{"name":"wp","href":"https:\/\/api.w.org\/{rel}","templated":true}]}}