{"id":447,"date":"2024-04-17T10:49:50","date_gmt":"2024-04-17T13:49:50","guid":{"rendered":"https:\/\/www.acquavici.com.br\/?post_type=product&#038;p=447"},"modified":"2025-08-08T14:49:11","modified_gmt":"2025-08-08T17:49:11","slug":"jogo-de-helices-3-pas-ventilador-de-teto-nano-br-aliseu","status":"publish","type":"product","link":"https:\/\/www.acquavici.com.br\/en\/jogo-de-helices-3-pas-ventilador-de-teto-nano-br-aliseu\/","title":{"rendered":"Jogo De H\u00e9lices 3 P\u00e1s Ventilador De Teto Nano BR Aliseu"},"content":{"rendered":"<p>Jogo de H\u00e9lices\u00a03 P\u00e1s para Ventilador de Teto Nano Inspire Branco Aliseu foi desenhado para se acomodar em lugares que ventiladores de dimens\u00f5es comuns n\u00e3o podem funcionar.<\/p>\n<p>Sua composi\u00e7\u00e3o \u00e9 feita com pl\u00e1stico resistente, que garante a maleabilidade necess\u00e1ria para suportar a rota\u00e7\u00e3o em altas pot\u00eancias.<\/p>\n<p>Simples, discreto, mas com um charme especial, o que garante um ambiente charmoso e cl\u00e1ssico.<\/p>\n<p>Vendemos, o kit completo com o jogo de 3 p\u00e1s.<\/p>\n<p>Caracter\u00edsticas:<br \/>\nCor: Branco<br \/>\nMarca: Aliseu<\/p>\n<p>Extremamente funcional;<br \/>\nIdeal para c\u00f4modos menores;<br \/>\nHigieniza\u00e7\u00e3o simplificada;<br \/>\nF\u00e1cil fixa\u00e7\u00e3o;<\/p>\n<p>Compatibilidade com a maioria dos ventiladores do mercado<\/p>\n<p>Itens inclusos:<br \/>\n1 Jogo H\u00e9lice 3 P\u00e1s P\/ Ventilador De Teto Nano BR Aliseu;<\/p>\n<p>ATEN\u00c7\u00c3O<br \/>\nEnviado com Nota Fiscal.<\/p>\n<p>SOMOS ASSIST\u00caNCIA T\u00c9CNICA AUTORIZADA ALISEU.<\/p>","protected":false},"excerpt":{"rendered":"<p>Jogo de H\u00e9lices\u00a03 P\u00e1s para Ventilador de Teto Nano Inspire Branco Aliseu foi desenhado para se acomodar em lugares que ventiladores de dimens\u00f5es comuns n\u00e3o podem funcionar. Sua composi\u00e7\u00e3o \u00e9 feita com pl\u00e1stico resistente, que garante a maleabilidade necess\u00e1ria para suportar a rota\u00e7\u00e3o em altas pot\u00eancias. Simples, discreto, mas com um charme especial, o que [&hellip;]<\/p>","protected":false},"featured_media":520,"comment_status":"open","ping_status":"closed","template":"","meta":[],"product_brand":[],"product_cat":[20],"product_tag":[],"class_list":{"0":"post-447","1":"product","2":"type-product","3":"status-publish","4":"has-post-thumbnail","6":"product_cat-ventilador-de-teto","8":"first","9":"instock","10":"shipping-taxable","11":"purchasable","12":"product-type-simple"},"_links":{"self":[{"href":"https:\/\/www.acquavici.com.br\/en\/wp-json\/wp\/v2\/product\/447","targetHints":{"allow":["GET"]}}],"collection":[{"href":"https:\/\/www.acquavici.com.br\/en\/wp-json\/wp\/v2\/product"}],"about":[{"href":"https:\/\/www.acquavici.com.br\/en\/wp-json\/wp\/v2\/types\/product"}],"replies":[{"embeddable":true,"href":"https:\/\/www.acquavici.com.br\/en\/wp-json\/wp\/v2\/comments?post=447"}],"wp:featuredmedia":[{"embeddable":true,"href":"https:\/\/www.acquavici.com.br\/en\/wp-json\/wp\/v2\/media\/520"}],"wp:attachment":[{"href":"https:\/\/www.acquavici.com.br\/en\/wp-json\/wp\/v2\/media?parent=447"}],"wp:term":[{"taxonomy":"product_brand","embeddable":true,"href":"https:\/\/www.acquavici.com.br\/en\/wp-json\/wp\/v2\/product_brand?post=447"},{"taxonomy":"product_cat","embeddable":true,"href":"https:\/\/www.acquavici.com.br\/en\/wp-json\/wp\/v2\/product_cat?post=447"},{"taxonomy":"product_tag","embeddable":true,"href":"https:\/\/www.acquavici.com.br\/en\/wp-json\/wp\/v2\/product_tag?post=447"}],"curies":[{"name":"wp","href":"https:\/\/api.w.org\/{rel}","templated":true}]}}