{"id":448,"date":"2024-04-17T10:49:50","date_gmt":"2024-04-17T13:49:50","guid":{"rendered":"https:\/\/www.acquavici.com.br\/?post_type=product&#038;p=448"},"modified":"2025-08-09T09:28:49","modified_gmt":"2025-08-09T12:28:49","slug":"jogo-de-helices-3-pas-ventilador-de-teto-aliseu-slim","status":"publish","type":"product","link":"https:\/\/www.acquavici.com.br\/en\/jogo-de-helices-3-pas-ventilador-de-teto-aliseu-slim\/","title":{"rendered":"Jogo De H\u00e9lices 3 P\u00e1s Ventilador De Teto Aliseu Slim"},"content":{"rendered":"<p>Jogo de h\u00e9lices 3 p\u00e1s para Ventilador de teto Aliseu Slim.<\/p>\n<p>Descri\u00e7\u00e3o: Conjunto de 3 p\u00e1s<br \/>\nCompatibilidade: Ventilador de Teto modelo Slim<br \/>\nFabricante: Aliseu<br \/>\nCor: Branco<br \/>\nMaterial: pl\u00e1stico<br \/>\nDimens\u00f5es: comprimento 50 cm x largura 14 cm<br \/>\nConte\u00fado da Embalagem: 3 unidades p\u00e1s<\/p>","protected":false},"excerpt":{"rendered":"<p>Jogo de h\u00e9lices 3 p\u00e1s para Ventilador de teto Aliseu Slim. Descri\u00e7\u00e3o: Conjunto de 3 p\u00e1s Compatibilidade: Ventilador de Teto modelo Slim Fabricante: Aliseu Cor: Branco Material: pl\u00e1stico Dimens\u00f5es: comprimento 50 cm x largura 14 cm Conte\u00fado da Embalagem: 3 unidades p\u00e1s<\/p>","protected":false},"featured_media":523,"comment_status":"open","ping_status":"closed","template":"","meta":[],"product_brand":[],"product_cat":[20],"product_tag":[],"class_list":{"0":"post-448","1":"product","2":"type-product","3":"status-publish","4":"has-post-thumbnail","6":"product_cat-ventilador-de-teto","8":"first","9":"instock","10":"shipping-taxable","11":"purchasable","12":"product-type-simple"},"_links":{"self":[{"href":"https:\/\/www.acquavici.com.br\/en\/wp-json\/wp\/v2\/product\/448","targetHints":{"allow":["GET"]}}],"collection":[{"href":"https:\/\/www.acquavici.com.br\/en\/wp-json\/wp\/v2\/product"}],"about":[{"href":"https:\/\/www.acquavici.com.br\/en\/wp-json\/wp\/v2\/types\/product"}],"replies":[{"embeddable":true,"href":"https:\/\/www.acquavici.com.br\/en\/wp-json\/wp\/v2\/comments?post=448"}],"wp:featuredmedia":[{"embeddable":true,"href":"https:\/\/www.acquavici.com.br\/en\/wp-json\/wp\/v2\/media\/523"}],"wp:attachment":[{"href":"https:\/\/www.acquavici.com.br\/en\/wp-json\/wp\/v2\/media?parent=448"}],"wp:term":[{"taxonomy":"product_brand","embeddable":true,"href":"https:\/\/www.acquavici.com.br\/en\/wp-json\/wp\/v2\/product_brand?post=448"},{"taxonomy":"product_cat","embeddable":true,"href":"https:\/\/www.acquavici.com.br\/en\/wp-json\/wp\/v2\/product_cat?post=448"},{"taxonomy":"product_tag","embeddable":true,"href":"https:\/\/www.acquavici.com.br\/en\/wp-json\/wp\/v2\/product_tag?post=448"}],"curies":[{"name":"wp","href":"https:\/\/api.w.org\/{rel}","templated":true}]}}