{"id":449,"date":"2024-04-17T10:49:50","date_gmt":"2024-04-17T13:49:50","guid":{"rendered":"https:\/\/www.acquavici.com.br\/?post_type=product&#038;p=449"},"modified":"2024-04-17T10:50:36","modified_gmt":"2024-04-17T13:50:36","slug":"jogo-de-helices-3-pas-ventilador-de-teto-ventisol-fenix","status":"publish","type":"product","link":"https:\/\/www.acquavici.com.br\/en\/jogo-de-helices-3-pas-ventilador-de-teto-ventisol-fenix\/","title":{"rendered":"Jogo De H\u00e9lices 3 P\u00e1s Ventilador De Teto Ventisol Fenix"},"content":{"rendered":"<p>Com garra integrada, mais facilidade na instala\u00e7\u00e3o<\/p>\n<p>Usado nos ventiladores Sunny e Fenix<br \/>\nCor branca<br \/>\nP\u00e1s em pl\u00e1stico<br \/>\nCom garra integrada<br \/>\nDimens\u00f5es 40 cm x 14,5 cm<br \/>\nN\u00e3o acompanha os parafusos<\/p>\n<p>P\u00e1s em pl\u00e1stico, leves e aumentam a vida \u00fatil do motor.<\/p>","protected":false},"excerpt":{"rendered":"<p>Com garra integrada, mais facilidade na instala\u00e7\u00e3o Usado nos ventiladores Sunny e Fenix Cor branca P\u00e1s em pl\u00e1stico Com garra integrada Dimens\u00f5es 40 cm x 14,5 cm N\u00e3o acompanha os parafusos P\u00e1s em pl\u00e1stico, leves e aumentam a vida \u00fatil do motor.<\/p>","protected":false},"featured_media":538,"comment_status":"open","ping_status":"closed","template":"","meta":[],"product_brand":[],"product_cat":[20],"product_tag":[],"class_list":{"0":"post-449","1":"product","2":"type-product","3":"status-publish","4":"has-post-thumbnail","6":"product_cat-ventilador-de-teto","8":"first","9":"instock","10":"shipping-taxable","11":"purchasable","12":"product-type-simple"},"_links":{"self":[{"href":"https:\/\/www.acquavici.com.br\/en\/wp-json\/wp\/v2\/product\/449","targetHints":{"allow":["GET"]}}],"collection":[{"href":"https:\/\/www.acquavici.com.br\/en\/wp-json\/wp\/v2\/product"}],"about":[{"href":"https:\/\/www.acquavici.com.br\/en\/wp-json\/wp\/v2\/types\/product"}],"replies":[{"embeddable":true,"href":"https:\/\/www.acquavici.com.br\/en\/wp-json\/wp\/v2\/comments?post=449"}],"wp:featuredmedia":[{"embeddable":true,"href":"https:\/\/www.acquavici.com.br\/en\/wp-json\/wp\/v2\/media\/538"}],"wp:attachment":[{"href":"https:\/\/www.acquavici.com.br\/en\/wp-json\/wp\/v2\/media?parent=449"}],"wp:term":[{"taxonomy":"product_brand","embeddable":true,"href":"https:\/\/www.acquavici.com.br\/en\/wp-json\/wp\/v2\/product_brand?post=449"},{"taxonomy":"product_cat","embeddable":true,"href":"https:\/\/www.acquavici.com.br\/en\/wp-json\/wp\/v2\/product_cat?post=449"},{"taxonomy":"product_tag","embeddable":true,"href":"https:\/\/www.acquavici.com.br\/en\/wp-json\/wp\/v2\/product_tag?post=449"}],"curies":[{"name":"wp","href":"https:\/\/api.w.org\/{rel}","templated":true}]}}