{"id":481,"date":"2024-04-17T10:50:10","date_gmt":"2024-04-17T13:50:10","guid":{"rendered":"https:\/\/www.acquavici.com.br\/?post_type=product&#038;p=481"},"modified":"2024-04-17T10:50:38","modified_gmt":"2024-04-17T13:50:38","slug":"torneira-para-jardim-cromada","status":"publish","type":"product","link":"https:\/\/www.acquavici.com.br\/en\/torneira-para-jardim-cromada\/","title":{"rendered":"Torneira para Jardim Cromada"},"content":{"rendered":"<p>Torneira para instala\u00e7\u00e3o em PAREDE!<\/p>\n<p>A TORNEIRA DE TANQUE \/ JARDIM METAL ALAVANCA C-31 COM 1\/4 DE VOLTA<br \/>\n\u00e9 uma excelente escolha para sua Lavanderia, pode ser utilizada em Tanque de Lavar Roupa, em seu Jardim, \u00c1rea de Servi\u00e7o, Quintal, Lavanderia, etc.<\/p>\n<p>Produzida em Metal tem \u00f3tima durabilidade e um perfeito acabamento Cromado deixando o ambiente muito mais bonito.<\/p>\n<p>Seu acionamento em alavanca combinado ao mecanismo 1\/4 de volta \u00e9 muito eficaz e de simples manejo al\u00e9m de proporcionar grande economia de \u00e1gua se tornando uma bela op\u00e7\u00e3o de compra. O mecanismo 1\/4 de volta \u00e9 o que h\u00e1 de mais moderno em mecanismo para torneiras, sendo o que mais tem vida \u00fatil e o que menos apresenta defeitos ao decorrer do uso, economiza \u00e1gua tr\u00e1s conforto e praticidade.<\/p>\n<p>Itens inclusos:<br \/>\n1 Torneira para Jardim Cromada;<br \/>\n1 Manual de Instru\u00e7\u00f5es;<\/p>\n<p>ATEN\u00c7\u00c3O<br \/>\nEnviado com Nota Fiscal.<\/p>\n<p>SOMOS ASSIST\u00caNCIA T\u00c9CNICA AUTORIZADA.<\/p>","protected":false},"excerpt":{"rendered":"<p>Torneira para instala\u00e7\u00e3o em PAREDE! A TORNEIRA DE TANQUE \/ JARDIM METAL ALAVANCA C-31 COM 1\/4 DE VOLTA \u00e9 uma excelente escolha para sua Lavanderia, pode ser utilizada em Tanque de Lavar Roupa, em seu Jardim, \u00c1rea de Servi\u00e7o, Quintal, Lavanderia, etc. Produzida em Metal tem \u00f3tima durabilidade e um perfeito acabamento Cromado deixando o [&hellip;]<\/p>","protected":false},"featured_media":543,"comment_status":"open","ping_status":"closed","template":"","meta":[],"product_brand":[],"product_cat":[17],"product_tag":[],"class_list":{"0":"post-481","1":"product","2":"type-product","3":"status-publish","4":"has-post-thumbnail","6":"product_cat-pecas-em-geral","8":"first","9":"instock","10":"shipping-taxable","11":"purchasable","12":"product-type-simple"},"_links":{"self":[{"href":"https:\/\/www.acquavici.com.br\/en\/wp-json\/wp\/v2\/product\/481","targetHints":{"allow":["GET"]}}],"collection":[{"href":"https:\/\/www.acquavici.com.br\/en\/wp-json\/wp\/v2\/product"}],"about":[{"href":"https:\/\/www.acquavici.com.br\/en\/wp-json\/wp\/v2\/types\/product"}],"replies":[{"embeddable":true,"href":"https:\/\/www.acquavici.com.br\/en\/wp-json\/wp\/v2\/comments?post=481"}],"wp:featuredmedia":[{"embeddable":true,"href":"https:\/\/www.acquavici.com.br\/en\/wp-json\/wp\/v2\/media\/543"}],"wp:attachment":[{"href":"https:\/\/www.acquavici.com.br\/en\/wp-json\/wp\/v2\/media?parent=481"}],"wp:term":[{"taxonomy":"product_brand","embeddable":true,"href":"https:\/\/www.acquavici.com.br\/en\/wp-json\/wp\/v2\/product_brand?post=481"},{"taxonomy":"product_cat","embeddable":true,"href":"https:\/\/www.acquavici.com.br\/en\/wp-json\/wp\/v2\/product_cat?post=481"},{"taxonomy":"product_tag","embeddable":true,"href":"https:\/\/www.acquavici.com.br\/en\/wp-json\/wp\/v2\/product_tag?post=481"}],"curies":[{"name":"wp","href":"https:\/\/api.w.org\/{rel}","templated":true}]}}