{"id":484,"date":"2024-04-17T10:50:11","date_gmt":"2024-04-17T13:50:11","guid":{"rendered":"https:\/\/www.acquavici.com.br\/?post_type=product&#038;p=484"},"modified":"2025-08-12T15:52:18","modified_gmt":"2025-08-12T18:52:18","slug":"resistencia-para-aquecedor-central-cardal-8-200w-220v-re-131-2","status":"publish","type":"product","link":"https:\/\/www.acquavici.com.br\/en\/resistencia-para-aquecedor-central-cardal-8-200w-220v-re-131-2\/","title":{"rendered":"Resist\u00eancia Para Aquecedor Central Cardal 8.200w 220v RE-131\/2"},"content":{"rendered":"<p>Resist\u00eancia para Aquecedor Central Cardal 8.200W 220V<\/p>\n<p>Descri\u00e7\u00e3o e informa\u00e7\u00f5es t\u00e9cnicas:<br \/>\nMarca: Cardal<br \/>\nModelo: Resist\u00eancia para Aquecedor Central (RE-131\/2)<br \/>\nPot\u00eancia: 8.200W<br \/>\nTens\u00e3o: 220V<br \/>\nFia\u00e7\u00e3o M\u00ednima: 10mm\u00b2<br \/>\nDisjuntor: 50 A<\/p>\n<p>Essa resist\u00eancia \u00e9 compat\u00edvel com:<br \/>\nAquecedor Central 4T<br \/>\nAquecedor Central Flex 8T<br \/>\nAquecedor Central Flex Digital<\/p>\n<p>Itens inclusos:<br \/>\n01 Resist\u00eancia Para Aquecedor Central Cardal 8.200w 220v RE-131\/2;<br \/>\n01 Manual de Instru\u00e7\u00f5es.<\/p>\n<p>ATEN\u00c7\u00c3O<br \/>\nEnviado com Nota Fiscal<\/p>\n<p>SOMOS ASSIST\u00caNCIA T\u00c9CNICA AUTORIZADA CARDAL.<\/p>","protected":false},"excerpt":{"rendered":"<p>Resist\u00eancia para Aquecedor Central Cardal 8.200W 220V Descri\u00e7\u00e3o e informa\u00e7\u00f5es t\u00e9cnicas: Marca: Cardal Modelo: Resist\u00eancia para Aquecedor Central (RE-131\/2) Pot\u00eancia: 8.200W Tens\u00e3o: 220V Fia\u00e7\u00e3o M\u00ednima: 10mm\u00b2 Disjuntor: 50 A Essa resist\u00eancia \u00e9 compat\u00edvel com: Aquecedor Central 4T Aquecedor Central Flex 8T Aquecedor Central Flex Digital Itens inclusos: 01 Resist\u00eancia Para Aquecedor Central Cardal 8.200w 220v [&hellip;]<\/p>","protected":false},"featured_media":548,"comment_status":"open","ping_status":"closed","template":"","meta":[],"product_brand":[],"product_cat":[17],"product_tag":[],"class_list":{"0":"post-484","1":"product","2":"type-product","3":"status-publish","4":"has-post-thumbnail","6":"product_cat-pecas-em-geral","8":"first","9":"instock","10":"shipping-taxable","11":"purchasable","12":"product-type-simple"},"_links":{"self":[{"href":"https:\/\/www.acquavici.com.br\/en\/wp-json\/wp\/v2\/product\/484","targetHints":{"allow":["GET"]}}],"collection":[{"href":"https:\/\/www.acquavici.com.br\/en\/wp-json\/wp\/v2\/product"}],"about":[{"href":"https:\/\/www.acquavici.com.br\/en\/wp-json\/wp\/v2\/types\/product"}],"replies":[{"embeddable":true,"href":"https:\/\/www.acquavici.com.br\/en\/wp-json\/wp\/v2\/comments?post=484"}],"wp:featuredmedia":[{"embeddable":true,"href":"https:\/\/www.acquavici.com.br\/en\/wp-json\/wp\/v2\/media\/548"}],"wp:attachment":[{"href":"https:\/\/www.acquavici.com.br\/en\/wp-json\/wp\/v2\/media?parent=484"}],"wp:term":[{"taxonomy":"product_brand","embeddable":true,"href":"https:\/\/www.acquavici.com.br\/en\/wp-json\/wp\/v2\/product_brand?post=484"},{"taxonomy":"product_cat","embeddable":true,"href":"https:\/\/www.acquavici.com.br\/en\/wp-json\/wp\/v2\/product_cat?post=484"},{"taxonomy":"product_tag","embeddable":true,"href":"https:\/\/www.acquavici.com.br\/en\/wp-json\/wp\/v2\/product_tag?post=484"}],"curies":[{"name":"wp","href":"https:\/\/api.w.org\/{rel}","templated":true}]}}