{"id":485,"date":"2024-04-17T10:50:11","date_gmt":"2024-04-17T13:50:11","guid":{"rendered":"https:\/\/www.acquavici.com.br\/?post_type=product&#038;p=485"},"modified":"2024-04-17T10:50:41","modified_gmt":"2024-04-17T13:50:41","slug":"vela-para-copo-de-filtro-plastico-e-carvao-ativado-markemis","status":"publish","type":"product","link":"https:\/\/www.acquavici.com.br\/en\/vela-para-copo-de-filtro-plastico-e-carvao-ativado-markemis\/","title":{"rendered":"Vela para Copo de Filtro &#8211; Pl\u00e1stico e Carv\u00e3o ativado &#8211; Markemis"},"content":{"rendered":"<p>Utiliza\u00e7\u00e3o universal em Filtros, Torneiras e Purificadores.<\/p>\n<p>Filtro contem 3 est\u00e1gios;<\/p>\n<p>Elimina o excesso de cloro, gostos e odores desagrad\u00e1vel.<\/p>\n<p>Contem Carv\u00e3o Ativo.<\/p>\n<p>Elimina as Part\u00edculas S\u00f3lidas como Barro, Limo e Ferrugem.<\/p>","protected":false},"excerpt":{"rendered":"<p>Utiliza\u00e7\u00e3o universal em Filtros, Torneiras e Purificadores. Filtro contem 3 est\u00e1gios; Elimina o excesso de cloro, gostos e odores desagrad\u00e1vel. Contem Carv\u00e3o Ativo. Elimina as Part\u00edculas S\u00f3lidas como Barro, Limo e Ferrugem.<\/p>","protected":false},"featured_media":549,"comment_status":"open","ping_status":"closed","template":"","meta":[],"product_brand":[],"product_cat":[17],"product_tag":[],"class_list":{"0":"post-485","1":"product","2":"type-product","3":"status-publish","4":"has-post-thumbnail","6":"product_cat-pecas-em-geral","8":"first","9":"instock","10":"shipping-taxable","11":"purchasable","12":"product-type-simple"},"_links":{"self":[{"href":"https:\/\/www.acquavici.com.br\/en\/wp-json\/wp\/v2\/product\/485","targetHints":{"allow":["GET"]}}],"collection":[{"href":"https:\/\/www.acquavici.com.br\/en\/wp-json\/wp\/v2\/product"}],"about":[{"href":"https:\/\/www.acquavici.com.br\/en\/wp-json\/wp\/v2\/types\/product"}],"replies":[{"embeddable":true,"href":"https:\/\/www.acquavici.com.br\/en\/wp-json\/wp\/v2\/comments?post=485"}],"wp:featuredmedia":[{"embeddable":true,"href":"https:\/\/www.acquavici.com.br\/en\/wp-json\/wp\/v2\/media\/549"}],"wp:attachment":[{"href":"https:\/\/www.acquavici.com.br\/en\/wp-json\/wp\/v2\/media?parent=485"}],"wp:term":[{"taxonomy":"product_brand","embeddable":true,"href":"https:\/\/www.acquavici.com.br\/en\/wp-json\/wp\/v2\/product_brand?post=485"},{"taxonomy":"product_cat","embeddable":true,"href":"https:\/\/www.acquavici.com.br\/en\/wp-json\/wp\/v2\/product_cat?post=485"},{"taxonomy":"product_tag","embeddable":true,"href":"https:\/\/www.acquavici.com.br\/en\/wp-json\/wp\/v2\/product_tag?post=485"}],"curies":[{"name":"wp","href":"https:\/\/api.w.org\/{rel}","templated":true}]}}