{"id":489,"date":"2024-04-17T10:50:11","date_gmt":"2024-04-17T13:50:11","guid":{"rendered":"https:\/\/www.acquavici.com.br\/?post_type=product&#038;p=489"},"modified":"2024-04-17T10:50:44","modified_gmt":"2024-04-17T13:50:44","slug":"copo-de-filtro-cromado-plastico-de-engenharia-e-carvao-ativado-markemis","status":"publish","type":"product","link":"https:\/\/www.acquavici.com.br\/en\/copo-de-filtro-cromado-plastico-de-engenharia-e-carvao-ativado-markemis\/","title":{"rendered":"Copo de Filtro Cromado \u2013 Pl\u00e1stico de Engenharia e Carv\u00e3o ativado \u2013 Markemis"},"content":{"rendered":"<p>Acompanha vela de carv\u00e3o ativado.<\/p>\n<p>Com selo do Inmetro.<\/p>\n<p>Produto dentro das normas NBR 16098 da ABNT e portarias 334\/394 para os requisitos m\u00ednimos e os m\u00e9todos de ensaios para os aparelhos para a melhoria da qualidade da \u00e1gua pot\u00e1vel, de acordo com a legisla\u00e7\u00e3o em vigor, para consumo humano.<\/p>\n<p>Encaixe universal em qualquer filtro.<\/p>","protected":false},"excerpt":{"rendered":"<p>Acompanha vela de carv\u00e3o ativado. Com selo do Inmetro. Produto dentro das normas NBR 16098 da ABNT e portarias 334\/394 para os requisitos m\u00ednimos e os m\u00e9todos de ensaios para os aparelhos para a melhoria da qualidade da \u00e1gua pot\u00e1vel, de acordo com a legisla\u00e7\u00e3o em vigor, para consumo humano. Encaixe universal em qualquer filtro.<\/p>","protected":false},"featured_media":555,"comment_status":"open","ping_status":"closed","template":"","meta":[],"product_brand":[],"product_cat":[17],"product_tag":[],"class_list":{"0":"post-489","1":"product","2":"type-product","3":"status-publish","4":"has-post-thumbnail","6":"product_cat-pecas-em-geral","8":"first","9":"instock","10":"shipping-taxable","11":"purchasable","12":"product-type-simple"},"_links":{"self":[{"href":"https:\/\/www.acquavici.com.br\/en\/wp-json\/wp\/v2\/product\/489","targetHints":{"allow":["GET"]}}],"collection":[{"href":"https:\/\/www.acquavici.com.br\/en\/wp-json\/wp\/v2\/product"}],"about":[{"href":"https:\/\/www.acquavici.com.br\/en\/wp-json\/wp\/v2\/types\/product"}],"replies":[{"embeddable":true,"href":"https:\/\/www.acquavici.com.br\/en\/wp-json\/wp\/v2\/comments?post=489"}],"wp:featuredmedia":[{"embeddable":true,"href":"https:\/\/www.acquavici.com.br\/en\/wp-json\/wp\/v2\/media\/555"}],"wp:attachment":[{"href":"https:\/\/www.acquavici.com.br\/en\/wp-json\/wp\/v2\/media?parent=489"}],"wp:term":[{"taxonomy":"product_brand","embeddable":true,"href":"https:\/\/www.acquavici.com.br\/en\/wp-json\/wp\/v2\/product_brand?post=489"},{"taxonomy":"product_cat","embeddable":true,"href":"https:\/\/www.acquavici.com.br\/en\/wp-json\/wp\/v2\/product_cat?post=489"},{"taxonomy":"product_tag","embeddable":true,"href":"https:\/\/www.acquavici.com.br\/en\/wp-json\/wp\/v2\/product_tag?post=489"}],"curies":[{"name":"wp","href":"https:\/\/api.w.org\/{rel}","templated":true}]}}