{"id":490,"date":"2024-04-17T10:50:11","date_gmt":"2024-04-17T13:50:11","guid":{"rendered":"https:\/\/www.acquavici.com.br\/?post_type=product&#038;p=490"},"modified":"2024-04-17T10:50:45","modified_gmt":"2024-04-17T13:50:45","slug":"cobertura-borracha-nitrilica-p-resistencia-aquecedor-cardal-ps-090","status":"publish","type":"product","link":"https:\/\/www.acquavici.com.br\/en\/cobertura-borracha-nitrilica-p-resistencia-aquecedor-cardal-ps-090\/","title":{"rendered":"Cobertura Borracha Nitr\u00edlica P\/ Resist\u00eancia Aquecedor Cardal PS 090"},"content":{"rendered":"<p>Cobertura Borracha Nitr\u00edlica p\/ Resist\u00eancia Aquecedor Cardal Ps 090<\/p>\n<p>POR SE TRATAR DE PE\u00c7A DE REPOSI\u00c7\u00c3O DESTINADA A ASSIST\u00caNCIA T\u00c9CNICA, A MESMA N\u00c3O ACOMPANHA EMBALAGEM COM DESCRI\u00c7\u00c3O E MANUAL DE INSTALA\u00c7\u00c3O.<\/p>\n<p>SOMOS ASSIST\u00caNCIA T\u00c9CNICA AUTORIZADA CARDAL<\/p>","protected":false},"excerpt":{"rendered":"<p>Cobertura Borracha Nitr\u00edlica p\/ Resist\u00eancia Aquecedor Cardal Ps 090 POR SE TRATAR DE PE\u00c7A DE REPOSI\u00c7\u00c3O DESTINADA A ASSIST\u00caNCIA T\u00c9CNICA, A MESMA N\u00c3O ACOMPANHA EMBALAGEM COM DESCRI\u00c7\u00c3O E MANUAL DE INSTALA\u00c7\u00c3O. SOMOS ASSIST\u00caNCIA T\u00c9CNICA AUTORIZADA CARDAL<\/p>","protected":false},"featured_media":557,"comment_status":"open","ping_status":"closed","template":"","meta":[],"product_brand":[],"product_cat":[17],"product_tag":[],"class_list":{"0":"post-490","1":"product","2":"type-product","3":"status-publish","4":"has-post-thumbnail","6":"product_cat-pecas-em-geral","8":"first","9":"instock","10":"shipping-taxable","11":"purchasable","12":"product-type-simple"},"_links":{"self":[{"href":"https:\/\/www.acquavici.com.br\/en\/wp-json\/wp\/v2\/product\/490","targetHints":{"allow":["GET"]}}],"collection":[{"href":"https:\/\/www.acquavici.com.br\/en\/wp-json\/wp\/v2\/product"}],"about":[{"href":"https:\/\/www.acquavici.com.br\/en\/wp-json\/wp\/v2\/types\/product"}],"replies":[{"embeddable":true,"href":"https:\/\/www.acquavici.com.br\/en\/wp-json\/wp\/v2\/comments?post=490"}],"wp:featuredmedia":[{"embeddable":true,"href":"https:\/\/www.acquavici.com.br\/en\/wp-json\/wp\/v2\/media\/557"}],"wp:attachment":[{"href":"https:\/\/www.acquavici.com.br\/en\/wp-json\/wp\/v2\/media?parent=490"}],"wp:term":[{"taxonomy":"product_brand","embeddable":true,"href":"https:\/\/www.acquavici.com.br\/en\/wp-json\/wp\/v2\/product_brand?post=490"},{"taxonomy":"product_cat","embeddable":true,"href":"https:\/\/www.acquavici.com.br\/en\/wp-json\/wp\/v2\/product_cat?post=490"},{"taxonomy":"product_tag","embeddable":true,"href":"https:\/\/www.acquavici.com.br\/en\/wp-json\/wp\/v2\/product_tag?post=490"}],"curies":[{"name":"wp","href":"https:\/\/api.w.org\/{rel}","templated":true}]}}